{"id":10665,"date":"2025-10-09T00:00:00","date_gmt":"2025-10-08T22:00:00","guid":{"rendered":"https:\/\/yotavis.ch\/product\/it6012b-800-40\/"},"modified":"2026-03-02T16:38:31","modified_gmt":"2026-03-02T15:38:31","slug":"it6012b-800-40","status":"publish","type":"product","link":"https:\/\/yotavis.ch\/fr\/produit\/it6012b-800-40\/","title":{"rendered":"IT6012B-800-40"},"content":{"rendered":"<p>L'ITECH IT6012B-800-40 est une source de courant continu con\u00e7ue pour les applications de puissance. Dot\u00e9 d'une sortie unique, l'appareil d\u00e9livre jusqu'\u00e0 800 volts et 40 amp\u00e8res avec une puissance maximale de 12 000 watts. L'appareil comprend des capacit\u00e9s de contr\u00f4le pr\u00e9cises pour assurer des performances stables et fiables dans diverses conditions de charge. Il est id\u00e9al pour les environnements de test et de d\u00e9veloppement n\u00e9cessitant une alimentation en courant continu constante. Ses caract\u00e9ristiques avanc\u00e9es permettent un fonctionnement efficace et une int\u00e9gration dans des syst\u00e8mes complexes.<\/p>","protected":false},"excerpt":{"rendered":"<p>Syst\u00e8me d'alimentation CC r\u00e9g\u00e9n\u00e9ratif 800V\/40A\/12kW, 3U<\/p>","protected":false},"featured_media":11261,"comment_status":"closed","ping_status":"closed","template":"","meta":{"_acf_changed":false,"slim_seo":{"title":"IT6012B-800-40 - YOTAVIS AG","description":"Syst\u00e8me d'alimentation CC r\u00e9g\u00e9n\u00e9ratif 800V\/40A\/12kW, 3U"}},"product_brand":[822],"product_cat":[516,515],"product_tag":[],"class_list":{"0":"post-10665","1":"product","2":"type-product","3":"status-publish","4":"has-post-thumbnail","6":"product_brand-itech","7":"product_cat-dc-source-en","8":"product_cat-power-en","9":"pa_current-a-550","10":"pa_output-number-146","11":"pa_power-w-628","12":"pa_voltage-v-319","14":"first","15":"instock","16":"taxable","17":"shipping-taxable","18":"product-type-simple"},"acf":[],"_links":{"self":[{"href":"https:\/\/yotavis.ch\/fr\/wp-json\/wp\/v2\/product\/10665","targetHints":{"allow":["GET"]}}],"collection":[{"href":"https:\/\/yotavis.ch\/fr\/wp-json\/wp\/v2\/product"}],"about":[{"href":"https:\/\/yotavis.ch\/fr\/wp-json\/wp\/v2\/types\/product"}],"replies":[{"embeddable":true,"href":"https:\/\/yotavis.ch\/fr\/wp-json\/wp\/v2\/comments?post=10665"}],"wp:featuredmedia":[{"embeddable":true,"href":"https:\/\/yotavis.ch\/fr\/wp-json\/wp\/v2\/media\/11261"}],"wp:attachment":[{"href":"https:\/\/yotavis.ch\/fr\/wp-json\/wp\/v2\/media?parent=10665"}],"wp:term":[{"taxonomy":"product_brand","embeddable":true,"href":"https:\/\/yotavis.ch\/fr\/wp-json\/wp\/v2\/product_brand?post=10665"},{"taxonomy":"product_cat","embeddable":true,"href":"https:\/\/yotavis.ch\/fr\/wp-json\/wp\/v2\/product_cat?post=10665"},{"taxonomy":"product_tag","embeddable":true,"href":"https:\/\/yotavis.ch\/fr\/wp-json\/wp\/v2\/product_tag?post=10665"}],"curies":[{"name":"wp","href":"https:\/\/api.w.org\/{rel}","templated":true}]}}