{"id":10666,"date":"2025-10-09T00:00:00","date_gmt":"2025-10-08T22:00:00","guid":{"rendered":"https:\/\/yotavis.ch\/product\/it6018b-800-60\/"},"modified":"2026-03-02T16:38:31","modified_gmt":"2026-03-02T15:38:31","slug":"it6018b-800-60","status":"publish","type":"product","link":"https:\/\/yotavis.ch\/fr\/produit\/it6018b-800-60\/","title":{"rendered":"IT6018B-800-60"},"content":{"rendered":"<p>L'ITECH IT6018B-800-60 est un appareil de puissance con\u00e7u comme une source de courant continu. Dot\u00e9 d'une sortie unique, il d\u00e9livre jusqu'\u00e0 800 volts et 60 amp\u00e8res avec une capacit\u00e9 de puissance de 18 000 watts. L'appareil comprend un contr\u00f4le pr\u00e9cis de la tension et du courant, ce qui le rend adapt\u00e9 \u00e0 diverses applications industrielles et de test. Id\u00e9al pour les environnements n\u00e9cessitant une alimentation en courant continu stable et fiable, il supporte des conditions op\u00e9rationnelles exigeantes. Ses caract\u00e9ristiques avanc\u00e9es garantissent des performances constantes et une gestion efficace de l'\u00e9nergie.<\/p>","protected":false},"excerpt":{"rendered":"<p>Syst\u00e8me d'alimentation CC r\u00e9g\u00e9n\u00e9ratif 800V\/60A\/18kW, 3U<\/p>","protected":false},"featured_media":11261,"comment_status":"closed","ping_status":"closed","template":"","meta":{"_acf_changed":false,"slim_seo":{"title":"IT6018B-800-60 - YOTAVIS AG","description":"Syst\u00e8me d'alimentation CC r\u00e9g\u00e9n\u00e9ratif 800V\/60A\/18kW, 3U"}},"product_brand":[822],"product_cat":[516,515],"product_tag":[],"class_list":{"0":"post-10666","1":"product","2":"type-product","3":"status-publish","4":"has-post-thumbnail","6":"product_brand-itech","7":"product_cat-dc-source-en","8":"product_cat-power-en","9":"pa_current-a-406","10":"pa_output-number-146","11":"pa_power-w-629","12":"pa_voltage-v-319","14":"first","15":"instock","16":"taxable","17":"shipping-taxable","18":"product-type-simple"},"acf":[],"_links":{"self":[{"href":"https:\/\/yotavis.ch\/fr\/wp-json\/wp\/v2\/product\/10666","targetHints":{"allow":["GET"]}}],"collection":[{"href":"https:\/\/yotavis.ch\/fr\/wp-json\/wp\/v2\/product"}],"about":[{"href":"https:\/\/yotavis.ch\/fr\/wp-json\/wp\/v2\/types\/product"}],"replies":[{"embeddable":true,"href":"https:\/\/yotavis.ch\/fr\/wp-json\/wp\/v2\/comments?post=10666"}],"wp:featuredmedia":[{"embeddable":true,"href":"https:\/\/yotavis.ch\/fr\/wp-json\/wp\/v2\/media\/11261"}],"wp:attachment":[{"href":"https:\/\/yotavis.ch\/fr\/wp-json\/wp\/v2\/media?parent=10666"}],"wp:term":[{"taxonomy":"product_brand","embeddable":true,"href":"https:\/\/yotavis.ch\/fr\/wp-json\/wp\/v2\/product_brand?post=10666"},{"taxonomy":"product_cat","embeddable":true,"href":"https:\/\/yotavis.ch\/fr\/wp-json\/wp\/v2\/product_cat?post=10666"},{"taxonomy":"product_tag","embeddable":true,"href":"https:\/\/yotavis.ch\/fr\/wp-json\/wp\/v2\/product_tag?post=10666"}],"curies":[{"name":"wp","href":"https:\/\/api.w.org\/{rel}","templated":true}]}}