{"id":10670,"date":"2025-10-09T00:00:00","date_gmt":"2025-10-08T22:00:00","guid":{"rendered":"https:\/\/yotavis.ch\/product\/it6018b-800-75\/"},"modified":"2026-04-24T13:44:05","modified_gmt":"2026-04-24T11:44:05","slug":"it6018b-800-75","status":"publish","type":"product","link":"https:\/\/yotavis.ch\/fr\/produit\/it6018b-800-75\/","title":{"rendered":"IT6018B-800-75"},"content":{"rendered":"<p>L'ITECH IT6018B-800-75 est un syst\u00e8me de puissance DC r\u00e9g\u00e9n\u00e9ratif con\u00e7u pour d\u00e9livrer une puissance de 18 000 watts. Il fonctionne \u00e0 une tension de 800 volts et un courant de 75 amp\u00e8res, ce qui le rend adapt\u00e9 aux applications n\u00e9cessitant une puissance et une efficacit\u00e9 \u00e9lev\u00e9es. Ce mod\u00e8le dispose d'un seul canal de sortie et est log\u00e9 dans un bo\u00eetier compact de 3U, ce qui permet une utilisation efficace de l'espace dans diverses configurations. La capacit\u00e9 de commande \u00e0 distance est incluse, ce qui permet aux utilisateurs de faire fonctionner le syst\u00e8me \u00e0 distance. Le syst\u00e8me est con\u00e7u pour prendre en charge la fonctionnalit\u00e9 de r\u00e9g\u00e9n\u00e9ration, qui permet d'am\u00e9liorer l'efficacit\u00e9 \u00e9nerg\u00e9tique en r\u00e9injectant l'\u00e9nergie dans la source. Avec ses sp\u00e9cifications robustes, l'IT6018B-800-75 est con\u00e7u pour r\u00e9pondre aux exigences de puissance tout en maintenant un contr\u00f4le pr\u00e9cis sur les param\u00e8tres de tension et de courant. Ce syst\u00e8me de puissance fait partie de la gamme de produits d'ITECH, connue pour ses \u00e9quipements \u00e9lectriques fiables et performants.<\/p>","protected":false},"excerpt":{"rendered":"<p>Syst\u00e8me d'alimentation CC r\u00e9g\u00e9n\u00e9ratif 800V\/75A\/18kW, 3U<\/p>","protected":false},"featured_media":11261,"comment_status":"closed","ping_status":"closed","template":"","meta":{"_acf_changed":false,"slim_seo":{"title":"IT6018B-800-75 - YOTAVIS AG","description":"Syst\u00e8me d'alimentation CC r\u00e9g\u00e9n\u00e9ratif 800V\/75A\/18kW, 3U"}},"product_brand":[822],"product_cat":[516,515],"product_tag":[],"class_list":{"0":"post-10670","1":"product","2":"type-product","3":"status-publish","4":"has-post-thumbnail","6":"product_brand-itech","7":"product_cat-dc-source-en","8":"product_cat-power-en","9":"pa_current-a-566","10":"pa_output-number-146","11":"pa_power-w-629","12":"pa_remote-control-yes","13":"pa_voltage-v-319","15":"first","16":"instock","17":"taxable","18":"shipping-taxable","19":"product-type-simple"},"acf":[],"_links":{"self":[{"href":"https:\/\/yotavis.ch\/fr\/wp-json\/wp\/v2\/product\/10670","targetHints":{"allow":["GET"]}}],"collection":[{"href":"https:\/\/yotavis.ch\/fr\/wp-json\/wp\/v2\/product"}],"about":[{"href":"https:\/\/yotavis.ch\/fr\/wp-json\/wp\/v2\/types\/product"}],"replies":[{"embeddable":true,"href":"https:\/\/yotavis.ch\/fr\/wp-json\/wp\/v2\/comments?post=10670"}],"wp:featuredmedia":[{"embeddable":true,"href":"https:\/\/yotavis.ch\/fr\/wp-json\/wp\/v2\/media\/11261"}],"wp:attachment":[{"href":"https:\/\/yotavis.ch\/fr\/wp-json\/wp\/v2\/media?parent=10670"}],"wp:term":[{"taxonomy":"product_brand","embeddable":true,"href":"https:\/\/yotavis.ch\/fr\/wp-json\/wp\/v2\/product_brand?post=10670"},{"taxonomy":"product_cat","embeddable":true,"href":"https:\/\/yotavis.ch\/fr\/wp-json\/wp\/v2\/product_cat?post=10670"},{"taxonomy":"product_tag","embeddable":true,"href":"https:\/\/yotavis.ch\/fr\/wp-json\/wp\/v2\/product_tag?post=10670"}],"curies":[{"name":"wp","href":"https:\/\/api.w.org\/{rel}","templated":true}]}}