{"id":10672,"date":"2025-10-09T00:00:00","date_gmt":"2025-10-08T22:00:00","guid":{"rendered":"https:\/\/yotavis.ch\/product\/it6018b-1500-30\/"},"modified":"2026-03-02T16:38:25","modified_gmt":"2026-03-02T15:38:25","slug":"it6018b-1500-30","status":"publish","type":"product","link":"https:\/\/yotavis.ch\/fr\/produit\/it6018b-1500-30\/","title":{"rendered":"IT6018B-1500-30"},"content":{"rendered":"<p>L'IT6018B-1500-30 d'ITECH est une source de courant continu con\u00e7ue pour les applications de puissance. Dot\u00e9e d'une puissance de sortie maximale de 18 000 watts, elle d\u00e9livre jusqu'\u00e0 1 500 volts et 30 amp\u00e8res sur un seul canal de sortie. L'appareil comprend un contr\u00f4le pr\u00e9cis de la tension et du courant, ce qui garantit des performances stables et fiables pour les environnements de test exigeants. Id\u00e9al pour une utilisation industrielle et en laboratoire, il prend en charge une large gamme d'exigences en mati\u00e8re d'alimentation \u00e9lectrique. Ses fonctions avanc\u00e9es permettent une gestion efficace de l'\u00e9nergie et une simulation pr\u00e9cise des conditions r\u00e9elles.<\/p>","protected":false},"excerpt":{"rendered":"<p>Syst\u00e8me d'alimentation CC r\u00e9g\u00e9n\u00e9ratif 1500V\/30A\/18kW, 3U<\/p>","protected":false},"featured_media":11261,"comment_status":"closed","ping_status":"closed","template":"","meta":{"_acf_changed":false,"slim_seo":{"title":"IT6018B-1500-30 - YOTAVIS AG","description":"Syst\u00e8me d'alimentation CC r\u00e9g\u00e9n\u00e9ratif 1500V\/30A\/18kW, 3U"}},"product_brand":[822],"product_cat":[516,515],"product_tag":[],"class_list":{"0":"post-10672","1":"product","2":"type-product","3":"status-publish","4":"has-post-thumbnail","6":"product_brand-itech","7":"product_cat-dc-source-en","8":"product_cat-power-en","9":"pa_current-a-404","10":"pa_output-number-146","11":"pa_power-w-629","12":"pa_voltage-v-928","14":"first","15":"instock","16":"taxable","17":"shipping-taxable","18":"product-type-simple"},"acf":[],"_links":{"self":[{"href":"https:\/\/yotavis.ch\/fr\/wp-json\/wp\/v2\/product\/10672","targetHints":{"allow":["GET"]}}],"collection":[{"href":"https:\/\/yotavis.ch\/fr\/wp-json\/wp\/v2\/product"}],"about":[{"href":"https:\/\/yotavis.ch\/fr\/wp-json\/wp\/v2\/types\/product"}],"replies":[{"embeddable":true,"href":"https:\/\/yotavis.ch\/fr\/wp-json\/wp\/v2\/comments?post=10672"}],"wp:featuredmedia":[{"embeddable":true,"href":"https:\/\/yotavis.ch\/fr\/wp-json\/wp\/v2\/media\/11261"}],"wp:attachment":[{"href":"https:\/\/yotavis.ch\/fr\/wp-json\/wp\/v2\/media?parent=10672"}],"wp:term":[{"taxonomy":"product_brand","embeddable":true,"href":"https:\/\/yotavis.ch\/fr\/wp-json\/wp\/v2\/product_brand?post=10672"},{"taxonomy":"product_cat","embeddable":true,"href":"https:\/\/yotavis.ch\/fr\/wp-json\/wp\/v2\/product_cat?post=10672"},{"taxonomy":"product_tag","embeddable":true,"href":"https:\/\/yotavis.ch\/fr\/wp-json\/wp\/v2\/product_tag?post=10672"}],"curies":[{"name":"wp","href":"https:\/\/api.w.org\/{rel}","templated":true}]}}