{"id":10679,"date":"2025-10-09T00:00:00","date_gmt":"2025-10-08T22:00:00","guid":{"rendered":"https:\/\/yotavis.ch\/product\/it6018b-2250-25slave\/"},"modified":"2026-04-24T13:44:09","modified_gmt":"2026-04-24T11:44:09","slug":"it6018b-2250-25slave","status":"publish","type":"product","link":"https:\/\/yotavis.ch\/fr\/produit\/it6018b-2250-25slave\/","title":{"rendered":"IT6018B-2250-25Esclave"},"content":{"rendered":"<p>L'IT6018B-2250-25Slave est un syst\u00e8me d'alimentation en courant continu r\u00e9g\u00e9n\u00e9ratif con\u00e7u pour fournir une puissance de 144 000 watts. Il fonctionne \u00e0 une tension de 2250 volts et un courant de 200 amp\u00e8res, supportant une capacit\u00e9 de puissance maximale de 18 kW. Ce mod\u00e8le comporte un seul canal de sortie et est log\u00e9 dans un bo\u00eetier compact de 3U. Il est \u00e9quip\u00e9 de capacit\u00e9s de commande \u00e0 distance, ce qui permet un fonctionnement et une surveillance ais\u00e9s \u00e0 distance. Le syst\u00e8me porte la marque ITECH, connue pour ses solutions d'alimentation sp\u00e9cialis\u00e9es. L'appareil est identifi\u00e9 comme une unit\u00e9 SLAVE, indiquant son r\u00f4le dans une configuration de syst\u00e8me d'alimentation plus large. Ses sp\u00e9cifications le rendent adapt\u00e9 aux applications n\u00e9cessitant une tension et un courant \u00e9lev\u00e9s avec une fonctionnalit\u00e9 de r\u00e9g\u00e9n\u00e9ration.<\/p>","protected":false},"excerpt":{"rendered":"<p>2250V\/25A\/18kW Syst\u00e8me d'alimentation CC r\u00e9g\u00e9n\u00e9ratif, 3U, SLAVE<\/p>","protected":false},"featured_media":12289,"comment_status":"closed","ping_status":"closed","template":"","meta":{"_acf_changed":false,"slim_seo":{"title":"IT6018B-2250-25Slave - YOTAVIS AG","description":"2250V\/25A\/18kW Syst\u00e8me d'alimentation CC r\u00e9g\u00e9n\u00e9ratif, 3U, SLAVE"}},"product_brand":[822],"product_cat":[516,515],"product_tag":[],"class_list":{"0":"post-10679","1":"product","2":"type-product","3":"status-publish","4":"has-post-thumbnail","6":"product_brand-itech","7":"product_cat-dc-source-en","8":"product_cat-power-en","9":"pa_current-a-480","10":"pa_output-number-146","11":"pa_power-w-945","12":"pa_remote-control-yes","13":"pa_voltage-v-948","15":"first","16":"instock","17":"taxable","18":"shipping-taxable","19":"product-type-simple"},"acf":[],"_links":{"self":[{"href":"https:\/\/yotavis.ch\/fr\/wp-json\/wp\/v2\/product\/10679","targetHints":{"allow":["GET"]}}],"collection":[{"href":"https:\/\/yotavis.ch\/fr\/wp-json\/wp\/v2\/product"}],"about":[{"href":"https:\/\/yotavis.ch\/fr\/wp-json\/wp\/v2\/types\/product"}],"replies":[{"embeddable":true,"href":"https:\/\/yotavis.ch\/fr\/wp-json\/wp\/v2\/comments?post=10679"}],"wp:featuredmedia":[{"embeddable":true,"href":"https:\/\/yotavis.ch\/fr\/wp-json\/wp\/v2\/media\/12289"}],"wp:attachment":[{"href":"https:\/\/yotavis.ch\/fr\/wp-json\/wp\/v2\/media?parent=10679"}],"wp:term":[{"taxonomy":"product_brand","embeddable":true,"href":"https:\/\/yotavis.ch\/fr\/wp-json\/wp\/v2\/product_brand?post=10679"},{"taxonomy":"product_cat","embeddable":true,"href":"https:\/\/yotavis.ch\/fr\/wp-json\/wp\/v2\/product_cat?post=10679"},{"taxonomy":"product_tag","embeddable":true,"href":"https:\/\/yotavis.ch\/fr\/wp-json\/wp\/v2\/product_tag?post=10679"}],"curies":[{"name":"wp","href":"https:\/\/api.w.org\/{rel}","templated":true}]}}