{"id":10684,"date":"2025-10-09T00:00:00","date_gmt":"2025-10-08T22:00:00","guid":{"rendered":"https:\/\/yotavis.ch\/product\/it8005-80-150\/"},"modified":"2026-04-24T13:44:10","modified_gmt":"2026-04-24T11:44:10","slug":"it8005-80-150","status":"publish","type":"product","link":"https:\/\/yotavis.ch\/fr\/produit\/it8005-80-150\/","title":{"rendered":"IT8005-80-150"},"content":{"rendered":"<p>L'IT8005-80-150 est une charge \u00e9lectronique CC r\u00e9g\u00e9n\u00e9rative con\u00e7ue pour g\u00e9rer une tension maximale de 80 volts et un courant allant jusqu'\u00e0 150 amp\u00e8res, d\u00e9livrant une capacit\u00e9 de puissance de 5000 watts. Cet appareil est dot\u00e9 d'un seul canal de sortie, ce qui permet d'effectuer des tests de charge cibl\u00e9s et efficaces. Il est dot\u00e9 d'une fonction de commande \u00e0 distance, ce qui permet aux utilisateurs de faire fonctionner l'\u00e9quipement \u00e0 distance pour des raisons de commodit\u00e9 et de s\u00e9curit\u00e9. L'unit\u00e9 est log\u00e9e dans un facteur de forme 3U, qui est une taille standard pour les \u00e9quipements mont\u00e9s en rack, ce qui facilite l'int\u00e9gration dans les installations d'essai existantes. La capacit\u00e9 de r\u00e9g\u00e9n\u00e9ration de la charge signifie qu'elle peut r\u00e9injecter de l'\u00e9nergie dans la source d'alimentation, am\u00e9liorant ainsi l'efficacit\u00e9 \u00e9nerg\u00e9tique pendant les processus d'essai. La combinaison d'une tension, d'un courant et d'une puissance nominaux \u00e9lev\u00e9s rend cette charge \u00e9lectronique adapt\u00e9e \u00e0 une vari\u00e9t\u00e9 d'applications exigeantes o\u00f9 une simulation de charge pr\u00e9cise et fiable est n\u00e9cessaire. Sa conception et ses sp\u00e9cifications refl\u00e8tent un \u00e9quilibre entre les performances et la facilit\u00e9 d'utilisation dans les environnements professionnels.<\/p>","protected":false},"excerpt":{"rendered":"<p>E-LOAD DC r\u00e9g\u00e9n\u00e9ratif 80V\/150A\/5kW, 3U<\/p>","protected":false},"featured_media":11535,"comment_status":"closed","ping_status":"closed","template":"","meta":{"_acf_changed":false,"slim_seo":{"title":"IT8005-80-150 - YOTAVIS AG","description":"E-LOAD DC r\u00e9g\u00e9n\u00e9ratif 80V\/150A\/5kW, 3U"}},"product_brand":[822],"product_cat":[517,515],"product_tag":[],"class_list":{"0":"post-10684","1":"product","2":"type-product","3":"status-publish","4":"has-post-thumbnail","6":"product_brand-itech","7":"product_cat-dc-load-en","8":"product_cat-power-en","9":"pa_current-a-569","10":"pa_output-number-146","11":"pa_power-w-942","12":"pa_remote-control-yes","13":"pa_voltage-v-155","15":"first","16":"instock","17":"taxable","18":"shipping-taxable","19":"product-type-simple"},"acf":[],"_links":{"self":[{"href":"https:\/\/yotavis.ch\/fr\/wp-json\/wp\/v2\/product\/10684","targetHints":{"allow":["GET"]}}],"collection":[{"href":"https:\/\/yotavis.ch\/fr\/wp-json\/wp\/v2\/product"}],"about":[{"href":"https:\/\/yotavis.ch\/fr\/wp-json\/wp\/v2\/types\/product"}],"replies":[{"embeddable":true,"href":"https:\/\/yotavis.ch\/fr\/wp-json\/wp\/v2\/comments?post=10684"}],"wp:featuredmedia":[{"embeddable":true,"href":"https:\/\/yotavis.ch\/fr\/wp-json\/wp\/v2\/media\/11535"}],"wp:attachment":[{"href":"https:\/\/yotavis.ch\/fr\/wp-json\/wp\/v2\/media?parent=10684"}],"wp:term":[{"taxonomy":"product_brand","embeddable":true,"href":"https:\/\/yotavis.ch\/fr\/wp-json\/wp\/v2\/product_brand?post=10684"},{"taxonomy":"product_cat","embeddable":true,"href":"https:\/\/yotavis.ch\/fr\/wp-json\/wp\/v2\/product_cat?post=10684"},{"taxonomy":"product_tag","embeddable":true,"href":"https:\/\/yotavis.ch\/fr\/wp-json\/wp\/v2\/product_tag?post=10684"}],"curies":[{"name":"wp","href":"https:\/\/api.w.org\/{rel}","templated":true}]}}