{"id":10685,"date":"2025-10-09T00:00:00","date_gmt":"2025-10-08T22:00:00","guid":{"rendered":"https:\/\/yotavis.ch\/product\/it8010-80-300\/"},"modified":"2026-04-24T13:44:10","modified_gmt":"2026-04-24T11:44:10","slug":"it8010-80-300","status":"publish","type":"product","link":"https:\/\/yotavis.ch\/fr\/produit\/it8010-80-300\/","title":{"rendered":"IT8010-80-300"},"content":{"rendered":"<p>L'IT8010-80-300 est une charge \u00e9lectronique CC r\u00e9g\u00e9n\u00e9rative con\u00e7ue pour g\u00e9rer une tension maximale de 80 volts et un courant allant jusqu'\u00e0 300 amp\u00e8res, d\u00e9livrant une puissance de 10 000 watts. Cet appareil est dot\u00e9 d'un seul canal de sortie et prend en charge la fonctionnalit\u00e9 de commande \u00e0 distance, ce qui permet un fonctionnement pratique et une int\u00e9gration dans les syst\u00e8mes de test automatis\u00e9s. L'unit\u00e9 est log\u00e9e dans un facteur de forme 3U, ce qui permet de la monter en rack dans divers environnements d'essai. En tant que charge r\u00e9g\u00e9n\u00e9rative, elle est capable de r\u00e9injecter de l'\u00e9nergie dans la source d'alimentation, am\u00e9liorant ainsi l'efficacit\u00e9 \u00e9nerg\u00e9tique pendant les processus d'essai. Le produit est fabriqu\u00e9 par ITECH, une marque connue pour ses \u00e9quipements de test \u00e9lectroniques. L'IT8010-80-300 est con\u00e7u pour fournir des performances fiables pour les applications n\u00e9cessitant des tests de charge CC pr\u00e9cis avec des capacit\u00e9s de puissance et de courant \u00e9lev\u00e9es.<\/p>","protected":false},"excerpt":{"rendered":"<p>80V\/300A\/10kW R\u00e9g\u00e9n\u00e9rateur DC E-LOAD, 3U<\/p>","protected":false},"featured_media":11535,"comment_status":"closed","ping_status":"closed","template":"","meta":{"_acf_changed":false,"slim_seo":{"title":"IT8010-80-300 - YOTAVIS AG","description":"80V\/300A\/10kW R\u00e9g\u00e9n\u00e9rateur DC E-LOAD, 3U"}},"product_brand":[822],"product_cat":[517,515],"product_tag":[],"class_list":{"0":"post-10685","1":"product","2":"type-product","3":"status-publish","4":"has-post-thumbnail","6":"product_brand-itech","7":"product_cat-dc-load-en","8":"product_cat-power-en","9":"pa_current-a-636","10":"pa_output-number-146","11":"pa_power-w-940","12":"pa_remote-control-yes","13":"pa_voltage-v-155","15":"first","16":"instock","17":"taxable","18":"shipping-taxable","19":"product-type-simple"},"acf":[],"_links":{"self":[{"href":"https:\/\/yotavis.ch\/fr\/wp-json\/wp\/v2\/product\/10685","targetHints":{"allow":["GET"]}}],"collection":[{"href":"https:\/\/yotavis.ch\/fr\/wp-json\/wp\/v2\/product"}],"about":[{"href":"https:\/\/yotavis.ch\/fr\/wp-json\/wp\/v2\/types\/product"}],"replies":[{"embeddable":true,"href":"https:\/\/yotavis.ch\/fr\/wp-json\/wp\/v2\/comments?post=10685"}],"wp:featuredmedia":[{"embeddable":true,"href":"https:\/\/yotavis.ch\/fr\/wp-json\/wp\/v2\/media\/11535"}],"wp:attachment":[{"href":"https:\/\/yotavis.ch\/fr\/wp-json\/wp\/v2\/media?parent=10685"}],"wp:term":[{"taxonomy":"product_brand","embeddable":true,"href":"https:\/\/yotavis.ch\/fr\/wp-json\/wp\/v2\/product_brand?post=10685"},{"taxonomy":"product_cat","embeddable":true,"href":"https:\/\/yotavis.ch\/fr\/wp-json\/wp\/v2\/product_cat?post=10685"},{"taxonomy":"product_tag","embeddable":true,"href":"https:\/\/yotavis.ch\/fr\/wp-json\/wp\/v2\/product_tag?post=10685"}],"curies":[{"name":"wp","href":"https:\/\/api.w.org\/{rel}","templated":true}]}}