{"id":10693,"date":"2025-10-09T00:00:00","date_gmt":"2025-10-08T22:00:00","guid":{"rendered":"https:\/\/yotavis.ch\/product\/it8012-500-60\/"},"modified":"2026-03-02T16:38:04","modified_gmt":"2026-03-02T15:38:04","slug":"it8012-500-60","status":"publish","type":"product","link":"https:\/\/yotavis.ch\/fr\/produit\/it8012-500-60\/","title":{"rendered":"IT8012-500-60"},"content":{"rendered":"<p>L'ITECH IT8012-500-60 est une charge DC con\u00e7ue pour les applications de puissance. D'une puissance de 12 000 watts, elle fonctionne \u00e0 des tensions allant jusqu'\u00e0 500 volts et \u00e0 des courants atteignant 60 amp\u00e8res. L'appareil comporte une seule sortie, ce qui permet de r\u00e9aliser des tests de charge pr\u00e9cis et contr\u00f4l\u00e9s. Id\u00e9al pour \u00e9valuer les blocs d'alimentation et les syst\u00e8mes de batteries, il garantit des performances fiables dans des conditions exigeantes. Ses caract\u00e9ristiques avanc\u00e9es permettent des mesures pr\u00e9cises et une stabilit\u00e9 pendant un fonctionnement prolong\u00e9.<\/p>","protected":false},"excerpt":{"rendered":"<p>500V\/60A\/12kW R\u00e9g\u00e9n\u00e9rateur DC E-LOAD, 3U<\/p>","protected":false},"featured_media":11535,"comment_status":"closed","ping_status":"closed","template":"","meta":{"_acf_changed":false,"slim_seo":{"title":"IT8012-500-60 - YOTAVIS AG","description":"500V\/60A\/12kW R\u00e9g\u00e9n\u00e9rateur DC E-LOAD, 3U"}},"product_brand":[822],"product_cat":[517,515],"product_tag":[],"class_list":{"0":"post-10693","1":"product","2":"type-product","3":"status-publish","4":"has-post-thumbnail","6":"product_brand-itech","7":"product_cat-dc-load-en","8":"product_cat-power-en","9":"pa_current-a-406","10":"pa_output-number-146","11":"pa_power-w-628","12":"pa_voltage-v-604","14":"first","15":"instock","16":"taxable","17":"shipping-taxable","18":"product-type-simple"},"acf":[],"_links":{"self":[{"href":"https:\/\/yotavis.ch\/fr\/wp-json\/wp\/v2\/product\/10693","targetHints":{"allow":["GET"]}}],"collection":[{"href":"https:\/\/yotavis.ch\/fr\/wp-json\/wp\/v2\/product"}],"about":[{"href":"https:\/\/yotavis.ch\/fr\/wp-json\/wp\/v2\/types\/product"}],"replies":[{"embeddable":true,"href":"https:\/\/yotavis.ch\/fr\/wp-json\/wp\/v2\/comments?post=10693"}],"wp:featuredmedia":[{"embeddable":true,"href":"https:\/\/yotavis.ch\/fr\/wp-json\/wp\/v2\/media\/11535"}],"wp:attachment":[{"href":"https:\/\/yotavis.ch\/fr\/wp-json\/wp\/v2\/media?parent=10693"}],"wp:term":[{"taxonomy":"product_brand","embeddable":true,"href":"https:\/\/yotavis.ch\/fr\/wp-json\/wp\/v2\/product_brand?post=10693"},{"taxonomy":"product_cat","embeddable":true,"href":"https:\/\/yotavis.ch\/fr\/wp-json\/wp\/v2\/product_cat?post=10693"},{"taxonomy":"product_tag","embeddable":true,"href":"https:\/\/yotavis.ch\/fr\/wp-json\/wp\/v2\/product_tag?post=10693"}],"curies":[{"name":"wp","href":"https:\/\/api.w.org\/{rel}","templated":true}]}}