{"id":10700,"date":"2025-10-09T00:00:00","date_gmt":"2025-10-08T22:00:00","guid":{"rendered":"https:\/\/yotavis.ch\/product\/it8006-800-20\/"},"modified":"2026-03-02T16:37:57","modified_gmt":"2026-03-02T15:37:57","slug":"it8006-800-20","status":"publish","type":"product","link":"https:\/\/yotavis.ch\/fr\/produit\/it8006-800-20\/","title":{"rendered":"IT8006-800-20"},"content":{"rendered":"<p>L'ITECH IT8006-800-20 est une charge DC con\u00e7ue pour les applications de puissance. D'une puissance de 6000 watts, elle fonctionne \u00e0 des tensions allant jusqu'\u00e0 800 volts et \u00e0 des courants atteignant 20 amp\u00e8res. L'appareil comporte une seule sortie, ce qui permet un contr\u00f4le et une mesure pr\u00e9cis dans les environnements de test. Id\u00e9al pour \u00e9valuer les alimentations et les syst\u00e8mes de batteries, il garantit des performances fiables dans des conditions exigeantes. Ses fonctions avanc\u00e9es permettent une simulation pr\u00e9cise de la charge et une analyse compl\u00e8te des donn\u00e9es pour diverses utilisations industrielles.<\/p>","protected":false},"excerpt":{"rendered":"<p>800V\/20A\/6kW R\u00e9g\u00e9n\u00e9rateur DC E-LOAD, 3U<\/p>","protected":false},"featured_media":11535,"comment_status":"closed","ping_status":"closed","template":"","meta":{"_acf_changed":false,"slim_seo":{"title":"IT8006-800-20 - YOTAVIS AG","description":"800V\/20A\/6kW R\u00e9g\u00e9n\u00e9rateur DC E-LOAD, 3U"}},"product_brand":[822],"product_cat":[517,515],"product_tag":[],"class_list":{"0":"post-10700","1":"product","2":"type-product","3":"status-publish","4":"has-post-thumbnail","6":"product_brand-itech","7":"product_cat-dc-load-en","8":"product_cat-power-en","9":"pa_current-a-552","10":"pa_output-number-146","11":"pa_power-w-626","12":"pa_voltage-v-319","14":"first","15":"instock","16":"taxable","17":"shipping-taxable","18":"product-type-simple"},"acf":[],"_links":{"self":[{"href":"https:\/\/yotavis.ch\/fr\/wp-json\/wp\/v2\/product\/10700","targetHints":{"allow":["GET"]}}],"collection":[{"href":"https:\/\/yotavis.ch\/fr\/wp-json\/wp\/v2\/product"}],"about":[{"href":"https:\/\/yotavis.ch\/fr\/wp-json\/wp\/v2\/types\/product"}],"replies":[{"embeddable":true,"href":"https:\/\/yotavis.ch\/fr\/wp-json\/wp\/v2\/comments?post=10700"}],"wp:featuredmedia":[{"embeddable":true,"href":"https:\/\/yotavis.ch\/fr\/wp-json\/wp\/v2\/media\/11535"}],"wp:attachment":[{"href":"https:\/\/yotavis.ch\/fr\/wp-json\/wp\/v2\/media?parent=10700"}],"wp:term":[{"taxonomy":"product_brand","embeddable":true,"href":"https:\/\/yotavis.ch\/fr\/wp-json\/wp\/v2\/product_brand?post=10700"},{"taxonomy":"product_cat","embeddable":true,"href":"https:\/\/yotavis.ch\/fr\/wp-json\/wp\/v2\/product_cat?post=10700"},{"taxonomy":"product_tag","embeddable":true,"href":"https:\/\/yotavis.ch\/fr\/wp-json\/wp\/v2\/product_tag?post=10700"}],"curies":[{"name":"wp","href":"https:\/\/api.w.org\/{rel}","templated":true}]}}