{"id":10702,"date":"2025-10-09T00:00:00","date_gmt":"2025-10-08T22:00:00","guid":{"rendered":"https:\/\/yotavis.ch\/product\/it8018-800-60\/"},"modified":"2026-03-02T16:37:57","modified_gmt":"2026-03-02T15:37:57","slug":"it8018-800-60","status":"publish","type":"product","link":"https:\/\/yotavis.ch\/fr\/produit\/it8018-800-60\/","title":{"rendered":"IT8018-800-60"},"content":{"rendered":"<p>L'ITECH IT8018-800-60 est une charge DC con\u00e7ue pour les applications de puissance. D'une puissance de 18 000 watts, elle fonctionne \u00e0 une tension allant jusqu'\u00e0 800 volts et \u00e0 un courant de 60 amp\u00e8res. L'appareil comporte une seule sortie, ce qui permet de r\u00e9aliser des tests de charge pr\u00e9cis et contr\u00f4l\u00e9s. Id\u00e9al pour \u00e9valuer les blocs d'alimentation et les syst\u00e8mes de batteries, il garantit des performances fiables dans des conditions exigeantes. Ses caract\u00e9ristiques avanc\u00e9es permettent des mesures pr\u00e9cises et un fonctionnement stable, ce qui le rend adapt\u00e9 \u00e0 divers environnements industriels et de laboratoire.<\/p>","protected":false},"excerpt":{"rendered":"<p>800V\/60A\/18kW R\u00e9g\u00e9n\u00e9rateur DC E-LOAD, 3U<\/p>","protected":false},"featured_media":11535,"comment_status":"closed","ping_status":"closed","template":"","meta":{"_acf_changed":false,"slim_seo":{"title":"IT8018-800-60 - YOTAVIS AG","description":"800V\/60A\/18kW R\u00e9g\u00e9n\u00e9rateur DC E-LOAD, 3U"}},"product_brand":[822],"product_cat":[517,515],"product_tag":[],"class_list":{"0":"post-10702","1":"product","2":"type-product","3":"status-publish","4":"has-post-thumbnail","6":"product_brand-itech","7":"product_cat-dc-load-en","8":"product_cat-power-en","9":"pa_current-a-406","10":"pa_output-number-146","11":"pa_power-w-629","12":"pa_voltage-v-319","14":"first","15":"instock","16":"taxable","17":"shipping-taxable","18":"product-type-simple"},"acf":[],"_links":{"self":[{"href":"https:\/\/yotavis.ch\/fr\/wp-json\/wp\/v2\/product\/10702","targetHints":{"allow":["GET"]}}],"collection":[{"href":"https:\/\/yotavis.ch\/fr\/wp-json\/wp\/v2\/product"}],"about":[{"href":"https:\/\/yotavis.ch\/fr\/wp-json\/wp\/v2\/types\/product"}],"replies":[{"embeddable":true,"href":"https:\/\/yotavis.ch\/fr\/wp-json\/wp\/v2\/comments?post=10702"}],"wp:featuredmedia":[{"embeddable":true,"href":"https:\/\/yotavis.ch\/fr\/wp-json\/wp\/v2\/media\/11535"}],"wp:attachment":[{"href":"https:\/\/yotavis.ch\/fr\/wp-json\/wp\/v2\/media?parent=10702"}],"wp:term":[{"taxonomy":"product_brand","embeddable":true,"href":"https:\/\/yotavis.ch\/fr\/wp-json\/wp\/v2\/product_brand?post=10702"},{"taxonomy":"product_cat","embeddable":true,"href":"https:\/\/yotavis.ch\/fr\/wp-json\/wp\/v2\/product_cat?post=10702"},{"taxonomy":"product_tag","embeddable":true,"href":"https:\/\/yotavis.ch\/fr\/wp-json\/wp\/v2\/product_tag?post=10702"}],"curies":[{"name":"wp","href":"https:\/\/api.w.org\/{rel}","templated":true}]}}