{"id":10705,"date":"2025-10-09T00:00:00","date_gmt":"2025-10-08T22:00:00","guid":{"rendered":"https:\/\/yotavis.ch\/product\/it8012-800-50\/"},"modified":"2026-04-24T13:44:16","modified_gmt":"2026-04-24T11:44:16","slug":"it8012-800-50","status":"publish","type":"product","link":"https:\/\/yotavis.ch\/fr\/produit\/it8012-800-50\/","title":{"rendered":"IT8012-800-50"},"content":{"rendered":"<p>L'IT8012-800-50 est une charge \u00e9lectronique CC r\u00e9g\u00e9n\u00e9rative con\u00e7ue pour supporter une tension maximale de 800 volts et un courant de 50 amp\u00e8res, d\u00e9livrant une puissance de 12 000 watts. Ce mod\u00e8le est dot\u00e9 d'un seul canal de sortie, ce qui permet d'effectuer des tests de charge cibl\u00e9s et efficaces. Il est dot\u00e9 d'une fonction de commande \u00e0 distance, ce qui permet aux utilisateurs de faire fonctionner l'appareil \u00e0 distance pour des raisons de commodit\u00e9 et de s\u00e9curit\u00e9. L'unit\u00e9 est log\u00e9e dans un facteur de forme 3U, qui est une taille standard pour les \u00e9quipements mont\u00e9s en rack, ce qui facilite l'int\u00e9gration dans les installations d'essai existantes. La capacit\u00e9 de r\u00e9g\u00e9n\u00e9ration de la charge signifie qu'elle peut r\u00e9injecter de l'\u00e9nergie dans la source d'alimentation, am\u00e9liorant ainsi l'efficacit\u00e9 \u00e9nerg\u00e9tique pendant les processus d'essai. Cet appareil convient aux applications n\u00e9cessitant des tests de charge CC pr\u00e9cis et fiables \u00e0 des niveaux de puissance \u00e9lev\u00e9s. Sa conception et ses sp\u00e9cifications en font un outil robuste pour l'\u00e9valuation des alimentations, des batteries et d'autres sources d'alimentation en courant continu.<\/p>","protected":false},"excerpt":{"rendered":"<p>800V\/50A\/12kW R\u00e9g\u00e9n\u00e9rateur DC E-LOAD, 3U<\/p>","protected":false},"featured_media":11535,"comment_status":"closed","ping_status":"closed","template":"","meta":{"_acf_changed":false,"slim_seo":{"title":"IT8012-800-50 - YOTAVIS AG","description":"800V\/50A\/12kW R\u00e9g\u00e9n\u00e9rateur DC E-LOAD, 3U"}},"product_brand":[822],"product_cat":[517,515],"product_tag":[],"class_list":{"0":"post-10705","1":"product","2":"type-product","3":"status-publish","4":"has-post-thumbnail","6":"product_brand-itech","7":"product_cat-dc-load-en","8":"product_cat-power-en","9":"pa_current-a-402","10":"pa_output-number-146","11":"pa_power-w-628","12":"pa_remote-control-yes","13":"pa_voltage-v-319","15":"first","16":"instock","17":"taxable","18":"shipping-taxable","19":"product-type-simple"},"acf":[],"_links":{"self":[{"href":"https:\/\/yotavis.ch\/fr\/wp-json\/wp\/v2\/product\/10705","targetHints":{"allow":["GET"]}}],"collection":[{"href":"https:\/\/yotavis.ch\/fr\/wp-json\/wp\/v2\/product"}],"about":[{"href":"https:\/\/yotavis.ch\/fr\/wp-json\/wp\/v2\/types\/product"}],"replies":[{"embeddable":true,"href":"https:\/\/yotavis.ch\/fr\/wp-json\/wp\/v2\/comments?post=10705"}],"wp:featuredmedia":[{"embeddable":true,"href":"https:\/\/yotavis.ch\/fr\/wp-json\/wp\/v2\/media\/11535"}],"wp:attachment":[{"href":"https:\/\/yotavis.ch\/fr\/wp-json\/wp\/v2\/media?parent=10705"}],"wp:term":[{"taxonomy":"product_brand","embeddable":true,"href":"https:\/\/yotavis.ch\/fr\/wp-json\/wp\/v2\/product_brand?post=10705"},{"taxonomy":"product_cat","embeddable":true,"href":"https:\/\/yotavis.ch\/fr\/wp-json\/wp\/v2\/product_cat?post=10705"},{"taxonomy":"product_tag","embeddable":true,"href":"https:\/\/yotavis.ch\/fr\/wp-json\/wp\/v2\/product_tag?post=10705"}],"curies":[{"name":"wp","href":"https:\/\/api.w.org\/{rel}","templated":true}]}}