{"id":10710,"date":"2025-10-09T00:00:00","date_gmt":"2025-10-08T22:00:00","guid":{"rendered":"https:\/\/yotavis.ch\/product\/it8018-1500-40\/"},"modified":"2026-04-24T13:44:17","modified_gmt":"2026-04-24T11:44:17","slug":"it8018-1500-40","status":"publish","type":"product","link":"https:\/\/yotavis.ch\/fr\/produit\/it8018-1500-40\/","title":{"rendered":"IT8018-1500-40"},"content":{"rendered":"<p>L'IT8018-1500-40 est une charge \u00e9lectronique CC r\u00e9g\u00e9n\u00e9rative con\u00e7ue pour g\u00e9rer une puissance maximale de 18 000 watts. Elle fonctionne \u00e0 une tension de 1500 volts et supporte un courant allant jusqu'\u00e0 40 amp\u00e8res. Ce mod\u00e8le comporte un seul canal de sortie et est log\u00e9 dans un bo\u00eetier 3U. La capacit\u00e9 de commande \u00e0 distance est incluse, ce qui permet un fonctionnement pratique et l'int\u00e9gration dans des syst\u00e8mes de test automatis\u00e9s. L'appareil est fabriqu\u00e9 par ITECH, une marque connue pour ses \u00e9quipements de test \u00e9lectronique. Sa fonction r\u00e9g\u00e9n\u00e9ratrice permet de r\u00e9cup\u00e9rer l'\u00e9nergie pendant les essais, ce qui am\u00e9liore l'efficacit\u00e9. Cette charge \u00e9lectronique convient aux applications n\u00e9cessitant une tension et un courant \u00e9lev\u00e9s dans une conception compacte.<\/p>","protected":false},"excerpt":{"rendered":"<p>1500V\/40A\/18kW R\u00e9g\u00e9n\u00e9rateur DC E-LOAD, 3U<\/p>","protected":false},"featured_media":11535,"comment_status":"closed","ping_status":"closed","template":"","meta":{"_acf_changed":false,"slim_seo":{"title":"IT8018-1500-40 - YOTAVIS AG","description":"1500V\/40A\/18kW R\u00e9g\u00e9n\u00e9rateur DC E-LOAD, 3U"}},"product_brand":[822],"product_cat":[517,515],"product_tag":[],"class_list":{"0":"post-10710","1":"product","2":"type-product","3":"status-publish","4":"has-post-thumbnail","6":"product_brand-itech","7":"product_cat-dc-load-en","8":"product_cat-power-en","9":"pa_current-a-550","10":"pa_output-number-146","11":"pa_power-w-629","12":"pa_remote-control-yes","13":"pa_voltage-v-928","15":"first","16":"instock","17":"taxable","18":"shipping-taxable","19":"product-type-simple"},"acf":[],"_links":{"self":[{"href":"https:\/\/yotavis.ch\/fr\/wp-json\/wp\/v2\/product\/10710","targetHints":{"allow":["GET"]}}],"collection":[{"href":"https:\/\/yotavis.ch\/fr\/wp-json\/wp\/v2\/product"}],"about":[{"href":"https:\/\/yotavis.ch\/fr\/wp-json\/wp\/v2\/types\/product"}],"replies":[{"embeddable":true,"href":"https:\/\/yotavis.ch\/fr\/wp-json\/wp\/v2\/comments?post=10710"}],"wp:featuredmedia":[{"embeddable":true,"href":"https:\/\/yotavis.ch\/fr\/wp-json\/wp\/v2\/media\/11535"}],"wp:attachment":[{"href":"https:\/\/yotavis.ch\/fr\/wp-json\/wp\/v2\/media?parent=10710"}],"wp:term":[{"taxonomy":"product_brand","embeddable":true,"href":"https:\/\/yotavis.ch\/fr\/wp-json\/wp\/v2\/product_brand?post=10710"},{"taxonomy":"product_cat","embeddable":true,"href":"https:\/\/yotavis.ch\/fr\/wp-json\/wp\/v2\/product_cat?post=10710"},{"taxonomy":"product_tag","embeddable":true,"href":"https:\/\/yotavis.ch\/fr\/wp-json\/wp\/v2\/product_tag?post=10710"}],"curies":[{"name":"wp","href":"https:\/\/api.w.org\/{rel}","templated":true}]}}