{"id":10711,"date":"2025-10-09T00:00:00","date_gmt":"2025-10-08T22:00:00","guid":{"rendered":"https:\/\/yotavis.ch\/product\/it8018-1500-40slave\/"},"modified":"2026-04-24T13:44:18","modified_gmt":"2026-04-24T11:44:18","slug":"it8018-1500-40slave","status":"publish","type":"product","link":"https:\/\/yotavis.ch\/fr\/produit\/it8018-1500-40slave\/","title":{"rendered":"IT8018-1500-40Esclave"},"content":{"rendered":"<p>L'IT8018-1500-40Slave d'ITECH est une charge \u00e9lectronique CC r\u00e9g\u00e9n\u00e9rative con\u00e7ue pour g\u00e9rer une tension maximale de 1500 volts et un courant allant jusqu'\u00e0 320 amp\u00e8res. Elle d\u00e9livre une puissance de 144 000 watts, ce qui la rend adapt\u00e9e aux applications de haute puissance. Ce mod\u00e8le dispose d'un seul canal de sortie et prend en charge la fonctionnalit\u00e9 de commande \u00e0 distance, ce qui permet un fonctionnement pratique \u00e0 distance. L'appareil est log\u00e9 dans un bo\u00eetier 3U et est d\u00e9sign\u00e9 comme unit\u00e9 esclave, ce qui signifie qu'il peut \u00eatre int\u00e9gr\u00e9 dans une configuration de syst\u00e8me plus large. Avec une puissance nominale de 18 kW \u00e0 1500 V et 40 A, il est con\u00e7u pour g\u00e9rer efficacement l'\u00e9nergie pendant les essais ou les processus op\u00e9rationnels. L'absence de sp\u00e9cifications suppl\u00e9mentaires en mati\u00e8re de fr\u00e9quence, de bande passante ou de m\u00e9moire indique que l'accent est mis sur les capacit\u00e9s de charge \u00e9lectrique de base. Cette charge \u00e9lectronique est con\u00e7ue pour les applications n\u00e9cessitant un contr\u00f4le pr\u00e9cis et une puissance \u00e9lev\u00e9e dans une conception compacte et modulaire.<\/p>","protected":false},"excerpt":{"rendered":"<p>1500V\/40A\/18kW R\u00e9g\u00e9n\u00e9rateur DC E-LOAD, 3U, SLAVE<\/p>","protected":false},"featured_media":12289,"comment_status":"closed","ping_status":"closed","template":"","meta":{"_acf_changed":false,"slim_seo":{"title":"IT8018-1500-40Slave - YOTAVIS AG","description":"1500V\/40A\/18kW R\u00e9g\u00e9n\u00e9rateur DC E-LOAD, 3U, SLAVE"}},"product_brand":[822],"product_cat":[517,515],"product_tag":[],"class_list":{"0":"post-10711","1":"product","2":"type-product","3":"status-publish","4":"has-post-thumbnail","6":"product_brand-itech","7":"product_cat-dc-load-en","8":"product_cat-power-en","9":"pa_current-a-947","10":"pa_output-number-146","11":"pa_power-w-945","12":"pa_remote-control-yes","13":"pa_voltage-v-928","15":"first","16":"instock","17":"taxable","18":"shipping-taxable","19":"product-type-simple"},"acf":[],"_links":{"self":[{"href":"https:\/\/yotavis.ch\/fr\/wp-json\/wp\/v2\/product\/10711","targetHints":{"allow":["GET"]}}],"collection":[{"href":"https:\/\/yotavis.ch\/fr\/wp-json\/wp\/v2\/product"}],"about":[{"href":"https:\/\/yotavis.ch\/fr\/wp-json\/wp\/v2\/types\/product"}],"replies":[{"embeddable":true,"href":"https:\/\/yotavis.ch\/fr\/wp-json\/wp\/v2\/comments?post=10711"}],"wp:featuredmedia":[{"embeddable":true,"href":"https:\/\/yotavis.ch\/fr\/wp-json\/wp\/v2\/media\/12289"}],"wp:attachment":[{"href":"https:\/\/yotavis.ch\/fr\/wp-json\/wp\/v2\/media?parent=10711"}],"wp:term":[{"taxonomy":"product_brand","embeddable":true,"href":"https:\/\/yotavis.ch\/fr\/wp-json\/wp\/v2\/product_brand?post=10711"},{"taxonomy":"product_cat","embeddable":true,"href":"https:\/\/yotavis.ch\/fr\/wp-json\/wp\/v2\/product_cat?post=10711"},{"taxonomy":"product_tag","embeddable":true,"href":"https:\/\/yotavis.ch\/fr\/wp-json\/wp\/v2\/product_tag?post=10711"}],"curies":[{"name":"wp","href":"https:\/\/api.w.org\/{rel}","templated":true}]}}