{"id":10713,"date":"2025-10-09T00:00:00","date_gmt":"2025-10-08T22:00:00","guid":{"rendered":"https:\/\/yotavis.ch\/product\/it8018-2250-20slave\/"},"modified":"2026-03-02T16:37:49","modified_gmt":"2026-03-02T15:37:49","slug":"it8018-2250-20slave","status":"publish","type":"product","link":"https:\/\/yotavis.ch\/fr\/produit\/it8018-2250-20slave\/","title":{"rendered":"IT8018-2250-20Esclave"},"content":{"rendered":"<p>L'ITECH IT8018-2250-20Slave est une charge DC con\u00e7ue pour les applications de puissance. D'une puissance de 18 000 watts, elle fonctionne \u00e0 une tension de 2 250 volts et supporte un courant de 20 amp\u00e8res. L'appareil est dot\u00e9 d'une sortie unique, ce qui le rend adapt\u00e9 \u00e0 des tests et \u00e0 des \u00e9valuations de charge pr\u00e9cis. Id\u00e9al pour les environnements industriels et de laboratoire, il offre des performances fiables dans des conditions exigeantes. Ses caract\u00e9ristiques avanc\u00e9es garantissent une mesure et un contr\u00f4le pr\u00e9cis, am\u00e9liorant ainsi l'efficacit\u00e9 des \u00e9valuations des syst\u00e8mes d'alimentation.<\/p>","protected":false},"excerpt":{"rendered":"<p>2250V\/20A\/18kW R\u00e9g\u00e9n\u00e9rateur DC E-LOAD, 3U, SLAVE<\/p>","protected":false},"featured_media":12289,"comment_status":"closed","ping_status":"closed","template":"","meta":{"_acf_changed":false,"slim_seo":{"title":"IT8018-2250-20Slave - YOTAVIS AG","description":"2250V\/20A\/18kW R\u00e9g\u00e9n\u00e9rateur DC E-LOAD, 3U, SLAVE"}},"product_brand":[822],"product_cat":[517,515],"product_tag":[],"class_list":{"0":"post-10713","1":"product","2":"type-product","3":"status-publish","4":"has-post-thumbnail","6":"product_brand-itech","7":"product_cat-dc-load-en","8":"product_cat-power-en","9":"pa_current-a-552","10":"pa_output-number-146","11":"pa_power-w-629","12":"pa_voltage-v-948","14":"first","15":"instock","16":"taxable","17":"shipping-taxable","18":"product-type-simple"},"acf":[],"_links":{"self":[{"href":"https:\/\/yotavis.ch\/fr\/wp-json\/wp\/v2\/product\/10713","targetHints":{"allow":["GET"]}}],"collection":[{"href":"https:\/\/yotavis.ch\/fr\/wp-json\/wp\/v2\/product"}],"about":[{"href":"https:\/\/yotavis.ch\/fr\/wp-json\/wp\/v2\/types\/product"}],"replies":[{"embeddable":true,"href":"https:\/\/yotavis.ch\/fr\/wp-json\/wp\/v2\/comments?post=10713"}],"wp:featuredmedia":[{"embeddable":true,"href":"https:\/\/yotavis.ch\/fr\/wp-json\/wp\/v2\/media\/12289"}],"wp:attachment":[{"href":"https:\/\/yotavis.ch\/fr\/wp-json\/wp\/v2\/media?parent=10713"}],"wp:term":[{"taxonomy":"product_brand","embeddable":true,"href":"https:\/\/yotavis.ch\/fr\/wp-json\/wp\/v2\/product_brand?post=10713"},{"taxonomy":"product_cat","embeddable":true,"href":"https:\/\/yotavis.ch\/fr\/wp-json\/wp\/v2\/product_cat?post=10713"},{"taxonomy":"product_tag","embeddable":true,"href":"https:\/\/yotavis.ch\/fr\/wp-json\/wp\/v2\/product_tag?post=10713"}],"curies":[{"name":"wp","href":"https:\/\/api.w.org\/{rel}","templated":true}]}}