{"id":10721,"date":"2025-10-09T00:00:00","date_gmt":"2025-10-08T22:00:00","guid":{"rendered":"https:\/\/yotavis.ch\/product\/it6164b\/"},"modified":"2026-04-24T13:44:29","modified_gmt":"2026-04-24T11:44:29","slug":"it6164b","status":"publish","type":"product","link":"https:\/\/yotavis.ch\/fr\/produit\/it6164b\/","title":{"rendered":"IT6164B"},"content":{"rendered":"<p>L'ITECH IT6164B est un appareil de puissance con\u00e7u comme une source de courant continu. Dot\u00e9 d'une sortie unique, il d\u00e9livre jusqu'\u00e0 60 volts et 40 amp\u00e8res avec une capacit\u00e9 de puissance de 1200 watts. L'appareil comprend un contr\u00f4le pr\u00e9cis et une sortie stable convenant \u00e0 diverses applications de test et de d\u00e9veloppement. Il est id\u00e9al pour les laboratoires et les environnements industriels n\u00e9cessitant une alimentation en courant continu fiable. Ses caract\u00e9ristiques avanc\u00e9es garantissent des performances constantes et un fonctionnement efficace dans des conditions exigeantes.<\/p>","protected":false},"excerpt":{"rendered":"<p>Alimentation DC 30V\/40A\/1200W 60V\/20A\/1200W (Standard RS232\/ USB)<\/p>","protected":false},"featured_media":12172,"comment_status":"closed","ping_status":"closed","template":"","meta":{"_acf_changed":false,"slim_seo":{"title":"IT6164B - YOTAVIS AG","description":"Alimentation DC 30V\/40A\/1200W 60V\/20A\/1200W (Standard RS232\/ USB)"}},"product_brand":[822],"product_cat":[516,515],"product_tag":[],"class_list":{"0":"post-10721","1":"product","2":"type-product","3":"status-publish","4":"has-post-thumbnail","6":"product_brand-itech","7":"product_cat-dc-source-en","8":"product_cat-power-en","9":"pa_current-a-550","10":"pa_output-number-146","11":"pa_power-w-479","12":"pa_voltage-v-314","14":"first","15":"instock","16":"taxable","17":"shipping-taxable","18":"product-type-simple"},"acf":[],"_links":{"self":[{"href":"https:\/\/yotavis.ch\/fr\/wp-json\/wp\/v2\/product\/10721","targetHints":{"allow":["GET"]}}],"collection":[{"href":"https:\/\/yotavis.ch\/fr\/wp-json\/wp\/v2\/product"}],"about":[{"href":"https:\/\/yotavis.ch\/fr\/wp-json\/wp\/v2\/types\/product"}],"replies":[{"embeddable":true,"href":"https:\/\/yotavis.ch\/fr\/wp-json\/wp\/v2\/comments?post=10721"}],"wp:featuredmedia":[{"embeddable":true,"href":"https:\/\/yotavis.ch\/fr\/wp-json\/wp\/v2\/media\/12172"}],"wp:attachment":[{"href":"https:\/\/yotavis.ch\/fr\/wp-json\/wp\/v2\/media?parent=10721"}],"wp:term":[{"taxonomy":"product_brand","embeddable":true,"href":"https:\/\/yotavis.ch\/fr\/wp-json\/wp\/v2\/product_brand?post=10721"},{"taxonomy":"product_cat","embeddable":true,"href":"https:\/\/yotavis.ch\/fr\/wp-json\/wp\/v2\/product_cat?post=10721"},{"taxonomy":"product_tag","embeddable":true,"href":"https:\/\/yotavis.ch\/fr\/wp-json\/wp\/v2\/product_tag?post=10721"}],"curies":[{"name":"wp","href":"https:\/\/api.w.org\/{rel}","templated":true}]}}