{"id":10722,"date":"2025-10-09T00:00:00","date_gmt":"2025-10-08T22:00:00","guid":{"rendered":"https:\/\/yotavis.ch\/product\/it6322b\/"},"modified":"2026-04-24T13:44:30","modified_gmt":"2026-04-24T11:44:30","slug":"it6322b","status":"publish","type":"product","link":"https:\/\/yotavis.ch\/fr\/produit\/it6322b\/","title":{"rendered":"IT6322B"},"content":{"rendered":"<p>L'ITECH IT6322B est une unit\u00e9 d'alimentation DC comprenant trois sorties, dont deux canaux fournissant 30V \u00e0 3A avec 90W chacun, et un canal fournissant 5V \u00e0 3A avec 15W. Il est con\u00e7u dans un format demi-rack 2U et supporte les interfaces standard RS232, USB et GPIB pour les capacit\u00e9s de contr\u00f4le \u00e0 distance. La puissance totale de l'unit\u00e9 est de 195 watts, avec une tension maximale de 30 volts et un courant maximal de 3 amp\u00e8res. Cette configuration permet une alimentation polyvalente sur plusieurs canaux, adapt\u00e9e \u00e0 diverses applications n\u00e9cessitant une alimentation en courant continu stable. L'inclusion d'une fonctionnalit\u00e9 de commande \u00e0 distance permet aux utilisateurs de faire fonctionner l'appareil efficacement \u00e0 distance, ce qui am\u00e9liore la commodit\u00e9 et l'int\u00e9gration dans les syst\u00e8mes automatis\u00e9s. La conception de l'appareil et les options d'interface le rendent compatible avec les installations industrielles et de laboratoire standard, facilitant ainsi la connectivit\u00e9 et le contr\u00f4le.<\/p>","protected":false},"excerpt":{"rendered":"<p>Alimentation DC, 3 sorties : 30V\/3A\/90W*2CH : 5V\/3A\/15W*1CH ; demi-rack 2U (Standard RS232\/USB\/GPIB)<\/p>","protected":false},"featured_media":12144,"comment_status":"closed","ping_status":"closed","template":"","meta":{"_acf_changed":false,"slim_seo":{"title":"IT6322B - YOTAVIS AG","description":"Alimentation DC, 3 sorties : 30V\/3A\/90W*2CH : 5V\/3A\/15W*1CH ; demi-rack 2U (Standard RS232\/USB\/GPIB)"}},"product_brand":[822],"product_cat":[516,515],"product_tag":[],"class_list":{"0":"post-10722","1":"product","2":"type-product","3":"status-publish","4":"has-post-thumbnail","6":"product_brand-itech","7":"product_cat-dc-source-en","8":"product_cat-power-en","9":"pa_current-a-485","10":"pa_output-number-141","11":"pa_power-w-956","12":"pa_remote-control-yes","13":"pa_voltage-v-145","15":"first","16":"instock","17":"taxable","18":"shipping-taxable","19":"product-type-simple"},"acf":[],"_links":{"self":[{"href":"https:\/\/yotavis.ch\/fr\/wp-json\/wp\/v2\/product\/10722","targetHints":{"allow":["GET"]}}],"collection":[{"href":"https:\/\/yotavis.ch\/fr\/wp-json\/wp\/v2\/product"}],"about":[{"href":"https:\/\/yotavis.ch\/fr\/wp-json\/wp\/v2\/types\/product"}],"replies":[{"embeddable":true,"href":"https:\/\/yotavis.ch\/fr\/wp-json\/wp\/v2\/comments?post=10722"}],"wp:featuredmedia":[{"embeddable":true,"href":"https:\/\/yotavis.ch\/fr\/wp-json\/wp\/v2\/media\/12144"}],"wp:attachment":[{"href":"https:\/\/yotavis.ch\/fr\/wp-json\/wp\/v2\/media?parent=10722"}],"wp:term":[{"taxonomy":"product_brand","embeddable":true,"href":"https:\/\/yotavis.ch\/fr\/wp-json\/wp\/v2\/product_brand?post=10722"},{"taxonomy":"product_cat","embeddable":true,"href":"https:\/\/yotavis.ch\/fr\/wp-json\/wp\/v2\/product_cat?post=10722"},{"taxonomy":"product_tag","embeddable":true,"href":"https:\/\/yotavis.ch\/fr\/wp-json\/wp\/v2\/product_tag?post=10722"}],"curies":[{"name":"wp","href":"https:\/\/api.w.org\/{rel}","templated":true}]}}