{"id":10723,"date":"2025-10-09T00:00:00","date_gmt":"2025-10-08T22:00:00","guid":{"rendered":"https:\/\/yotavis.ch\/product\/it6332b\/"},"modified":"2026-04-24T13:44:30","modified_gmt":"2026-04-24T11:44:30","slug":"it6332b","status":"publish","type":"product","link":"https:\/\/yotavis.ch\/fr\/produit\/it6332b\/","title":{"rendered":"IT6332B"},"content":{"rendered":"<p>L'IT6332B d'ITECH est une unit\u00e9 d'alimentation DC comprenant trois sorties, dont deux canaux fournissant 30V \u00e0 6A avec 180W chacun, et un canal fournissant 5V \u00e0 3A avec 15W. Il est con\u00e7u dans un format demi-rack 2U et prend en charge les interfaces standard RS232, USB et GPIB pour les capacit\u00e9s de contr\u00f4le \u00e0 distance. La puissance totale de l'unit\u00e9 est de 375 watts, ce qui permet une gestion polyvalente de l'alimentation de plusieurs appareils. Ce mod\u00e8le est \u00e9quip\u00e9 d'une fonction de contr\u00f4le \u00e0 distance, permettant aux utilisateurs de faire fonctionner l'alimentation \u00e0 distance. La tension de sortie est de 30 volts, tandis que le courant de sortie maximal atteint 6 amp\u00e8res. Gr\u00e2ce \u00e0 la combinaison de plusieurs canaux de sortie et d'options de commande \u00e0 distance, l'IT6332B convient \u00e0 diverses applications n\u00e9cessitant une distribution d'\u00e9nergie CC pr\u00e9cise et fiable.<\/p>","protected":false},"excerpt":{"rendered":"<p>DC PSU, 3 Outputs: 30V\/6A\/180W*2CH : 5V\/3A\/15W*1CH  ; 2U half rack (Standard RS232\/USB\/GPIB)<\/p>","protected":false},"featured_media":12144,"comment_status":"closed","ping_status":"closed","template":"","meta":{"_acf_changed":false,"slim_seo":{"title":"IT6332B - YOTAVIS AG","description":"Alimentation DC, 3 sorties : 30V\/6A\/180W*2CH : 5V\/3A\/15W*1CH ; demi-rack 2U (Standard RS232\/USB\/GPIB)"}},"product_brand":[822],"product_cat":[516,515],"product_tag":[],"class_list":{"0":"post-10723","1":"product","2":"type-product","3":"status-publish","4":"has-post-thumbnail","6":"product_brand-itech","7":"product_cat-dc-source-en","8":"product_cat-power-en","9":"pa_current-a-399","10":"pa_output-number-141","11":"pa_power-w-492","12":"pa_remote-control-yes","13":"pa_voltage-v-145","15":"first","16":"instock","17":"taxable","18":"shipping-taxable","19":"product-type-simple"},"acf":[],"_links":{"self":[{"href":"https:\/\/yotavis.ch\/fr\/wp-json\/wp\/v2\/product\/10723","targetHints":{"allow":["GET"]}}],"collection":[{"href":"https:\/\/yotavis.ch\/fr\/wp-json\/wp\/v2\/product"}],"about":[{"href":"https:\/\/yotavis.ch\/fr\/wp-json\/wp\/v2\/types\/product"}],"replies":[{"embeddable":true,"href":"https:\/\/yotavis.ch\/fr\/wp-json\/wp\/v2\/comments?post=10723"}],"wp:featuredmedia":[{"embeddable":true,"href":"https:\/\/yotavis.ch\/fr\/wp-json\/wp\/v2\/media\/12144"}],"wp:attachment":[{"href":"https:\/\/yotavis.ch\/fr\/wp-json\/wp\/v2\/media?parent=10723"}],"wp:term":[{"taxonomy":"product_brand","embeddable":true,"href":"https:\/\/yotavis.ch\/fr\/wp-json\/wp\/v2\/product_brand?post=10723"},{"taxonomy":"product_cat","embeddable":true,"href":"https:\/\/yotavis.ch\/fr\/wp-json\/wp\/v2\/product_cat?post=10723"},{"taxonomy":"product_tag","embeddable":true,"href":"https:\/\/yotavis.ch\/fr\/wp-json\/wp\/v2\/product_tag?post=10723"}],"curies":[{"name":"wp","href":"https:\/\/api.w.org\/{rel}","templated":true}]}}