{"id":10725,"date":"2025-10-09T00:00:00","date_gmt":"2025-10-08T22:00:00","guid":{"rendered":"https:\/\/yotavis.ch\/product\/it6322c\/"},"modified":"2026-04-24T13:44:31","modified_gmt":"2026-04-24T11:44:31","slug":"it6322c","status":"publish","type":"product","link":"https:\/\/yotavis.ch\/fr\/produit\/it6322c\/","title":{"rendered":"IT6322C"},"content":{"rendered":"<p>L'ITECH IT6322C est une unit\u00e9 d'alimentation DC comprenant trois sorties, dont deux canaux fournissant 30V \u00e0 3A avec 90W chacun, et un canal fournissant 5V \u00e0 3A avec 15W. Il est con\u00e7u dans un format demi-rack 2U et prend en charge les interfaces LAN et USB standard pour la connectivit\u00e9. La puissance totale de l'unit\u00e9 est de 195 watts, ce qui permet une distribution polyvalente de la puissance sur l'ensemble des sorties. Ce mod\u00e8le comprend une fonction de contr\u00f4le \u00e0 distance, permettant aux utilisateurs de faire fonctionner l'appareil \u00e0 distance. La tension nominale est de 30 volts et le courant maximal de sortie est de 3 amp\u00e8res par canal. Sa configuration prend en charge plusieurs canaux de sortie, ce qui le rend adapt\u00e9 aux applications n\u00e9cessitant simultan\u00e9ment diff\u00e9rents niveaux de tension et de courant. La taille compacte du rack et les ports de communication standard facilitent l'int\u00e9gration dans diverses configurations.<\/p>","protected":false},"excerpt":{"rendered":"<p>DC PSU, 3 Outputs: 30V\/3A\/90W*2CH; 5V\/3A\/15W*1CH  ; 2U half rack (Standard LAN\/USB )<\/p>","protected":false},"featured_media":12136,"comment_status":"closed","ping_status":"closed","template":"","meta":{"_acf_changed":false,"slim_seo":{"title":"IT6322C - YOTAVIS AG","description":"Bloc d'alimentation DC, 3 sorties : 30V\/3A\/90W*2CH ; 5V\/3A\/15W*1CH ; demi-rack 2U (Standard LAN\/USB )"}},"product_brand":[822],"product_cat":[516,515],"product_tag":[],"class_list":{"0":"post-10725","1":"product","2":"type-product","3":"status-publish","4":"has-post-thumbnail","6":"product_brand-itech","7":"product_cat-dc-source-en","8":"product_cat-power-en","9":"pa_current-a-485","10":"pa_output-number-141","11":"pa_power-w-956","12":"pa_remote-control-yes","13":"pa_voltage-v-145","15":"first","16":"instock","17":"taxable","18":"shipping-taxable","19":"product-type-simple"},"acf":[],"_links":{"self":[{"href":"https:\/\/yotavis.ch\/fr\/wp-json\/wp\/v2\/product\/10725","targetHints":{"allow":["GET"]}}],"collection":[{"href":"https:\/\/yotavis.ch\/fr\/wp-json\/wp\/v2\/product"}],"about":[{"href":"https:\/\/yotavis.ch\/fr\/wp-json\/wp\/v2\/types\/product"}],"replies":[{"embeddable":true,"href":"https:\/\/yotavis.ch\/fr\/wp-json\/wp\/v2\/comments?post=10725"}],"wp:featuredmedia":[{"embeddable":true,"href":"https:\/\/yotavis.ch\/fr\/wp-json\/wp\/v2\/media\/12136"}],"wp:attachment":[{"href":"https:\/\/yotavis.ch\/fr\/wp-json\/wp\/v2\/media?parent=10725"}],"wp:term":[{"taxonomy":"product_brand","embeddable":true,"href":"https:\/\/yotavis.ch\/fr\/wp-json\/wp\/v2\/product_brand?post=10725"},{"taxonomy":"product_cat","embeddable":true,"href":"https:\/\/yotavis.ch\/fr\/wp-json\/wp\/v2\/product_cat?post=10725"},{"taxonomy":"product_tag","embeddable":true,"href":"https:\/\/yotavis.ch\/fr\/wp-json\/wp\/v2\/product_tag?post=10725"}],"curies":[{"name":"wp","href":"https:\/\/api.w.org\/{rel}","templated":true}]}}