{"id":10729,"date":"2025-10-09T00:00:00","date_gmt":"2025-10-08T22:00:00","guid":{"rendered":"https:\/\/yotavis.ch\/product\/it6411\/"},"modified":"2026-04-24T13:44:34","modified_gmt":"2026-04-24T11:44:34","slug":"it6411","status":"publish","type":"product","link":"https:\/\/yotavis.ch\/fr\/produit\/it6411\/","title":{"rendered":"IT6411"},"content":{"rendered":"<p>L'IT6411 d'ITECH est une unit\u00e9 d'alimentation en courant continu dot\u00e9e d'un seul canal de sortie avec une plage \u00e9lev\u00e9e de \u00b115V et \u00b13A, d\u00e9livrant jusqu'\u00e0 45W de puissance. Il offre \u00e9galement une gamme basse de \u00b19V et \u00b15A, conservant la m\u00eame puissance de sortie de 45W. L'appareil est con\u00e7u dans un format demi-rack 2U et comprend des interfaces LAN et USB standard, ainsi qu'un port USB sur le panneau avant pour une connectivit\u00e9 pratique. Il prend en charge la fonctionnalit\u00e9 de contr\u00f4le \u00e0 distance, ce qui permet de l'utiliser \u00e0 distance. L'alimentation \u00e9lectrique fournit une tension maximale de 15V et un courant maximal de 5A. Avec une puissance nominale de 45 watts, elle convient aux applications n\u00e9cessitant une alimentation en courant continu pr\u00e9cise. L'unit\u00e9 est de marque ITECH et est con\u00e7ue pour s'adapter aux syst\u00e8mes de rack standard, ce qui la rend adaptable \u00e0 diverses configurations.<\/p>","protected":false},"excerpt":{"rendered":"<p>Alimentation DC, monocanal, gamme haute : \u00b115V\/\u00b13A\/45W ; gamme basse : \u00b19V\/\u00b15A\/45W ; demi-rack 2U, (LAN\/USB standard et port USB sur le panneau avant)<\/p>","protected":false},"featured_media":12316,"comment_status":"closed","ping_status":"closed","template":"","meta":{"_acf_changed":false,"slim_seo":{"title":"IT6411 - YOTAVIS AG","description":"Alimentation DC, monocanal, gamme haute : \u00b115V\/\u00b13A\/45W ; gamme basse : \u00b19V\/\u00b15A\/45W ; demi-rack 2U, (LAN\/USB standard et port USB sur le panneau avant)"}},"product_brand":[822],"product_cat":[516,515],"product_tag":[],"class_list":{"0":"post-10729","1":"product","2":"type-product","3":"status-publish","4":"has-post-thumbnail","6":"product_brand-itech","7":"product_cat-dc-source-en","8":"product_cat-power-en","9":"pa_current-a-392","10":"pa_output-number-146","11":"pa_power-w-958","12":"pa_remote-control-yes","13":"pa_voltage-v-149","15":"first","16":"instock","17":"taxable","18":"shipping-taxable","19":"product-type-simple"},"acf":[],"_links":{"self":[{"href":"https:\/\/yotavis.ch\/fr\/wp-json\/wp\/v2\/product\/10729","targetHints":{"allow":["GET"]}}],"collection":[{"href":"https:\/\/yotavis.ch\/fr\/wp-json\/wp\/v2\/product"}],"about":[{"href":"https:\/\/yotavis.ch\/fr\/wp-json\/wp\/v2\/types\/product"}],"replies":[{"embeddable":true,"href":"https:\/\/yotavis.ch\/fr\/wp-json\/wp\/v2\/comments?post=10729"}],"wp:featuredmedia":[{"embeddable":true,"href":"https:\/\/yotavis.ch\/fr\/wp-json\/wp\/v2\/media\/12316"}],"wp:attachment":[{"href":"https:\/\/yotavis.ch\/fr\/wp-json\/wp\/v2\/media?parent=10729"}],"wp:term":[{"taxonomy":"product_brand","embeddable":true,"href":"https:\/\/yotavis.ch\/fr\/wp-json\/wp\/v2\/product_brand?post=10729"},{"taxonomy":"product_cat","embeddable":true,"href":"https:\/\/yotavis.ch\/fr\/wp-json\/wp\/v2\/product_cat?post=10729"},{"taxonomy":"product_tag","embeddable":true,"href":"https:\/\/yotavis.ch\/fr\/wp-json\/wp\/v2\/product_tag?post=10729"}],"curies":[{"name":"wp","href":"https:\/\/api.w.org\/{rel}","templated":true}]}}