{"id":10731,"date":"2025-10-09T00:00:00","date_gmt":"2025-10-08T22:00:00","guid":{"rendered":"https:\/\/yotavis.ch\/product\/it6412\/"},"modified":"2026-04-24T13:44:34","modified_gmt":"2026-04-24T11:44:34","slug":"it6412","status":"publish","type":"product","link":"https:\/\/yotavis.ch\/fr\/produit\/it6412\/","title":{"rendered":"IT6412"},"content":{"rendered":"<p>L'IT6412 est un bloc d'alimentation DC dot\u00e9 de deux canaux de sortie con\u00e7us pour fournir des configurations de tension et de courant polyvalentes. Le canal 1 peut fournir soit \u00b115V \u00e0 \u00b13A, soit \u00b19V \u00e0 \u00b15A, avec une puissance de sortie maximale de 45W. Le canal 2 offre une sortie variable allant de 0 \u00e0 15V \u00e0 \u00b13A ou de 0 \u00e0 9V \u00e0 \u00b15A, \u00e9galement avec une puissance maximale de 45W. La puissance totale de l'unit\u00e9 est de 90W, supportant une tension jusqu'\u00e0 15V et un courant jusqu'\u00e0 5A. Cet appareil est log\u00e9 dans un demi-rack 2U et comprend des interfaces LAN et USB standard, ainsi qu'un port USB sur le panneau avant pour une connectivit\u00e9 pratique. La fonctionnalit\u00e9 de contr\u00f4le \u00e0 distance est prise en charge, ce qui permet un fonctionnement flexible dans diverses configurations. L'IT6412 est fabriqu\u00e9 par ITECH, ce qui garantit une qualit\u00e9 de construction et des normes de performance constantes.<\/p>","protected":false},"excerpt":{"rendered":"<p>DC PSU two channels<br \/>\nCH1: \u00b115V\/\u00b13A or \u00b19V\/\u00b15A, 45W;<br \/>\nCH2: 0-15V\/\u00b13A or 0-9V\/\u00b15A, 45W;<br \/>\n2U half rack, (Standard LAN\/USB and front panel USB port)<\/p>","protected":false},"featured_media":11551,"comment_status":"closed","ping_status":"closed","template":"","meta":{"_acf_changed":false,"slim_seo":{"title":"IT6412 - YOTAVIS AG","description":"Alimentation DC \u00e0 deux canaux CH1 : \u00b115V\/\u00b13A ou \u00b19V\/\u00b15A, 45W ; CH2 : 0-15V\/\u00b13A ou 0-9V\/\u00b15A, 45W ; demi-rack 2U, (LAN\/USB standard et port USB sur le panneau avant)"}},"product_brand":[822],"product_cat":[516,515],"product_tag":[],"class_list":{"0":"post-10731","1":"product","2":"type-product","3":"status-publish","4":"has-post-thumbnail","6":"product_brand-itech","7":"product_cat-dc-source-en","8":"product_cat-power-en","9":"pa_current-a-392","10":"pa_output-number-153","11":"pa_power-w-590","12":"pa_remote-control-yes","13":"pa_voltage-v-149","15":"first","16":"instock","17":"taxable","18":"shipping-taxable","19":"product-type-simple"},"acf":[],"_links":{"self":[{"href":"https:\/\/yotavis.ch\/fr\/wp-json\/wp\/v2\/product\/10731","targetHints":{"allow":["GET"]}}],"collection":[{"href":"https:\/\/yotavis.ch\/fr\/wp-json\/wp\/v2\/product"}],"about":[{"href":"https:\/\/yotavis.ch\/fr\/wp-json\/wp\/v2\/types\/product"}],"replies":[{"embeddable":true,"href":"https:\/\/yotavis.ch\/fr\/wp-json\/wp\/v2\/comments?post=10731"}],"wp:featuredmedia":[{"embeddable":true,"href":"https:\/\/yotavis.ch\/fr\/wp-json\/wp\/v2\/media\/11551"}],"wp:attachment":[{"href":"https:\/\/yotavis.ch\/fr\/wp-json\/wp\/v2\/media?parent=10731"}],"wp:term":[{"taxonomy":"product_brand","embeddable":true,"href":"https:\/\/yotavis.ch\/fr\/wp-json\/wp\/v2\/product_brand?post=10731"},{"taxonomy":"product_cat","embeddable":true,"href":"https:\/\/yotavis.ch\/fr\/wp-json\/wp\/v2\/product_cat?post=10731"},{"taxonomy":"product_tag","embeddable":true,"href":"https:\/\/yotavis.ch\/fr\/wp-json\/wp\/v2\/product_tag?post=10731"}],"curies":[{"name":"wp","href":"https:\/\/api.w.org\/{rel}","templated":true}]}}