{"id":10734,"date":"2025-10-09T00:00:00","date_gmt":"2025-10-08T22:00:00","guid":{"rendered":"https:\/\/yotavis.ch\/product\/it6432\/"},"modified":"2026-04-24T13:44:35","modified_gmt":"2026-04-24T11:44:35","slug":"it6432","status":"publish","type":"product","link":"https:\/\/yotavis.ch\/fr\/produit\/it6432\/","title":{"rendered":"IT6432"},"content":{"rendered":"<p>L'ITECH IT6432 est un bloc d'alimentation DC avec une plage de tension de 0 \u00e0 30 volts et une capacit\u00e9 de courant allant jusqu'\u00e0 5 amp\u00e8res, d\u00e9livrant une puissance maximale de 150 watts. Il se caract\u00e9rise par une conception en demi-rack 2U, ce qui permet de l'int\u00e9grer dans des racks d'\u00e9quipement standard. L'unit\u00e9 comprend un canal de sortie et prend en charge la fonctionnalit\u00e9 de contr\u00f4le \u00e0 distance, ce qui permet une utilisation pratique \u00e0 distance. Les options de connectivit\u00e9 comprennent des interfaces LAN et USB standard, ainsi qu'un port USB sur le panneau avant pour un acc\u00e8s facile. Cette alimentation est con\u00e7ue pour fournir un courant continu stable et r\u00e9glable pour diverses applications n\u00e9cessitant un contr\u00f4le pr\u00e9cis de la tension et du courant. Son format compact et ses multiples options d'interface lui permettent de s'adapter \u00e0 diff\u00e9rents environnements de test et de d\u00e9veloppement.<\/p>","protected":false},"excerpt":{"rendered":"<p>Alimentation DC -30V-0V, 0-30V\/\u00b15A, 150W ; demi-rack 2U, (LAN\/USB standard et port USB en face avant)<\/p>","protected":false},"featured_media":12318,"comment_status":"closed","ping_status":"closed","template":"","meta":{"_acf_changed":false,"slim_seo":{"title":"IT6432 - YOTAVIS AG","description":"Alimentation DC -30V-0V, 0-30V\/\u00b15A, 150W ; demi-rack 2U, (LAN\/USB standard et port USB en face avant)"}},"product_brand":[822],"product_cat":[516,515],"product_tag":[],"class_list":{"0":"post-10734","1":"product","2":"type-product","3":"status-publish","4":"has-post-thumbnail","6":"product_brand-itech","7":"product_cat-dc-source-en","8":"product_cat-power-en","9":"pa_current-a-392","10":"pa_output-number-146","11":"pa_power-w-391","12":"pa_remote-control-yes","13":"pa_voltage-v-145","15":"first","16":"instock","17":"taxable","18":"shipping-taxable","19":"product-type-simple"},"acf":[],"_links":{"self":[{"href":"https:\/\/yotavis.ch\/fr\/wp-json\/wp\/v2\/product\/10734","targetHints":{"allow":["GET"]}}],"collection":[{"href":"https:\/\/yotavis.ch\/fr\/wp-json\/wp\/v2\/product"}],"about":[{"href":"https:\/\/yotavis.ch\/fr\/wp-json\/wp\/v2\/types\/product"}],"replies":[{"embeddable":true,"href":"https:\/\/yotavis.ch\/fr\/wp-json\/wp\/v2\/comments?post=10734"}],"wp:featuredmedia":[{"embeddable":true,"href":"https:\/\/yotavis.ch\/fr\/wp-json\/wp\/v2\/media\/12318"}],"wp:attachment":[{"href":"https:\/\/yotavis.ch\/fr\/wp-json\/wp\/v2\/media?parent=10734"}],"wp:term":[{"taxonomy":"product_brand","embeddable":true,"href":"https:\/\/yotavis.ch\/fr\/wp-json\/wp\/v2\/product_brand?post=10734"},{"taxonomy":"product_cat","embeddable":true,"href":"https:\/\/yotavis.ch\/fr\/wp-json\/wp\/v2\/product_cat?post=10734"},{"taxonomy":"product_tag","embeddable":true,"href":"https:\/\/yotavis.ch\/fr\/wp-json\/wp\/v2\/product_tag?post=10734"}],"curies":[{"name":"wp","href":"https:\/\/api.w.org\/{rel}","templated":true}]}}