{"id":10735,"date":"2025-10-09T00:00:00","date_gmt":"2025-10-08T22:00:00","guid":{"rendered":"https:\/\/yotavis.ch\/product\/it6432s\/"},"modified":"2026-04-24T13:44:35","modified_gmt":"2026-04-24T11:44:35","slug":"it6432s","status":"publish","type":"product","link":"https:\/\/yotavis.ch\/fr\/produit\/it6432s\/","title":{"rendered":"IT6432S"},"content":{"rendered":"<p>L'ITECH IT6432S est une unit\u00e9 d'alimentation DC con\u00e7ue pour fournir une gamme de tension de 0 \u00e0 30 volts avec une sortie de courant jusqu'\u00e0 \u00b121 milliamp\u00e8res. Il d\u00e9livre une puissance de 0,63 watts et dispose d'un seul canal de sortie. L'appareil est log\u00e9 dans un demi-rack 2U, ce qui permet de l'int\u00e9grer dans des racks d'\u00e9quipement standard. Les options de connectivit\u00e9 comprennent des ports LAN et USB standard, ainsi qu'un port USB suppl\u00e9mentaire situ\u00e9 sur le panneau avant pour un acc\u00e8s pratique. L'alimentation prend en charge la fonctionnalit\u00e9 de contr\u00f4le \u00e0 distance, ce qui permet d'effectuer des op\u00e9rations et des r\u00e9glages \u00e0 distance. Ce mod\u00e8le est con\u00e7u pour r\u00e9pondre avec pr\u00e9cision \u00e0 des exigences sp\u00e9cifiques en mati\u00e8re de tension et de courant, ce qui garantit des performances stables et fiables dans diverses applications. Sa conception compacte et ses options d'interface permettent de l'utiliser dans des environnements contr\u00f4l\u00e9s o\u00f9 l'espace et l'accessibilit\u00e9 sont des facteurs importants.<\/p>","protected":false},"excerpt":{"rendered":"<p>DC PSU -30V-0V, 0-30V\/\u00b121mA, 0.63W;<br \/>\n2U half rack, (Standard LAN\/USB and front panel USB port)<\/p>","protected":false},"featured_media":12318,"comment_status":"closed","ping_status":"closed","template":"","meta":{"_acf_changed":false,"slim_seo":{"title":"IT6432S - YOTAVIS AG","description":"Alimentation DC -30V-0V, 0-30V\/\u00b121mA, 0,63W ; demi-rack 2U, (LAN\/USB standard et port USB en face avant)"}},"product_brand":[822],"product_cat":[516,515],"product_tag":[],"class_list":{"0":"post-10735","1":"product","2":"type-product","3":"status-publish","4":"has-post-thumbnail","6":"product_brand-itech","7":"product_cat-dc-source-en","8":"product_cat-power-en","9":"pa_current-a-0-021","10":"pa_output-number-146","11":"pa_power-w-0-63","12":"pa_remote-control-yes","13":"pa_voltage-v-145","15":"first","16":"instock","17":"taxable","18":"shipping-taxable","19":"product-type-simple"},"acf":[],"_links":{"self":[{"href":"https:\/\/yotavis.ch\/fr\/wp-json\/wp\/v2\/product\/10735","targetHints":{"allow":["GET"]}}],"collection":[{"href":"https:\/\/yotavis.ch\/fr\/wp-json\/wp\/v2\/product"}],"about":[{"href":"https:\/\/yotavis.ch\/fr\/wp-json\/wp\/v2\/types\/product"}],"replies":[{"embeddable":true,"href":"https:\/\/yotavis.ch\/fr\/wp-json\/wp\/v2\/comments?post=10735"}],"wp:featuredmedia":[{"embeddable":true,"href":"https:\/\/yotavis.ch\/fr\/wp-json\/wp\/v2\/media\/12318"}],"wp:attachment":[{"href":"https:\/\/yotavis.ch\/fr\/wp-json\/wp\/v2\/media?parent=10735"}],"wp:term":[{"taxonomy":"product_brand","embeddable":true,"href":"https:\/\/yotavis.ch\/fr\/wp-json\/wp\/v2\/product_brand?post=10735"},{"taxonomy":"product_cat","embeddable":true,"href":"https:\/\/yotavis.ch\/fr\/wp-json\/wp\/v2\/product_cat?post=10735"},{"taxonomy":"product_tag","embeddable":true,"href":"https:\/\/yotavis.ch\/fr\/wp-json\/wp\/v2\/product_tag?post=10735"}],"curies":[{"name":"wp","href":"https:\/\/api.w.org\/{rel}","templated":true}]}}