{"id":10740,"date":"2025-10-09T00:00:00","date_gmt":"2025-10-08T22:00:00","guid":{"rendered":"https:\/\/yotavis.ch\/product\/it6512\/"},"modified":"2026-04-24T13:44:37","modified_gmt":"2026-04-24T11:44:37","slug":"it6512","status":"publish","type":"product","link":"https:\/\/yotavis.ch\/fr\/produit\/it6512\/","title":{"rendered":"IT6512"},"content":{"rendered":"<p>L'ITECH IT6512 est un bloc d'alimentation \u00e0 courant continu d'une puissance de sortie maximale de 1200 watts. Il fonctionne \u00e0 une tension allant jusqu'\u00e0 80 volts et peut d\u00e9livrer un courant allant jusqu'\u00e0 60 amp\u00e8res. Ce mod\u00e8le est dot\u00e9 d'un seul canal de sortie, ce qui permet une distribution cibl\u00e9e de la puissance. L'appareil est con\u00e7u dans un facteur de forme 1U, ce qui le rend adapt\u00e9 \u00e0 un montage en rack standard. Il prend en charge la fonctionnalit\u00e9 de commande \u00e0 distance, permettant un fonctionnement via les interfaces RS232, USB ou RS485. La combinaison de ces caract\u00e9ristiques fait de l'IT6512 une option d'alimentation polyvalente pour diverses applications n\u00e9cessitant une alimentation CC stable et r\u00e9glable.<\/p>","protected":false},"excerpt":{"rendered":"<p>Alimentation DC 80V\/60A, 1200W;1U (Standard RS232\/USB\/RS485)<\/p>","protected":false},"featured_media":11554,"comment_status":"closed","ping_status":"closed","template":"","meta":{"_acf_changed":false,"slim_seo":{"title":"IT6512 - YOTAVIS AG","description":"Alimentation DC 80V\/60A, 1200W;1U (Standard RS232\/USB\/RS485)"}},"product_brand":[822],"product_cat":[516,515],"product_tag":[],"class_list":{"0":"post-10740","1":"product","2":"type-product","3":"status-publish","4":"has-post-thumbnail","6":"product_brand-itech","7":"product_cat-dc-source-en","8":"product_cat-power-en","9":"pa_current-a-406","10":"pa_output-number-146","11":"pa_power-w-479","12":"pa_remote-control-yes","13":"pa_voltage-v-155","15":"first","16":"instock","17":"taxable","18":"shipping-taxable","19":"product-type-simple"},"acf":[],"_links":{"self":[{"href":"https:\/\/yotavis.ch\/fr\/wp-json\/wp\/v2\/product\/10740","targetHints":{"allow":["GET"]}}],"collection":[{"href":"https:\/\/yotavis.ch\/fr\/wp-json\/wp\/v2\/product"}],"about":[{"href":"https:\/\/yotavis.ch\/fr\/wp-json\/wp\/v2\/types\/product"}],"replies":[{"embeddable":true,"href":"https:\/\/yotavis.ch\/fr\/wp-json\/wp\/v2\/comments?post=10740"}],"wp:featuredmedia":[{"embeddable":true,"href":"https:\/\/yotavis.ch\/fr\/wp-json\/wp\/v2\/media\/11554"}],"wp:attachment":[{"href":"https:\/\/yotavis.ch\/fr\/wp-json\/wp\/v2\/media?parent=10740"}],"wp:term":[{"taxonomy":"product_brand","embeddable":true,"href":"https:\/\/yotavis.ch\/fr\/wp-json\/wp\/v2\/product_brand?post=10740"},{"taxonomy":"product_cat","embeddable":true,"href":"https:\/\/yotavis.ch\/fr\/wp-json\/wp\/v2\/product_cat?post=10740"},{"taxonomy":"product_tag","embeddable":true,"href":"https:\/\/yotavis.ch\/fr\/wp-json\/wp\/v2\/product_tag?post=10740"}],"curies":[{"name":"wp","href":"https:\/\/api.w.org\/{rel}","templated":true}]}}