{"id":10741,"date":"2025-10-09T00:00:00","date_gmt":"2025-10-08T22:00:00","guid":{"rendered":"https:\/\/yotavis.ch\/product\/it6512-l\/"},"modified":"2026-04-24T13:44:38","modified_gmt":"2026-04-24T11:44:38","slug":"it6512-l","status":"publish","type":"product","link":"https:\/\/yotavis.ch\/fr\/produit\/it6512-l\/","title":{"rendered":"IT6512-L"},"content":{"rendered":"<p>L'IT6512-L est un bloc d'alimentation DC avec une tension de sortie maximale de 80 volts et une capacit\u00e9 de courant de 60 amp\u00e8res, d\u00e9livrant une puissance totale de 1200 watts. Il dispose d'un seul canal de sortie et est con\u00e7u pour s'adapter \u00e0 une unit\u00e9 de rack standard 1U. L'appareil prend en charge la fonctionnalit\u00e9 de commande \u00e0 distance, permettant un fonctionnement via les interfaces RS232, USB, RS485 et LAN. Cette connectivit\u00e9 permet une int\u00e9gration flexible dans diverses configurations de test et d'automatisation. L'alimentation est fabriqu\u00e9e par ITECH, une marque connue pour ses \u00e9quipements de test \u00e9lectroniques. Sa conception compacte et ses multiples protocoles de communication la rendent adapt\u00e9e aux applications n\u00e9cessitant une alimentation en courant continu pr\u00e9cise et fiable. Les sp\u00e9cifications de l'unit\u00e9 se concentrent sur la fourniture d'une puissance de sortie stable et contr\u00f4l\u00e9e pour diff\u00e9rents dispositifs et syst\u00e8mes \u00e9lectroniques.<\/p>","protected":false},"excerpt":{"rendered":"<p>Alimentation DC 80V\/60A, 1200W ; 1U (Standard RS232\/USB\/RS485\/LAN)<\/p>","protected":false},"featured_media":11554,"comment_status":"closed","ping_status":"closed","template":"","meta":{"_acf_changed":false,"slim_seo":{"title":"IT6512-L - YOTAVIS AG","description":"Alimentation DC 80V\/60A, 1200W ; 1U (Standard RS232\/USB\/RS485\/LAN)"}},"product_brand":[822],"product_cat":[516,515],"product_tag":[],"class_list":{"0":"post-10741","1":"product","2":"type-product","3":"status-publish","4":"has-post-thumbnail","6":"product_brand-itech","7":"product_cat-dc-source-en","8":"product_cat-power-en","9":"pa_current-a-406","10":"pa_output-number-146","11":"pa_power-w-479","12":"pa_remote-control-yes","13":"pa_voltage-v-155","15":"first","16":"instock","17":"taxable","18":"shipping-taxable","19":"product-type-simple"},"acf":[],"_links":{"self":[{"href":"https:\/\/yotavis.ch\/fr\/wp-json\/wp\/v2\/product\/10741","targetHints":{"allow":["GET"]}}],"collection":[{"href":"https:\/\/yotavis.ch\/fr\/wp-json\/wp\/v2\/product"}],"about":[{"href":"https:\/\/yotavis.ch\/fr\/wp-json\/wp\/v2\/types\/product"}],"replies":[{"embeddable":true,"href":"https:\/\/yotavis.ch\/fr\/wp-json\/wp\/v2\/comments?post=10741"}],"wp:featuredmedia":[{"embeddable":true,"href":"https:\/\/yotavis.ch\/fr\/wp-json\/wp\/v2\/media\/11554"}],"wp:attachment":[{"href":"https:\/\/yotavis.ch\/fr\/wp-json\/wp\/v2\/media?parent=10741"}],"wp:term":[{"taxonomy":"product_brand","embeddable":true,"href":"https:\/\/yotavis.ch\/fr\/wp-json\/wp\/v2\/product_brand?post=10741"},{"taxonomy":"product_cat","embeddable":true,"href":"https:\/\/yotavis.ch\/fr\/wp-json\/wp\/v2\/product_cat?post=10741"},{"taxonomy":"product_tag","embeddable":true,"href":"https:\/\/yotavis.ch\/fr\/wp-json\/wp\/v2\/product_tag?post=10741"}],"curies":[{"name":"wp","href":"https:\/\/api.w.org\/{rel}","templated":true}]}}