{"id":10745,"date":"2025-10-09T00:00:00","date_gmt":"2025-10-08T22:00:00","guid":{"rendered":"https:\/\/yotavis.ch\/product\/it6513-l\/"},"modified":"2026-04-24T13:44:40","modified_gmt":"2026-04-24T11:44:40","slug":"it6513-l","status":"publish","type":"product","link":"https:\/\/yotavis.ch\/fr\/produit\/it6513-l\/","title":{"rendered":"IT6513-L"},"content":{"rendered":"<p>L'IT6513-L est un bloc d'alimentation DC avec une tension de sortie maximale de 150 volts et une capacit\u00e9 de courant de 30 amp\u00e8res, d\u00e9livrant une puissance totale de 1200 watts. Il dispose d'un seul canal de sortie et est con\u00e7u dans un facteur de forme 1U. L'appareil prend en charge la fonctionnalit\u00e9 de commande \u00e0 distance, permettant un fonctionnement via des interfaces de communication standard, notamment RS232, USB, RS485 et LAN. Cette gamme d'interfaces offre une grande flexibilit\u00e9 pour l'int\u00e9gration dans diverses configurations de test et d'automatisation. L'alimentation est fabriqu\u00e9e par ITECH, une marque connue pour ses \u00e9quipements de test \u00e9lectroniques. La combinaison de ses sp\u00e9cifications de tension, de courant et de puissance la rend adapt\u00e9e aux applications n\u00e9cessitant une alimentation en courant continu stable et r\u00e9glable. L'inclusion de plusieurs protocoles de communication am\u00e9liore son utilisation dans des environnements distants et automatis\u00e9s.<\/p>","protected":false},"excerpt":{"rendered":"<p>Alimentation DC 150V\/30A, 1200W;1U (Standard RS232\/USB\/RS485\/LAN)<\/p>","protected":false},"featured_media":11554,"comment_status":"closed","ping_status":"closed","template":"","meta":{"_acf_changed":false,"slim_seo":{"title":"IT6513-L - YOTAVIS AG","description":"Alimentation DC 150V\/30A, 1200W;1U (Standard RS232\/USB\/RS485\/LAN)"}},"product_brand":[822],"product_cat":[516,515],"product_tag":[],"class_list":{"0":"post-10745","1":"product","2":"type-product","3":"status-publish","4":"has-post-thumbnail","6":"product_brand-itech","7":"product_cat-dc-source-en","8":"product_cat-power-en","9":"pa_current-a-404","10":"pa_output-number-146","11":"pa_power-w-479","12":"pa_remote-control-yes","13":"pa_voltage-v-150","15":"first","16":"instock","17":"taxable","18":"shipping-taxable","19":"product-type-simple"},"acf":[],"_links":{"self":[{"href":"https:\/\/yotavis.ch\/fr\/wp-json\/wp\/v2\/product\/10745","targetHints":{"allow":["GET"]}}],"collection":[{"href":"https:\/\/yotavis.ch\/fr\/wp-json\/wp\/v2\/product"}],"about":[{"href":"https:\/\/yotavis.ch\/fr\/wp-json\/wp\/v2\/types\/product"}],"replies":[{"embeddable":true,"href":"https:\/\/yotavis.ch\/fr\/wp-json\/wp\/v2\/comments?post=10745"}],"wp:featuredmedia":[{"embeddable":true,"href":"https:\/\/yotavis.ch\/fr\/wp-json\/wp\/v2\/media\/11554"}],"wp:attachment":[{"href":"https:\/\/yotavis.ch\/fr\/wp-json\/wp\/v2\/media?parent=10745"}],"wp:term":[{"taxonomy":"product_brand","embeddable":true,"href":"https:\/\/yotavis.ch\/fr\/wp-json\/wp\/v2\/product_brand?post=10745"},{"taxonomy":"product_cat","embeddable":true,"href":"https:\/\/yotavis.ch\/fr\/wp-json\/wp\/v2\/product_cat?post=10745"},{"taxonomy":"product_tag","embeddable":true,"href":"https:\/\/yotavis.ch\/fr\/wp-json\/wp\/v2\/product_tag?post=10745"}],"curies":[{"name":"wp","href":"https:\/\/api.w.org\/{rel}","templated":true}]}}