{"id":10749,"date":"2025-10-09T00:00:00","date_gmt":"2025-10-08T22:00:00","guid":{"rendered":"https:\/\/yotavis.ch\/product\/it6513d\/"},"modified":"2026-04-24T13:44:47","modified_gmt":"2026-04-24T11:44:47","slug":"it6513d","status":"publish","type":"product","link":"https:\/\/yotavis.ch\/fr\/produit\/it6513d\/","title":{"rendered":"IT6513D"},"content":{"rendered":"<p>L'ITECH IT6513D est une unit\u00e9 d'alimentation en courant continu avec une tension de sortie maximale de 200 volts et une capacit\u00e9 de courant de 60 amp\u00e8res, d\u00e9livrant une puissance totale de 1800 watts. Il dispose d'un seul canal de sortie et prend en charge la fonctionnalit\u00e9 de contr\u00f4le \u00e0 distance, ce qui permet un fonctionnement pratique \u00e0 partir d'une certaine distance. L'appareil est con\u00e7u dans un format 2U et comprend des interfaces de communication standard telles que RS232, USB, LAN, CAN et analogique, ce qui facilite les options de connectivit\u00e9 polyvalentes. Cette alimentation convient aux applications n\u00e9cessitant une alimentation en courant continu stable et pr\u00e9cise. Sa conception permet de l'int\u00e9grer dans diverses installations de test et de mesure o\u00f9 la surveillance et le contr\u00f4le \u00e0 distance sont essentiels. La combinaison d'une tension et d'un courant nominaux \u00e9lev\u00e9s lui permet d'alimenter des dispositifs et des syst\u00e8mes \u00e9lectroniques exigeants.<\/p>","protected":false},"excerpt":{"rendered":"<p>DC PSU 200V\/60A, 1800W ;2U   (Standard RS232\/USB\/LAN\/CAN\/Analogue interface)<\/p>","protected":false},"featured_media":11561,"comment_status":"closed","ping_status":"closed","template":"","meta":{"_acf_changed":false,"slim_seo":{"title":"IT6513D - YOTAVIS AG","description":"Alimentation DC 200V\/60A, 1800W ;2U (Interface standard RS232\/USB\/LAN\/CAN\/Analogique)"}},"product_brand":[822],"product_cat":[516,515],"product_tag":[],"class_list":{"0":"post-10749","1":"product","2":"type-product","3":"status-publish","4":"has-post-thumbnail","6":"product_brand-itech","7":"product_cat-dc-source-en","8":"product_cat-power-en","9":"pa_current-a-406","10":"pa_output-number-146","11":"pa_power-w-963","12":"pa_remote-control-yes","13":"pa_voltage-v-150","15":"first","16":"instock","17":"taxable","18":"shipping-taxable","19":"product-type-simple"},"acf":[],"_links":{"self":[{"href":"https:\/\/yotavis.ch\/fr\/wp-json\/wp\/v2\/product\/10749","targetHints":{"allow":["GET"]}}],"collection":[{"href":"https:\/\/yotavis.ch\/fr\/wp-json\/wp\/v2\/product"}],"about":[{"href":"https:\/\/yotavis.ch\/fr\/wp-json\/wp\/v2\/types\/product"}],"replies":[{"embeddable":true,"href":"https:\/\/yotavis.ch\/fr\/wp-json\/wp\/v2\/comments?post=10749"}],"wp:featuredmedia":[{"embeddable":true,"href":"https:\/\/yotavis.ch\/fr\/wp-json\/wp\/v2\/media\/11561"}],"wp:attachment":[{"href":"https:\/\/yotavis.ch\/fr\/wp-json\/wp\/v2\/media?parent=10749"}],"wp:term":[{"taxonomy":"product_brand","embeddable":true,"href":"https:\/\/yotavis.ch\/fr\/wp-json\/wp\/v2\/product_brand?post=10749"},{"taxonomy":"product_cat","embeddable":true,"href":"https:\/\/yotavis.ch\/fr\/wp-json\/wp\/v2\/product_cat?post=10749"},{"taxonomy":"product_tag","embeddable":true,"href":"https:\/\/yotavis.ch\/fr\/wp-json\/wp\/v2\/product_tag?post=10749"}],"curies":[{"name":"wp","href":"https:\/\/api.w.org\/{rel}","templated":true}]}}