{"id":10750,"date":"2025-10-09T00:00:00","date_gmt":"2025-10-08T22:00:00","guid":{"rendered":"https:\/\/yotavis.ch\/product\/it6514c\/"},"modified":"2026-04-24T13:44:47","modified_gmt":"2026-04-24T11:44:47","slug":"it6514c","status":"publish","type":"product","link":"https:\/\/yotavis.ch\/fr\/produit\/it6514c\/","title":{"rendered":"IT6514C"},"content":{"rendered":"<p>L'ITECH IT6514C est un bloc d'alimentation DC avec une tension de sortie maximale de 360 volts et une capacit\u00e9 de courant de 30 amp\u00e8res, d\u00e9livrant une puissance totale de 1800 watts. Il dispose d'un seul canal de sortie et est con\u00e7u dans un facteur de forme 2U. L'appareil prend en charge la fonctionnalit\u00e9 de commande \u00e0 distance, permettant un fonctionnement via les interfaces standard RS232, USB, LAN, CAN et analogique. Cette gamme d'options de connectivit\u00e9 facilite l'int\u00e9gration dans divers environnements de test et d'automatisation. L'alimentation convient aux applications n\u00e9cessitant une alimentation en courant continu stable et pr\u00e9cise. Sa conception met l'accent sur la compatibilit\u00e9 avec de multiples protocoles de communication, ce qui renforce sa polyvalence dans diff\u00e9rentes configurations. L'IT6514C est con\u00e7u pour offrir des performances fiables dans des sc\u00e9narios d'essais \u00e9lectriques exigeants.<\/p>","protected":false},"excerpt":{"rendered":"<p>DC PSU 360V\/30A, 1800W ;2U   (Standard RS232\/USB\/LAN\/CAN\/Analogue interface)<\/p>","protected":false},"featured_media":11561,"comment_status":"closed","ping_status":"closed","template":"","meta":{"_acf_changed":false,"slim_seo":{"title":"IT6514C - YOTAVIS AG","description":"Alimentation DC 360V\/30A, 1800W ;2U (Interface standard RS232\/USB\/LAN\/CAN\/Analogique)"}},"product_brand":[822],"product_cat":[516,515],"product_tag":[],"class_list":{"0":"post-10750","1":"product","2":"type-product","3":"status-publish","4":"has-post-thumbnail","6":"product_brand-itech","7":"product_cat-dc-source-en","8":"product_cat-power-en","9":"pa_current-a-404","10":"pa_output-number-146","11":"pa_power-w-963","12":"pa_remote-control-yes","13":"pa_voltage-v-964","15":"first","16":"instock","17":"taxable","18":"shipping-taxable","19":"product-type-simple"},"acf":[],"_links":{"self":[{"href":"https:\/\/yotavis.ch\/fr\/wp-json\/wp\/v2\/product\/10750","targetHints":{"allow":["GET"]}}],"collection":[{"href":"https:\/\/yotavis.ch\/fr\/wp-json\/wp\/v2\/product"}],"about":[{"href":"https:\/\/yotavis.ch\/fr\/wp-json\/wp\/v2\/types\/product"}],"replies":[{"embeddable":true,"href":"https:\/\/yotavis.ch\/fr\/wp-json\/wp\/v2\/comments?post=10750"}],"wp:featuredmedia":[{"embeddable":true,"href":"https:\/\/yotavis.ch\/fr\/wp-json\/wp\/v2\/media\/11561"}],"wp:attachment":[{"href":"https:\/\/yotavis.ch\/fr\/wp-json\/wp\/v2\/media?parent=10750"}],"wp:term":[{"taxonomy":"product_brand","embeddable":true,"href":"https:\/\/yotavis.ch\/fr\/wp-json\/wp\/v2\/product_brand?post=10750"},{"taxonomy":"product_cat","embeddable":true,"href":"https:\/\/yotavis.ch\/fr\/wp-json\/wp\/v2\/product_cat?post=10750"},{"taxonomy":"product_tag","embeddable":true,"href":"https:\/\/yotavis.ch\/fr\/wp-json\/wp\/v2\/product_tag?post=10750"}],"curies":[{"name":"wp","href":"https:\/\/api.w.org\/{rel}","templated":true}]}}