{"id":10756,"date":"2025-10-09T00:00:00","date_gmt":"2025-10-08T22:00:00","guid":{"rendered":"https:\/\/yotavis.ch\/product\/it6517c\/"},"modified":"2026-04-24T13:44:49","modified_gmt":"2026-04-24T11:44:49","slug":"it6517c","status":"publish","type":"product","link":"https:\/\/yotavis.ch\/fr\/produit\/it6517c\/","title":{"rendered":"IT6517C"},"content":{"rendered":"<p>L'ITECH IT6517C est une unit\u00e9 d'alimentation DC avec une tension de sortie maximale de 1000 volts et une capacit\u00e9 de courant de 10 amp\u00e8res, d\u00e9livrant jusqu'\u00e0 1800 watts de puissance. Elle pr\u00e9sente un facteur de forme 2U et comprend un seul canal de sortie. Cette alimentation prend en charge la fonctionnalit\u00e9 de contr\u00f4le \u00e0 distance, ce qui permet une utilisation pratique \u00e0 distance. L'appareil est \u00e9quip\u00e9 de plusieurs interfaces standard, notamment RS232, USB, LAN, CAN et analogique, ce qui facilite les options de connectivit\u00e9 polyvalentes pour diverses applications. Con\u00e7u pour fournir une alimentation fiable et pr\u00e9cise, l'IT6517C convient aux environnements n\u00e9cessitant une alimentation CC contr\u00f4l\u00e9e. Sa combinaison de tensions, de courants et de puissances nominales \u00e9lev\u00e9s lui permet de s'adapter \u00e0 toute une s\u00e9rie de sc\u00e9narios de test et d'exploitation dans lesquels une alimentation en courant continu stable est essentielle.<\/p>","protected":false},"excerpt":{"rendered":"<p>DC PSU 1000V\/10A, 1800W ;2U   (Standard RS232\/USB\/LAN\/CAN\/Analogue interface)<\/p>","protected":false},"featured_media":11561,"comment_status":"closed","ping_status":"closed","template":"","meta":{"_acf_changed":false,"slim_seo":{"title":"IT6517C - YOTAVIS AG","description":"Alimentation DC 1000V\/10A, 1800W ;2U (Interface standard RS232\/USB\/LAN\/CAN\/Analogique)"}},"product_brand":[822],"product_cat":[516,515],"product_tag":[],"class_list":{"0":"post-10756","1":"product","2":"type-product","3":"status-publish","4":"has-post-thumbnail","6":"product_brand-itech","7":"product_cat-dc-source-en","8":"product_cat-power-en","9":"pa_current-a-397","10":"pa_output-number-146","11":"pa_power-w-963","12":"pa_remote-control-yes","13":"pa_voltage-v-639","15":"first","16":"instock","17":"taxable","18":"shipping-taxable","19":"product-type-simple"},"acf":[],"_links":{"self":[{"href":"https:\/\/yotavis.ch\/fr\/wp-json\/wp\/v2\/product\/10756","targetHints":{"allow":["GET"]}}],"collection":[{"href":"https:\/\/yotavis.ch\/fr\/wp-json\/wp\/v2\/product"}],"about":[{"href":"https:\/\/yotavis.ch\/fr\/wp-json\/wp\/v2\/types\/product"}],"replies":[{"embeddable":true,"href":"https:\/\/yotavis.ch\/fr\/wp-json\/wp\/v2\/comments?post=10756"}],"wp:featuredmedia":[{"embeddable":true,"href":"https:\/\/yotavis.ch\/fr\/wp-json\/wp\/v2\/media\/11561"}],"wp:attachment":[{"href":"https:\/\/yotavis.ch\/fr\/wp-json\/wp\/v2\/media?parent=10756"}],"wp:term":[{"taxonomy":"product_brand","embeddable":true,"href":"https:\/\/yotavis.ch\/fr\/wp-json\/wp\/v2\/product_brand?post=10756"},{"taxonomy":"product_cat","embeddable":true,"href":"https:\/\/yotavis.ch\/fr\/wp-json\/wp\/v2\/product_cat?post=10756"},{"taxonomy":"product_tag","embeddable":true,"href":"https:\/\/yotavis.ch\/fr\/wp-json\/wp\/v2\/product_tag?post=10756"}],"curies":[{"name":"wp","href":"https:\/\/api.w.org\/{rel}","templated":true}]}}