{"id":10758,"date":"2025-10-09T00:00:00","date_gmt":"2025-10-08T22:00:00","guid":{"rendered":"https:\/\/yotavis.ch\/product\/it6522c\/"},"modified":"2026-04-24T13:44:50","modified_gmt":"2026-04-24T11:44:50","slug":"it6522c","status":"publish","type":"product","link":"https:\/\/yotavis.ch\/fr\/produit\/it6522c\/","title":{"rendered":"IT6522C"},"content":{"rendered":"<p>L'ITECH IT6522C est un bloc d'alimentation DC avec une tension de sortie maximale de 80 volts et un courant maximal de 120 amp\u00e8res, d\u00e9livrant une puissance totale de 3000 watts. Il dispose d'un seul canal de sortie et est con\u00e7u dans un facteur de forme 2U. L'appareil prend en charge la fonctionnalit\u00e9 de commande \u00e0 distance, permettant un fonctionnement via les interfaces standard RS232, USB, LAN, CAN et analogique. Cette gamme d'options de connectivit\u00e9 facilite l'int\u00e9gration dans divers environnements de test et d'automatisation. L'alimentation convient aux applications n\u00e9cessitant une alimentation en courant continu stable et de forte intensit\u00e9. Sa conception met l'accent sur la polyvalence et le contr\u00f4le, ce qui lui permet de s'adapter \u00e0 diff\u00e9rentes configurations o\u00f9 une alimentation pr\u00e9cise est n\u00e9cessaire.<\/p>","protected":false},"excerpt":{"rendered":"<p>DC PSU 80V\/120A, 3000W ;2U  (Standard RS232\/USB\/LAN\/CAN\/Analogue interface)<\/p>","protected":false},"featured_media":11561,"comment_status":"closed","ping_status":"closed","template":"","meta":{"_acf_changed":false,"slim_seo":{"title":"IT6522C - YOTAVIS AG","description":"Alimentation DC 80V\/120A, 3000W ;2U (Interface standard RS232\/USB\/LAN\/CAN\/Analogique)"}},"product_brand":[822],"product_cat":[516,515],"product_tag":[],"class_list":{"0":"post-10758","1":"product","2":"type-product","3":"status-publish","4":"has-post-thumbnail","6":"product_brand-itech","7":"product_cat-dc-source-en","8":"product_cat-power-en","9":"pa_current-a-559","10":"pa_output-number-146","11":"pa_power-w-632","12":"pa_remote-control-yes","13":"pa_voltage-v-155","15":"first","16":"instock","17":"taxable","18":"shipping-taxable","19":"product-type-simple"},"acf":[],"_links":{"self":[{"href":"https:\/\/yotavis.ch\/fr\/wp-json\/wp\/v2\/product\/10758","targetHints":{"allow":["GET"]}}],"collection":[{"href":"https:\/\/yotavis.ch\/fr\/wp-json\/wp\/v2\/product"}],"about":[{"href":"https:\/\/yotavis.ch\/fr\/wp-json\/wp\/v2\/types\/product"}],"replies":[{"embeddable":true,"href":"https:\/\/yotavis.ch\/fr\/wp-json\/wp\/v2\/comments?post=10758"}],"wp:featuredmedia":[{"embeddable":true,"href":"https:\/\/yotavis.ch\/fr\/wp-json\/wp\/v2\/media\/11561"}],"wp:attachment":[{"href":"https:\/\/yotavis.ch\/fr\/wp-json\/wp\/v2\/media?parent=10758"}],"wp:term":[{"taxonomy":"product_brand","embeddable":true,"href":"https:\/\/yotavis.ch\/fr\/wp-json\/wp\/v2\/product_brand?post=10758"},{"taxonomy":"product_cat","embeddable":true,"href":"https:\/\/yotavis.ch\/fr\/wp-json\/wp\/v2\/product_cat?post=10758"},{"taxonomy":"product_tag","embeddable":true,"href":"https:\/\/yotavis.ch\/fr\/wp-json\/wp\/v2\/product_tag?post=10758"}],"curies":[{"name":"wp","href":"https:\/\/api.w.org\/{rel}","templated":true}]}}