{"id":10759,"date":"2025-10-09T00:00:00","date_gmt":"2025-10-08T22:00:00","guid":{"rendered":"https:\/\/yotavis.ch\/product\/it6522d\/"},"modified":"2026-04-24T13:44:51","modified_gmt":"2026-04-24T11:44:51","slug":"it6522d","status":"publish","type":"product","link":"https:\/\/yotavis.ch\/fr\/produit\/it6522d\/","title":{"rendered":"IT6522D"},"content":{"rendered":"<p>L'ITECH IT6522D est une unit\u00e9 d'alimentation en courant continu d'une puissance de sortie maximale de 3000 watts. Il d\u00e9livre une tension allant jusqu'\u00e0 80 volts et un courant allant jusqu'\u00e0 120 amp\u00e8res par le biais d'un seul canal de sortie. L'appareil est con\u00e7u dans un facteur de forme 2U et prend en charge la fonctionnalit\u00e9 de contr\u00f4le \u00e0 distance. Il est dot\u00e9 d'interfaces de communication standard, notamment RS232, USB, LAN, CAN et des connexions analogiques, ce qui permet une int\u00e9gration polyvalente et des options de contr\u00f4le. Cette alimentation convient aux applications n\u00e9cessitant une sortie CC stable et de grande puissance. La combinaison de sa puissance nominale et de ses multiples options d'interface lui permet de s'adapter \u00e0 divers environnements de test et d'exploitation.<\/p>","protected":false},"excerpt":{"rendered":"<p>DC PSU 80V\/120A, 3000W ;2U   (Standard RS232\/USB\/LAN\/CAN\/Analogue interface)<\/p>","protected":false},"featured_media":11561,"comment_status":"closed","ping_status":"closed","template":"","meta":{"_acf_changed":false,"slim_seo":{"title":"IT6522D - YOTAVIS AG","description":"Alimentation DC 80V\/120A, 3000W ;2U (Interface standard RS232\/USB\/LAN\/CAN\/Analogique)"}},"product_brand":[822],"product_cat":[516,515],"product_tag":[],"class_list":{"0":"post-10759","1":"product","2":"type-product","3":"status-publish","4":"has-post-thumbnail","6":"product_brand-itech","7":"product_cat-dc-source-en","8":"product_cat-power-en","9":"pa_current-a-559","10":"pa_output-number-146","11":"pa_power-w-632","12":"pa_remote-control-yes","13":"pa_voltage-v-155","15":"first","16":"instock","17":"taxable","18":"shipping-taxable","19":"product-type-simple"},"acf":[],"_links":{"self":[{"href":"https:\/\/yotavis.ch\/fr\/wp-json\/wp\/v2\/product\/10759","targetHints":{"allow":["GET"]}}],"collection":[{"href":"https:\/\/yotavis.ch\/fr\/wp-json\/wp\/v2\/product"}],"about":[{"href":"https:\/\/yotavis.ch\/fr\/wp-json\/wp\/v2\/types\/product"}],"replies":[{"embeddable":true,"href":"https:\/\/yotavis.ch\/fr\/wp-json\/wp\/v2\/comments?post=10759"}],"wp:featuredmedia":[{"embeddable":true,"href":"https:\/\/yotavis.ch\/fr\/wp-json\/wp\/v2\/media\/11561"}],"wp:attachment":[{"href":"https:\/\/yotavis.ch\/fr\/wp-json\/wp\/v2\/media?parent=10759"}],"wp:term":[{"taxonomy":"product_brand","embeddable":true,"href":"https:\/\/yotavis.ch\/fr\/wp-json\/wp\/v2\/product_brand?post=10759"},{"taxonomy":"product_cat","embeddable":true,"href":"https:\/\/yotavis.ch\/fr\/wp-json\/wp\/v2\/product_cat?post=10759"},{"taxonomy":"product_tag","embeddable":true,"href":"https:\/\/yotavis.ch\/fr\/wp-json\/wp\/v2\/product_tag?post=10759"}],"curies":[{"name":"wp","href":"https:\/\/api.w.org\/{rel}","templated":true}]}}