{"id":10760,"date":"2025-10-09T00:00:00","date_gmt":"2025-10-08T22:00:00","guid":{"rendered":"https:\/\/yotavis.ch\/product\/it6523c\/"},"modified":"2026-04-24T13:44:51","modified_gmt":"2026-04-24T11:44:51","slug":"it6523c","status":"publish","type":"product","link":"https:\/\/yotavis.ch\/fr\/produit\/it6523c\/","title":{"rendered":"IT6523C"},"content":{"rendered":"<p>L'ITECH IT6523C est une unit\u00e9 d'alimentation DC avec une tension de sortie maximale de 200 volts et une capacit\u00e9 de courant jusqu'\u00e0 60 amp\u00e8res, d\u00e9livrant une puissance totale de 3000 watts. Il dispose d'un seul canal de sortie et est con\u00e7u dans un facteur de forme 2U. L'appareil est dot\u00e9 d'une fonction de commande \u00e0 distance, ce qui permet de l'utiliser facilement \u00e0 distance. Il comprend des interfaces de communication standard telles que RS232, USB, LAN, CAN et analogique, ce qui facilite les options de connectivit\u00e9 polyvalentes pour l'int\u00e9gration dans divers syst\u00e8mes. Cette alimentation convient aux applications n\u00e9cessitant une sortie CC stable et de grande puissance avec un contr\u00f4le pr\u00e9cis. La combinaison de sa puissance nominale et de ses options d'interface permet de l'utiliser dans des environnements de test, de d\u00e9veloppement et industriels.<\/p>","protected":false},"excerpt":{"rendered":"<p>DC PSU 200V\/60A, 3000W ;2U   (Standard RS232\/USB\/LAN\/CAN\/Analogue interface)<\/p>","protected":false},"featured_media":11561,"comment_status":"closed","ping_status":"closed","template":"","meta":{"_acf_changed":false,"slim_seo":{"title":"IT6523C - YOTAVIS AG","description":"Alimentation DC 200V\/60A, 3000W ;2U (Interface standard RS232\/USB\/LAN\/CAN\/Analogique)"}},"product_brand":[822],"product_cat":[516,515],"product_tag":[],"class_list":{"0":"post-10760","1":"product","2":"type-product","3":"status-publish","4":"has-post-thumbnail","6":"product_brand-itech","7":"product_cat-dc-source-en","8":"product_cat-power-en","9":"pa_current-a-406","10":"pa_output-number-146","11":"pa_power-w-632","12":"pa_remote-control-yes","13":"pa_voltage-v-150","15":"first","16":"instock","17":"taxable","18":"shipping-taxable","19":"product-type-simple"},"acf":[],"_links":{"self":[{"href":"https:\/\/yotavis.ch\/fr\/wp-json\/wp\/v2\/product\/10760","targetHints":{"allow":["GET"]}}],"collection":[{"href":"https:\/\/yotavis.ch\/fr\/wp-json\/wp\/v2\/product"}],"about":[{"href":"https:\/\/yotavis.ch\/fr\/wp-json\/wp\/v2\/types\/product"}],"replies":[{"embeddable":true,"href":"https:\/\/yotavis.ch\/fr\/wp-json\/wp\/v2\/comments?post=10760"}],"wp:featuredmedia":[{"embeddable":true,"href":"https:\/\/yotavis.ch\/fr\/wp-json\/wp\/v2\/media\/11561"}],"wp:attachment":[{"href":"https:\/\/yotavis.ch\/fr\/wp-json\/wp\/v2\/media?parent=10760"}],"wp:term":[{"taxonomy":"product_brand","embeddable":true,"href":"https:\/\/yotavis.ch\/fr\/wp-json\/wp\/v2\/product_brand?post=10760"},{"taxonomy":"product_cat","embeddable":true,"href":"https:\/\/yotavis.ch\/fr\/wp-json\/wp\/v2\/product_cat?post=10760"},{"taxonomy":"product_tag","embeddable":true,"href":"https:\/\/yotavis.ch\/fr\/wp-json\/wp\/v2\/product_tag?post=10760"}],"curies":[{"name":"wp","href":"https:\/\/api.w.org\/{rel}","templated":true}]}}