{"id":10761,"date":"2025-10-09T00:00:00","date_gmt":"2025-10-08T22:00:00","guid":{"rendered":"https:\/\/yotavis.ch\/product\/it6523d\/"},"modified":"2026-04-24T13:44:52","modified_gmt":"2026-04-24T11:44:52","slug":"it6523d","status":"publish","type":"product","link":"https:\/\/yotavis.ch\/fr\/produit\/it6523d\/","title":{"rendered":"IT6523D"},"content":{"rendered":"<p>L'ITECH IT6523D est une unit\u00e9 d'alimentation en courant continu avec une tension de sortie maximale de 200 volts et une capacit\u00e9 de courant de 60 amp\u00e8res, d\u00e9livrant jusqu'\u00e0 3000 watts de puissance. Il dispose d'un seul canal de sortie et supporte la fonctionnalit\u00e9 de contr\u00f4le \u00e0 distance, ce qui permet un fonctionnement pratique \u00e0 partir d'une certaine distance. L'unit\u00e9 est con\u00e7ue dans un facteur de forme 2U, ce qui permet de l'installer dans des racks d'\u00e9quipement standard. Elle comprend plusieurs interfaces standard telles que RS232, USB, LAN, CAN et analogique, offrant des options de connectivit\u00e9 polyvalentes pour l'int\u00e9gration avec divers syst\u00e8mes de contr\u00f4le. Cette alimentation est con\u00e7ue pour r\u00e9pondre aux exigences des applications n\u00e9cessitant une alimentation en courant continu stable et fiable avec des capacit\u00e9s de contr\u00f4le et de communication flexibles. La combinaison d'une puissance de sortie \u00e9lev\u00e9e et d'options d'interface multiples permet de l'adapter \u00e0 diff\u00e9rents environnements de test et d'exploitation.<\/p>","protected":false},"excerpt":{"rendered":"<p>DC PSU 200V\/60A, 3000W ;2U   (Standard RS232\/USB\/LAN\/CAN\/Analogue interface)<\/p>","protected":false},"featured_media":11561,"comment_status":"closed","ping_status":"closed","template":"","meta":{"_acf_changed":false,"slim_seo":{"title":"IT6523D - YOTAVIS AG","description":"Alimentation DC 200V\/60A, 3000W ;2U (Interface standard RS232\/USB\/LAN\/CAN\/Analogique)"}},"product_brand":[822],"product_cat":[516,515],"product_tag":[],"class_list":{"0":"post-10761","1":"product","2":"type-product","3":"status-publish","4":"has-post-thumbnail","6":"product_brand-itech","7":"product_cat-dc-source-en","8":"product_cat-power-en","9":"pa_current-a-406","10":"pa_output-number-146","11":"pa_power-w-632","12":"pa_remote-control-yes","13":"pa_voltage-v-150","15":"first","16":"instock","17":"taxable","18":"shipping-taxable","19":"product-type-simple"},"acf":[],"_links":{"self":[{"href":"https:\/\/yotavis.ch\/fr\/wp-json\/wp\/v2\/product\/10761","targetHints":{"allow":["GET"]}}],"collection":[{"href":"https:\/\/yotavis.ch\/fr\/wp-json\/wp\/v2\/product"}],"about":[{"href":"https:\/\/yotavis.ch\/fr\/wp-json\/wp\/v2\/types\/product"}],"replies":[{"embeddable":true,"href":"https:\/\/yotavis.ch\/fr\/wp-json\/wp\/v2\/comments?post=10761"}],"wp:featuredmedia":[{"embeddable":true,"href":"https:\/\/yotavis.ch\/fr\/wp-json\/wp\/v2\/media\/11561"}],"wp:attachment":[{"href":"https:\/\/yotavis.ch\/fr\/wp-json\/wp\/v2\/media?parent=10761"}],"wp:term":[{"taxonomy":"product_brand","embeddable":true,"href":"https:\/\/yotavis.ch\/fr\/wp-json\/wp\/v2\/product_brand?post=10761"},{"taxonomy":"product_cat","embeddable":true,"href":"https:\/\/yotavis.ch\/fr\/wp-json\/wp\/v2\/product_cat?post=10761"},{"taxonomy":"product_tag","embeddable":true,"href":"https:\/\/yotavis.ch\/fr\/wp-json\/wp\/v2\/product_tag?post=10761"}],"curies":[{"name":"wp","href":"https:\/\/api.w.org\/{rel}","templated":true}]}}