{"id":10762,"date":"2025-10-09T00:00:00","date_gmt":"2025-10-08T22:00:00","guid":{"rendered":"https:\/\/yotavis.ch\/product\/it6524c\/"},"modified":"2026-04-24T13:44:52","modified_gmt":"2026-04-24T11:44:52","slug":"it6524c","status":"publish","type":"product","link":"https:\/\/yotavis.ch\/fr\/produit\/it6524c\/","title":{"rendered":"IT6524C"},"content":{"rendered":"<p>L'ITECH IT6524C est une unit\u00e9 d'alimentation DC con\u00e7ue pour d\u00e9livrer une sortie maximale de 360 volts et 30 amp\u00e8res, fournissant une capacit\u00e9 de puissance totale de 3000 watts. Ce dispositif de taille 2U dispose d'un seul canal de sortie, ce qui le rend adapt\u00e9 aux applications n\u00e9cessitant une source d'alimentation CC stable et fiable. Il prend en charge la fonctionnalit\u00e9 de commande \u00e0 distance, ce qui permet aux utilisateurs de faire fonctionner l'unit\u00e9 \u00e0 distance pour plus de commodit\u00e9 et de flexibilit\u00e9. L'alimentation est \u00e9quip\u00e9e d'interfaces de communication standard, notamment RS232, USB, LAN, CAN et analogique, ce qui facilite l'int\u00e9gration avec divers syst\u00e8mes de contr\u00f4le et permet un \u00e9change de donn\u00e9es efficace. Sa conception robuste et ses nombreuses options d'interface lui permettent de s'adapter \u00e0 diff\u00e9rents environnements de test et d'exploitation o\u00f9 une alimentation pr\u00e9cise est essentielle. La combinaison d'une tension, d'un courant et d'une puissance nominaux \u00e9lev\u00e9s garantit que l'IT6524C peut r\u00e9pondre \u00e0 des exigences \u00e9lev\u00e9es dans des environnements industriels, de laboratoire ou de production.<\/p>","protected":false},"excerpt":{"rendered":"<p>DC PSU 360V\/30A, 3000W ;2U   (Standard RS232\/USB\/LAN\/CAN\/Analogue interface)<\/p>","protected":false},"featured_media":11561,"comment_status":"closed","ping_status":"closed","template":"","meta":{"_acf_changed":false,"slim_seo":{"title":"IT6524C - YOTAVIS AG","description":"Alimentation DC 360V\/30A, 3000W ;2U (Interface standard RS232\/USB\/LAN\/CAN\/Analogique)"}},"product_brand":[822],"product_cat":[516,515],"product_tag":[],"class_list":{"0":"post-10762","1":"product","2":"type-product","3":"status-publish","4":"has-post-thumbnail","6":"product_brand-itech","7":"product_cat-dc-source-en","8":"product_cat-power-en","9":"pa_current-a-404","10":"pa_output-number-146","11":"pa_power-w-632","12":"pa_remote-control-yes","13":"pa_voltage-v-964","15":"first","16":"instock","17":"taxable","18":"shipping-taxable","19":"product-type-simple"},"acf":[],"_links":{"self":[{"href":"https:\/\/yotavis.ch\/fr\/wp-json\/wp\/v2\/product\/10762","targetHints":{"allow":["GET"]}}],"collection":[{"href":"https:\/\/yotavis.ch\/fr\/wp-json\/wp\/v2\/product"}],"about":[{"href":"https:\/\/yotavis.ch\/fr\/wp-json\/wp\/v2\/types\/product"}],"replies":[{"embeddable":true,"href":"https:\/\/yotavis.ch\/fr\/wp-json\/wp\/v2\/comments?post=10762"}],"wp:featuredmedia":[{"embeddable":true,"href":"https:\/\/yotavis.ch\/fr\/wp-json\/wp\/v2\/media\/11561"}],"wp:attachment":[{"href":"https:\/\/yotavis.ch\/fr\/wp-json\/wp\/v2\/media?parent=10762"}],"wp:term":[{"taxonomy":"product_brand","embeddable":true,"href":"https:\/\/yotavis.ch\/fr\/wp-json\/wp\/v2\/product_brand?post=10762"},{"taxonomy":"product_cat","embeddable":true,"href":"https:\/\/yotavis.ch\/fr\/wp-json\/wp\/v2\/product_cat?post=10762"},{"taxonomy":"product_tag","embeddable":true,"href":"https:\/\/yotavis.ch\/fr\/wp-json\/wp\/v2\/product_tag?post=10762"}],"curies":[{"name":"wp","href":"https:\/\/api.w.org\/{rel}","templated":true}]}}