{"id":10769,"date":"2025-10-09T00:00:00","date_gmt":"2025-10-08T22:00:00","guid":{"rendered":"https:\/\/yotavis.ch\/product\/it6527d\/"},"modified":"2026-04-24T13:44:57","modified_gmt":"2026-04-24T11:44:57","slug":"it6527d","status":"publish","type":"product","link":"https:\/\/yotavis.ch\/fr\/produit\/it6527d\/","title":{"rendered":"IT6527D"},"content":{"rendered":"<p>L'ITECH IT6527D est une unit\u00e9 d'alimentation en courant continu avec une tension de sortie maximale de 1000 volts et une capacit\u00e9 de courant de 10 amp\u00e8res, d\u00e9livrant jusqu'\u00e0 3000 watts de puissance. Elle dispose d'un seul canal de sortie et supporte la fonctionnalit\u00e9 de contr\u00f4le \u00e0 distance, ce qui permet un fonctionnement pratique \u00e0 partir d'une certaine distance. L'unit\u00e9 est con\u00e7ue dans un facteur de forme 2U et comprend des interfaces standard telles que RS232, USB, LAN, CAN et des connexions analogiques, facilitant une communication polyvalente et l'int\u00e9gration avec d'autres \u00e9quipements. Cette alimentation convient aux applications n\u00e9cessitant une alimentation en courant continu pr\u00e9cise et stable. Sa conception prend en charge diverses options de contr\u00f4le et de surveillance gr\u00e2ce aux multiples normes d'interface fournies. La combinaison d'une tension, d'un courant et d'une puissance nominaux \u00e9lev\u00e9s la rend adapt\u00e9e aux environnements de test et de d\u00e9veloppement \u00e9lectriques exigeants. L'inclusion de capacit\u00e9s de contr\u00f4le \u00e0 distance am\u00e9liore son utilisation dans les installations de test automatis\u00e9es ou \u00e0 distance.<\/p>","protected":false},"excerpt":{"rendered":"<p>DC PSU 1000V\/10A, 3000W ;2U   (Standard RS232\/USB\/LAN\/CAN\/Analogue interface)<\/p>","protected":false},"featured_media":11561,"comment_status":"closed","ping_status":"closed","template":"","meta":{"_acf_changed":false,"slim_seo":{"title":"IT6527D - YOTAVIS AG","description":"Alimentation DC 1000V\/10A, 3000W ;2U (Interface standard RS232\/USB\/LAN\/CAN\/Analogique)"}},"product_brand":[822],"product_cat":[516,515],"product_tag":[],"class_list":{"0":"post-10769","1":"product","2":"type-product","3":"status-publish","4":"has-post-thumbnail","6":"product_brand-itech","7":"product_cat-dc-source-en","8":"product_cat-power-en","9":"pa_current-a-397","10":"pa_output-number-146","11":"pa_power-w-632","12":"pa_remote-control-yes","13":"pa_voltage-v-639","15":"first","16":"instock","17":"taxable","18":"shipping-taxable","19":"product-type-simple"},"acf":[],"_links":{"self":[{"href":"https:\/\/yotavis.ch\/fr\/wp-json\/wp\/v2\/product\/10769","targetHints":{"allow":["GET"]}}],"collection":[{"href":"https:\/\/yotavis.ch\/fr\/wp-json\/wp\/v2\/product"}],"about":[{"href":"https:\/\/yotavis.ch\/fr\/wp-json\/wp\/v2\/types\/product"}],"replies":[{"embeddable":true,"href":"https:\/\/yotavis.ch\/fr\/wp-json\/wp\/v2\/comments?post=10769"}],"wp:featuredmedia":[{"embeddable":true,"href":"https:\/\/yotavis.ch\/fr\/wp-json\/wp\/v2\/media\/11561"}],"wp:attachment":[{"href":"https:\/\/yotavis.ch\/fr\/wp-json\/wp\/v2\/media?parent=10769"}],"wp:term":[{"taxonomy":"product_brand","embeddable":true,"href":"https:\/\/yotavis.ch\/fr\/wp-json\/wp\/v2\/product_brand?post=10769"},{"taxonomy":"product_cat","embeddable":true,"href":"https:\/\/yotavis.ch\/fr\/wp-json\/wp\/v2\/product_cat?post=10769"},{"taxonomy":"product_tag","embeddable":true,"href":"https:\/\/yotavis.ch\/fr\/wp-json\/wp\/v2\/product_tag?post=10769"}],"curies":[{"name":"wp","href":"https:\/\/api.w.org\/{rel}","templated":true}]}}