{"id":10774,"date":"2025-10-09T00:00:00","date_gmt":"2025-10-08T22:00:00","guid":{"rendered":"https:\/\/yotavis.ch\/product\/it6534c\/"},"modified":"2026-04-24T13:44:59","modified_gmt":"2026-04-24T11:44:59","slug":"it6534c","status":"publish","type":"product","link":"https:\/\/yotavis.ch\/fr\/produit\/it6534c\/","title":{"rendered":"IT6534C"},"content":{"rendered":"<p>L'ITECH IT6534C est un bloc d'alimentation \u00e0 courant continu d'une puissance de sortie maximale de 6000 watts. Il fonctionne \u00e0 une tension de 360 volts et peut d\u00e9livrer un courant allant jusqu'\u00e0 60 amp\u00e8res. Ce mod\u00e8le dispose d'un seul canal de sortie et prend en charge la fonctionnalit\u00e9 de contr\u00f4le \u00e0 distance. L'unit\u00e9 est con\u00e7ue dans un facteur de forme 4U et comprend des interfaces standard telles que RS232, USB, LAN, CAN et des connexions analogiques. Ces interfaces permettent des options de communication et de contr\u00f4le polyvalentes. L'alimentation est adapt\u00e9e aux applications n\u00e9cessitant une sortie CC stable et de forte puissance. Sa conception et ses sp\u00e9cifications en font un choix robuste pour divers environnements industriels et de laboratoire.<\/p>","protected":false},"excerpt":{"rendered":"<p>DC PSU 360V\/60A, 6000W ; 4U   (Standard RS232\/USB\/LAN\/CAN\/Analogue interface)<\/p>","protected":false},"featured_media":12326,"comment_status":"closed","ping_status":"closed","template":"","meta":{"_acf_changed":false,"slim_seo":{"title":"IT6534C - YOTAVIS AG","description":"Alimentation DC 360V\/60A, 6000W ; 4U (Interface standard RS232\/USB\/LAN\/CAN\/Analogique)"}},"product_brand":[822],"product_cat":[516,515],"product_tag":[],"class_list":{"0":"post-10774","1":"product","2":"type-product","3":"status-publish","4":"has-post-thumbnail","6":"product_brand-itech","7":"product_cat-dc-source-en","8":"product_cat-power-en","9":"pa_current-a-406","10":"pa_output-number-146","11":"pa_power-w-626","12":"pa_remote-control-yes","13":"pa_voltage-v-964","15":"first","16":"instock","17":"taxable","18":"shipping-taxable","19":"product-type-simple"},"acf":[],"_links":{"self":[{"href":"https:\/\/yotavis.ch\/fr\/wp-json\/wp\/v2\/product\/10774","targetHints":{"allow":["GET"]}}],"collection":[{"href":"https:\/\/yotavis.ch\/fr\/wp-json\/wp\/v2\/product"}],"about":[{"href":"https:\/\/yotavis.ch\/fr\/wp-json\/wp\/v2\/types\/product"}],"replies":[{"embeddable":true,"href":"https:\/\/yotavis.ch\/fr\/wp-json\/wp\/v2\/comments?post=10774"}],"wp:featuredmedia":[{"embeddable":true,"href":"https:\/\/yotavis.ch\/fr\/wp-json\/wp\/v2\/media\/12326"}],"wp:attachment":[{"href":"https:\/\/yotavis.ch\/fr\/wp-json\/wp\/v2\/media?parent=10774"}],"wp:term":[{"taxonomy":"product_brand","embeddable":true,"href":"https:\/\/yotavis.ch\/fr\/wp-json\/wp\/v2\/product_brand?post=10774"},{"taxonomy":"product_cat","embeddable":true,"href":"https:\/\/yotavis.ch\/fr\/wp-json\/wp\/v2\/product_cat?post=10774"},{"taxonomy":"product_tag","embeddable":true,"href":"https:\/\/yotavis.ch\/fr\/wp-json\/wp\/v2\/product_tag?post=10774"}],"curies":[{"name":"wp","href":"https:\/\/api.w.org\/{rel}","templated":true}]}}