{"id":10798,"date":"2025-10-09T00:00:00","date_gmt":"2025-10-08T22:00:00","guid":{"rendered":"https:\/\/yotavis.ch\/product\/it6722a\/"},"modified":"2026-04-24T13:45:12","modified_gmt":"2026-04-24T11:45:12","slug":"it6722a","status":"publish","type":"product","link":"https:\/\/yotavis.ch\/fr\/produit\/it6722a\/","title":{"rendered":"IT6722A"},"content":{"rendered":"<p>L'ITECH IT6722A est un bloc d'alimentation \u00e0 courant continu d'une puissance de sortie maximale de 400 watts. Il fonctionne \u00e0 une tension de 80 volts et peut d\u00e9livrer un courant allant jusqu'\u00e0 20 amp\u00e8res. Ce mod\u00e8le est dot\u00e9 d'un seul canal de sortie, ce qui permet une distribution cibl\u00e9e de la puissance. L'appareil est dot\u00e9 d'une fonction de t\u00e9l\u00e9commande, ce qui permet aux utilisateurs de le faire fonctionner \u00e0 distance. Con\u00e7u pour r\u00e9pondre \u00e0 des exigences sp\u00e9cifiques en mati\u00e8re d'alimentation, l'IT6722A fournit un courant continu stable et fiable pour diverses applications. Ses sp\u00e9cifications le rendent adapt\u00e9 aux t\u00e2ches qui n\u00e9cessitent un contr\u00f4le pr\u00e9cis de la tension et du courant dans les limites indiqu\u00e9es. La combinaison de sa puissance nominale et de sa capacit\u00e9 de contr\u00f4le \u00e0 distance permet des sc\u00e9narios d'utilisation polyvalents.<\/p>","protected":false},"excerpt":{"rendered":"<p>ALIMENTATION CC 80V\/20A\/400W<\/p>","protected":false},"featured_media":12330,"comment_status":"closed","ping_status":"closed","template":"","meta":{"_acf_changed":false,"slim_seo":{"title":"IT6722A - YOTAVIS AG","description":"ALIMENTATION CC 80V\/20A\/400W"}},"product_brand":[822],"product_cat":[516,515],"product_tag":[],"class_list":{"0":"post-10798","1":"product","2":"type-product","3":"status-publish","4":"has-post-thumbnail","6":"product_brand-itech","7":"product_cat-dc-source-en","8":"product_cat-power-en","9":"pa_current-a-552","10":"pa_output-number-146","11":"pa_power-w-398","12":"pa_remote-control-yes","13":"pa_voltage-v-155","15":"first","16":"instock","17":"taxable","18":"shipping-taxable","19":"product-type-simple"},"acf":[],"_links":{"self":[{"href":"https:\/\/yotavis.ch\/fr\/wp-json\/wp\/v2\/product\/10798","targetHints":{"allow":["GET"]}}],"collection":[{"href":"https:\/\/yotavis.ch\/fr\/wp-json\/wp\/v2\/product"}],"about":[{"href":"https:\/\/yotavis.ch\/fr\/wp-json\/wp\/v2\/types\/product"}],"replies":[{"embeddable":true,"href":"https:\/\/yotavis.ch\/fr\/wp-json\/wp\/v2\/comments?post=10798"}],"wp:featuredmedia":[{"embeddable":true,"href":"https:\/\/yotavis.ch\/fr\/wp-json\/wp\/v2\/media\/12330"}],"wp:attachment":[{"href":"https:\/\/yotavis.ch\/fr\/wp-json\/wp\/v2\/media?parent=10798"}],"wp:term":[{"taxonomy":"product_brand","embeddable":true,"href":"https:\/\/yotavis.ch\/fr\/wp-json\/wp\/v2\/product_brand?post=10798"},{"taxonomy":"product_cat","embeddable":true,"href":"https:\/\/yotavis.ch\/fr\/wp-json\/wp\/v2\/product_cat?post=10798"},{"taxonomy":"product_tag","embeddable":true,"href":"https:\/\/yotavis.ch\/fr\/wp-json\/wp\/v2\/product_tag?post=10798"}],"curies":[{"name":"wp","href":"https:\/\/api.w.org\/{rel}","templated":true}]}}