{"id":10801,"date":"2025-10-09T00:00:00","date_gmt":"2025-10-08T22:00:00","guid":{"rendered":"https:\/\/yotavis.ch\/product\/it6863b\/"},"modified":"2026-04-24T13:45:13","modified_gmt":"2026-04-24T11:45:13","slug":"it6863b","status":"publish","type":"product","link":"https:\/\/yotavis.ch\/fr\/produit\/it6863b\/","title":{"rendered":"IT6863B"},"content":{"rendered":"<p>L'ITECH IT6863B est un bloc d'alimentation \u00e0 courant continu d'une puissance de sortie maximale de 108 watts. Il fonctionne \u00e0 une tension de 72 volts et peut d\u00e9livrer un courant allant jusqu'\u00e0 3 amp\u00e8res. Ce mod\u00e8le dispose d'un seul canal de sortie et prend en charge la fonctionnalit\u00e9 de contr\u00f4le \u00e0 distance. L'appareil est con\u00e7u dans un format demi-rack 2U et comprend des interfaces standard RS232, USB et GPIB pour la connectivit\u00e9. Il offre \u00e9galement une configuration de sortie alternative de 32 volts \u00e0 3 amp\u00e8res, fournissant 96 watts de puissance. Il est conseill\u00e9 aux utilisateurs de consid\u00e9rer le mod\u00e8le IT6800A pour les longs d\u00e9lais de livraison. L'IT6863B convient aux applications n\u00e9cessitant une alimentation CC pr\u00e9cise avec des capacit\u00e9s de fonctionnement \u00e0 distance.<\/p>","protected":false},"excerpt":{"rendered":"<p>DC PSU 72V\/1.5A\/108W : 32V\/3A\/96W; 2U half rack; (Standard RS232\/USB\/GPIB)  long delivery, please go with IT6800A<\/p>","protected":false},"featured_media":12125,"comment_status":"closed","ping_status":"closed","template":"","meta":{"_acf_changed":false,"slim_seo":{"title":"IT6863B - YOTAVIS AG","description":"Alimentation DC 72V\/1.5A\/108W : 32V\/3A\/96W ; 2U half rack ; (Standard RS232\/USB\/GPIB) livraison longue, veuillez choisir IT6800A"}},"product_brand":[822],"product_cat":[516,515],"product_tag":[],"class_list":{"0":"post-10801","1":"product","2":"type-product","3":"status-publish","4":"has-post-thumbnail","6":"product_brand-itech","7":"product_cat-dc-source-en","8":"product_cat-power-en","9":"pa_current-a-485","10":"pa_output-number-146","11":"pa_power-w-493","12":"pa_remote-control-yes","13":"pa_voltage-v-969","15":"first","16":"instock","17":"taxable","18":"shipping-taxable","19":"product-type-simple"},"acf":[],"_links":{"self":[{"href":"https:\/\/yotavis.ch\/fr\/wp-json\/wp\/v2\/product\/10801","targetHints":{"allow":["GET"]}}],"collection":[{"href":"https:\/\/yotavis.ch\/fr\/wp-json\/wp\/v2\/product"}],"about":[{"href":"https:\/\/yotavis.ch\/fr\/wp-json\/wp\/v2\/types\/product"}],"replies":[{"embeddable":true,"href":"https:\/\/yotavis.ch\/fr\/wp-json\/wp\/v2\/comments?post=10801"}],"wp:featuredmedia":[{"embeddable":true,"href":"https:\/\/yotavis.ch\/fr\/wp-json\/wp\/v2\/media\/12125"}],"wp:attachment":[{"href":"https:\/\/yotavis.ch\/fr\/wp-json\/wp\/v2\/media?parent=10801"}],"wp:term":[{"taxonomy":"product_brand","embeddable":true,"href":"https:\/\/yotavis.ch\/fr\/wp-json\/wp\/v2\/product_brand?post=10801"},{"taxonomy":"product_cat","embeddable":true,"href":"https:\/\/yotavis.ch\/fr\/wp-json\/wp\/v2\/product_cat?post=10801"},{"taxonomy":"product_tag","embeddable":true,"href":"https:\/\/yotavis.ch\/fr\/wp-json\/wp\/v2\/product_tag?post=10801"}],"curies":[{"name":"wp","href":"https:\/\/api.w.org\/{rel}","templated":true}]}}