{"id":10802,"date":"2025-10-09T00:00:00","date_gmt":"2025-10-08T22:00:00","guid":{"rendered":"https:\/\/yotavis.ch\/product\/it6872b\/"},"modified":"2026-04-24T13:45:13","modified_gmt":"2026-04-24T11:45:13","slug":"it6872b","status":"publish","type":"product","link":"https:\/\/yotavis.ch\/fr\/produit\/it6872b\/","title":{"rendered":"IT6872B"},"content":{"rendered":"<p>L'ITECH IT6872B est une unit\u00e9 d'alimentation en courant continu capable de fournir jusqu'\u00e0 35 volts et 4 amp\u00e8res, avec une puissance de sortie maximale de 140 watts. Il prend \u00e9galement en charge une configuration de sortie alternative de 15 volts \u00e0 7 amp\u00e8res, fournissant 105 watts de puissance. Ce mod\u00e8le se pr\u00e9sente sous la forme d'un demi-rack 2U, ce qui permet de l'int\u00e9grer dans des racks d'\u00e9quipement standard. Il comprend des interfaces de communication standard telles que RS232, USB et GPIB, ce qui permet une commande \u00e0 distance et une connectivit\u00e9 ais\u00e9e avec d'autres appareils. L'alimentation offre un seul canal de sortie, garantissant une alimentation cibl\u00e9e et fiable. Il est conseill\u00e9 aux utilisateurs de consid\u00e9rer le mod\u00e8le IT6800A pour des options de livraison plus rapides. L'IT6872B est con\u00e7u pour r\u00e9pondre \u00e0 divers besoins de test et d'exploitation gr\u00e2ce \u00e0 ses r\u00e9glages polyvalents de tension et de courant et \u00e0 ses capacit\u00e9s de commande \u00e0 distance.<\/p>","protected":false},"excerpt":{"rendered":"<p>DC PSU 35V\/4A\/140W : 15V\/7A\/105W; 2U half rack; (Standard RS232\/USB\/GPIB)  long delivery, please go with IT6800A<\/p>","protected":false},"featured_media":12126,"comment_status":"closed","ping_status":"closed","template":"","meta":{"_acf_changed":false,"slim_seo":{"title":"IT6872B - YOTAVIS AG","description":"Alimentation DC 35V\/4A\/140W : 15V\/7A\/105W ; 2U half rack ; (Standard RS232\/USB\/GPIB) livraison longue, veuillez choisir IT6800A"}},"product_brand":[822],"product_cat":[516,515],"product_tag":[],"class_list":{"0":"post-10802","1":"product","2":"type-product","3":"status-publish","4":"has-post-thumbnail","6":"product_brand-itech","7":"product_cat-dc-source-en","8":"product_cat-power-en","9":"pa_current-a-571","10":"pa_output-number-146","11":"pa_power-w-970","12":"pa_remote-control-yes","13":"pa_voltage-v-592","15":"first","16":"instock","17":"taxable","18":"shipping-taxable","19":"product-type-simple"},"acf":[],"_links":{"self":[{"href":"https:\/\/yotavis.ch\/fr\/wp-json\/wp\/v2\/product\/10802","targetHints":{"allow":["GET"]}}],"collection":[{"href":"https:\/\/yotavis.ch\/fr\/wp-json\/wp\/v2\/product"}],"about":[{"href":"https:\/\/yotavis.ch\/fr\/wp-json\/wp\/v2\/types\/product"}],"replies":[{"embeddable":true,"href":"https:\/\/yotavis.ch\/fr\/wp-json\/wp\/v2\/comments?post=10802"}],"wp:featuredmedia":[{"embeddable":true,"href":"https:\/\/yotavis.ch\/fr\/wp-json\/wp\/v2\/media\/12126"}],"wp:attachment":[{"href":"https:\/\/yotavis.ch\/fr\/wp-json\/wp\/v2\/media?parent=10802"}],"wp:term":[{"taxonomy":"product_brand","embeddable":true,"href":"https:\/\/yotavis.ch\/fr\/wp-json\/wp\/v2\/product_brand?post=10802"},{"taxonomy":"product_cat","embeddable":true,"href":"https:\/\/yotavis.ch\/fr\/wp-json\/wp\/v2\/product_cat?post=10802"},{"taxonomy":"product_tag","embeddable":true,"href":"https:\/\/yotavis.ch\/fr\/wp-json\/wp\/v2\/product_tag?post=10802"}],"curies":[{"name":"wp","href":"https:\/\/api.w.org\/{rel}","templated":true}]}}