{"id":10805,"date":"2025-10-09T00:00:00","date_gmt":"2025-10-08T22:00:00","guid":{"rendered":"https:\/\/yotavis.ch\/product\/it6831a\/"},"modified":"2026-04-24T13:45:14","modified_gmt":"2026-04-24T11:45:14","slug":"it6831a","status":"publish","type":"product","link":"https:\/\/yotavis.ch\/fr\/produit\/it6831a\/","title":{"rendered":"IT6831A"},"content":{"rendered":"<p>L'ITECH IT6831A est une unit\u00e9 d'alimentation DC avec une plage de tension de sortie de 0 \u00e0 18 volts et un courant maximum de 10 amp\u00e8res, d\u00e9livrant une puissance totale de 180 watts. Il dispose d'un seul canal de sortie et est con\u00e7u pour s'int\u00e9grer dans un demi-rack 2U. L'appareil est dot\u00e9 d'une fonctionnalit\u00e9 de commande \u00e0 distance, permettant un fonctionnement via les interfaces standard RS232 ou USB. Cette alimentation convient aux applications n\u00e9cessitant un contr\u00f4le pr\u00e9cis de la tension et du courant dans les limites sp\u00e9cifi\u00e9es. Sa conception compacte et ses options de connectivit\u00e9 permettent de l'int\u00e9grer dans divers environnements de test et de d\u00e9veloppement. L'IT6831A fournit une alimentation fiable avec la commodit\u00e9 d'un fonctionnement \u00e0 distance.<\/p>","protected":false},"excerpt":{"rendered":"<p>Alimentation DC 0-18V\/0-10A, 180W ; 2U half rack ; (Standard RS232\/USB)<\/p>","protected":false},"featured_media":11571,"comment_status":"closed","ping_status":"closed","template":"","meta":{"_acf_changed":false,"slim_seo":{"title":"IT6831A - YOTAVIS AG","description":"Alimentation DC 0-18V\/0-10A, 180W ; 2U half rack ; (Standard RS232\/USB)"}},"product_brand":[822],"product_cat":[516,515],"product_tag":[],"class_list":{"0":"post-10805","1":"product","2":"type-product","3":"status-publish","4":"has-post-thumbnail","6":"product_brand-itech","7":"product_cat-dc-source-en","8":"product_cat-power-en","9":"pa_current-a-397","10":"pa_output-number-146","11":"pa_power-w-409","12":"pa_remote-control-yes","13":"pa_voltage-v-589","15":"first","16":"instock","17":"taxable","18":"shipping-taxable","19":"product-type-simple"},"acf":[],"_links":{"self":[{"href":"https:\/\/yotavis.ch\/fr\/wp-json\/wp\/v2\/product\/10805","targetHints":{"allow":["GET"]}}],"collection":[{"href":"https:\/\/yotavis.ch\/fr\/wp-json\/wp\/v2\/product"}],"about":[{"href":"https:\/\/yotavis.ch\/fr\/wp-json\/wp\/v2\/types\/product"}],"replies":[{"embeddable":true,"href":"https:\/\/yotavis.ch\/fr\/wp-json\/wp\/v2\/comments?post=10805"}],"wp:featuredmedia":[{"embeddable":true,"href":"https:\/\/yotavis.ch\/fr\/wp-json\/wp\/v2\/media\/11571"}],"wp:attachment":[{"href":"https:\/\/yotavis.ch\/fr\/wp-json\/wp\/v2\/media?parent=10805"}],"wp:term":[{"taxonomy":"product_brand","embeddable":true,"href":"https:\/\/yotavis.ch\/fr\/wp-json\/wp\/v2\/product_brand?post=10805"},{"taxonomy":"product_cat","embeddable":true,"href":"https:\/\/yotavis.ch\/fr\/wp-json\/wp\/v2\/product_cat?post=10805"},{"taxonomy":"product_tag","embeddable":true,"href":"https:\/\/yotavis.ch\/fr\/wp-json\/wp\/v2\/product_tag?post=10805"}],"curies":[{"name":"wp","href":"https:\/\/api.w.org\/{rel}","templated":true}]}}