{"id":10806,"date":"2025-10-09T00:00:00","date_gmt":"2025-10-08T22:00:00","guid":{"rendered":"https:\/\/yotavis.ch\/product\/it6831b\/"},"modified":"2026-04-24T13:45:17","modified_gmt":"2026-04-24T11:45:17","slug":"it6831b","status":"publish","type":"product","link":"https:\/\/yotavis.ch\/fr\/produit\/it6831b\/","title":{"rendered":"IT6831B"},"content":{"rendered":"<p>L'ITECH IT6831B est un bloc d'alimentation DC avec une plage de tension de sortie de 0 \u00e0 18 volts et un courant maximum de 10 amp\u00e8res, d\u00e9livrant une puissance totale de 180 watts. Il dispose d'un seul canal de sortie et est con\u00e7u pour s'adapter \u00e0 un facteur de forme de demi-rack 2U. L'appareil prend en charge la fonctionnalit\u00e9 de commande \u00e0 distance, permettant un fonctionnement via les interfaces standard RS232, USB et GPIB. Ce mod\u00e8le convient aux applications n\u00e9cessitant une alimentation en courant continu pr\u00e9cise dans les limites de tension et de courant sp\u00e9cifi\u00e9es. Les utilisateurs qui recherchent des options de livraison plus rapides sont invit\u00e9s \u00e0 consid\u00e9rer le mod\u00e8le IT6800A. L'IT6831B est con\u00e7u pour fournir une alimentation fiable avec les param\u00e8tres \u00e9lectriques et les options de connectivit\u00e9 sp\u00e9cifi\u00e9s.<\/p>","protected":false},"excerpt":{"rendered":"<p>DC PSU 0-18V\/0-10A, 180W; 2U half rack; (Standard RS232\/USB\/GPIB)  long delivery, please go with IT6800A<\/p>","protected":false},"featured_media":11571,"comment_status":"closed","ping_status":"closed","template":"","meta":{"_acf_changed":false,"slim_seo":{"title":"IT6831B - YOTAVIS AG","description":"DC PSU 0-18V\/0-10A, 180W ; 2U half rack ; (Standard RS232\/USB\/GPIB) long delivery, please go with IT6800A"}},"product_brand":[822],"product_cat":[516,515],"product_tag":[],"class_list":{"0":"post-10806","1":"product","2":"type-product","3":"status-publish","4":"has-post-thumbnail","6":"product_brand-itech","7":"product_cat-dc-source-en","8":"product_cat-power-en","9":"pa_current-a-397","10":"pa_output-number-146","11":"pa_power-w-409","12":"pa_remote-control-yes","13":"pa_voltage-v-589","15":"first","16":"instock","17":"taxable","18":"shipping-taxable","19":"product-type-simple"},"acf":[],"_links":{"self":[{"href":"https:\/\/yotavis.ch\/fr\/wp-json\/wp\/v2\/product\/10806","targetHints":{"allow":["GET"]}}],"collection":[{"href":"https:\/\/yotavis.ch\/fr\/wp-json\/wp\/v2\/product"}],"about":[{"href":"https:\/\/yotavis.ch\/fr\/wp-json\/wp\/v2\/types\/product"}],"replies":[{"embeddable":true,"href":"https:\/\/yotavis.ch\/fr\/wp-json\/wp\/v2\/comments?post=10806"}],"wp:featuredmedia":[{"embeddable":true,"href":"https:\/\/yotavis.ch\/fr\/wp-json\/wp\/v2\/media\/11571"}],"wp:attachment":[{"href":"https:\/\/yotavis.ch\/fr\/wp-json\/wp\/v2\/media?parent=10806"}],"wp:term":[{"taxonomy":"product_brand","embeddable":true,"href":"https:\/\/yotavis.ch\/fr\/wp-json\/wp\/v2\/product_brand?post=10806"},{"taxonomy":"product_cat","embeddable":true,"href":"https:\/\/yotavis.ch\/fr\/wp-json\/wp\/v2\/product_cat?post=10806"},{"taxonomy":"product_tag","embeddable":true,"href":"https:\/\/yotavis.ch\/fr\/wp-json\/wp\/v2\/product_tag?post=10806"}],"curies":[{"name":"wp","href":"https:\/\/api.w.org\/{rel}","templated":true}]}}