{"id":10810,"date":"2025-10-09T00:00:00","date_gmt":"2025-10-08T22:00:00","guid":{"rendered":"https:\/\/yotavis.ch\/product\/it6833b\/"},"modified":"2026-04-24T13:45:18","modified_gmt":"2026-04-24T11:45:18","slug":"it6833b","status":"publish","type":"product","link":"https:\/\/yotavis.ch\/fr\/produit\/it6833b\/","title":{"rendered":"IT6833B"},"content":{"rendered":"<p>L'ITECH IT6833B est un bloc d'alimentation DC avec une tension de sortie maximale de 72 volts et une capacit\u00e9 de courant jusqu'\u00e0 3 amp\u00e8res, d\u00e9livrant une puissance totale de 216 watts. Il dispose d'un seul canal de sortie et est con\u00e7u pour s'adapter \u00e0 un espace de demi-rack de 2U, ce qui permet de l'int\u00e9grer dans des racks d'\u00e9quipement standard. L'appareil prend en charge la fonctionnalit\u00e9 de contr\u00f4le \u00e0 distance, ce qui permet de l'utiliser et de le surveiller par le biais d'interfaces externes. Il est \u00e9quip\u00e9 de ports de communication standard, notamment RS232, USB et GPIB, ce qui facilite la connectivit\u00e9 et le contr\u00f4le dans diverses configurations. La description du produit indique un long d\u00e9lai de livraison et sugg\u00e8re de consid\u00e9rer le mod\u00e8le IT6800A comme une alternative. Cette alimentation est destin\u00e9e aux applications n\u00e9cessitant un contr\u00f4le pr\u00e9cis de la tension continue et du courant dans les limites de la plage et de la puissance sp\u00e9cifi\u00e9es.<\/p>","protected":false},"excerpt":{"rendered":"<p>DC PSU 0-72V\/0-3A, 216W; 2U half rack; (Standard RS232\/USB\/GPIB)  long delivery, please go with IT6800A<\/p>","protected":false},"featured_media":11571,"comment_status":"closed","ping_status":"closed","template":"","meta":{"_acf_changed":false,"slim_seo":{"title":"IT6833B - YOTAVIS AG","description":"DC PSU 0-72V\/0-3A, 216W ; 2U half rack ; (Standard RS232\/USB\/GPIB) long delivery, please go with IT6800A"}},"product_brand":[822],"product_cat":[516,515],"product_tag":[],"class_list":{"0":"post-10810","1":"product","2":"type-product","3":"status-publish","4":"has-post-thumbnail","6":"product_brand-itech","7":"product_cat-dc-source-en","8":"product_cat-power-en","9":"pa_current-a-485","10":"pa_output-number-146","11":"pa_power-w-972","12":"pa_remote-control-yes","13":"pa_voltage-v-969","15":"first","16":"instock","17":"taxable","18":"shipping-taxable","19":"product-type-simple"},"acf":[],"_links":{"self":[{"href":"https:\/\/yotavis.ch\/fr\/wp-json\/wp\/v2\/product\/10810","targetHints":{"allow":["GET"]}}],"collection":[{"href":"https:\/\/yotavis.ch\/fr\/wp-json\/wp\/v2\/product"}],"about":[{"href":"https:\/\/yotavis.ch\/fr\/wp-json\/wp\/v2\/types\/product"}],"replies":[{"embeddable":true,"href":"https:\/\/yotavis.ch\/fr\/wp-json\/wp\/v2\/comments?post=10810"}],"wp:featuredmedia":[{"embeddable":true,"href":"https:\/\/yotavis.ch\/fr\/wp-json\/wp\/v2\/media\/11571"}],"wp:attachment":[{"href":"https:\/\/yotavis.ch\/fr\/wp-json\/wp\/v2\/media?parent=10810"}],"wp:term":[{"taxonomy":"product_brand","embeddable":true,"href":"https:\/\/yotavis.ch\/fr\/wp-json\/wp\/v2\/product_brand?post=10810"},{"taxonomy":"product_cat","embeddable":true,"href":"https:\/\/yotavis.ch\/fr\/wp-json\/wp\/v2\/product_cat?post=10810"},{"taxonomy":"product_tag","embeddable":true,"href":"https:\/\/yotavis.ch\/fr\/wp-json\/wp\/v2\/product_tag?post=10810"}],"curies":[{"name":"wp","href":"https:\/\/api.w.org\/{rel}","templated":true}]}}