{"id":10811,"date":"2025-10-09T00:00:00","date_gmt":"2025-10-08T22:00:00","guid":{"rendered":"https:\/\/yotavis.ch\/product\/it6835a\/"},"modified":"2026-04-24T13:45:18","modified_gmt":"2026-04-24T11:45:18","slug":"it6835a","status":"publish","type":"product","link":"https:\/\/yotavis.ch\/fr\/produit\/it6835a\/","title":{"rendered":"IT6835A"},"content":{"rendered":"<p>L'IT6835A est un bloc d'alimentation DC avec une plage de tension de sortie de 0 \u00e0 50 volts et un courant maximum de 4 amp\u00e8res, d\u00e9livrant jusqu'\u00e0 200 watts de puissance. Il dispose d'un seul canal de sortie et est con\u00e7u pour s'int\u00e9grer dans un demi-rack 2U. L'appareil est dot\u00e9 d'une fonctionnalit\u00e9 de commande \u00e0 distance, permettant un fonctionnement via les interfaces standard RS232 et USB. Cette alimentation convient aux applications n\u00e9cessitant un contr\u00f4le pr\u00e9cis de la tension et du courant dans les limites sp\u00e9cifi\u00e9es. Sa conception compacte et ses options d'interface permettent de l'int\u00e9grer dans divers environnements de test et de d\u00e9veloppement.<\/p>","protected":false},"excerpt":{"rendered":"<p>DC PSU 0-50V\/0-4A, 200W; 2U half rack;  (standard RS232\/USB Interfaces)<\/p>","protected":false},"featured_media":11571,"comment_status":"closed","ping_status":"closed","template":"","meta":{"_acf_changed":false,"slim_seo":{"title":"IT6835A - YOTAVIS AG","description":"Alimentation DC 0-50V\/0-4A, 200W ; 2U half rack ; (Interfaces standard RS232\/USB)"}},"product_brand":[822],"product_cat":[516,515],"product_tag":[],"class_list":{"0":"post-10811","1":"product","2":"type-product","3":"status-publish","4":"has-post-thumbnail","6":"product_brand-itech","7":"product_cat-dc-source-en","8":"product_cat-power-en","9":"pa_current-a-579","10":"pa_output-number-146","11":"pa_power-w-414","12":"pa_remote-control-yes","13":"pa_voltage-v-154","15":"first","16":"instock","17":"taxable","18":"shipping-taxable","19":"product-type-simple"},"acf":[],"_links":{"self":[{"href":"https:\/\/yotavis.ch\/fr\/wp-json\/wp\/v2\/product\/10811","targetHints":{"allow":["GET"]}}],"collection":[{"href":"https:\/\/yotavis.ch\/fr\/wp-json\/wp\/v2\/product"}],"about":[{"href":"https:\/\/yotavis.ch\/fr\/wp-json\/wp\/v2\/types\/product"}],"replies":[{"embeddable":true,"href":"https:\/\/yotavis.ch\/fr\/wp-json\/wp\/v2\/comments?post=10811"}],"wp:featuredmedia":[{"embeddable":true,"href":"https:\/\/yotavis.ch\/fr\/wp-json\/wp\/v2\/media\/11571"}],"wp:attachment":[{"href":"https:\/\/yotavis.ch\/fr\/wp-json\/wp\/v2\/media?parent=10811"}],"wp:term":[{"taxonomy":"product_brand","embeddable":true,"href":"https:\/\/yotavis.ch\/fr\/wp-json\/wp\/v2\/product_brand?post=10811"},{"taxonomy":"product_cat","embeddable":true,"href":"https:\/\/yotavis.ch\/fr\/wp-json\/wp\/v2\/product_cat?post=10811"},{"taxonomy":"product_tag","embeddable":true,"href":"https:\/\/yotavis.ch\/fr\/wp-json\/wp\/v2\/product_tag?post=10811"}],"curies":[{"name":"wp","href":"https:\/\/api.w.org\/{rel}","templated":true}]}}