{"id":10813,"date":"2025-10-09T00:00:00","date_gmt":"2025-10-08T22:00:00","guid":{"rendered":"https:\/\/yotavis.ch\/product\/it6922b\/"},"modified":"2026-04-24T13:45:19","modified_gmt":"2026-04-24T11:45:19","slug":"it6922b","status":"publish","type":"product","link":"https:\/\/yotavis.ch\/fr\/produit\/it6922b\/","title":{"rendered":"IT6922B"},"content":{"rendered":"<p>L'ITECH IT6922B est un bloc d'alimentation DC avec une tension de sortie maximale de 60 volts et une capacit\u00e9 de courant de 5 amp\u00e8res, d\u00e9livrant une puissance totale de 100 watts. Il se caract\u00e9rise par une conception en demi-rack 2U, ce qui permet de l'int\u00e9grer dans des racks d'\u00e9quipement standard. Ce mod\u00e8le comprend un canal de sortie et prend en charge la fonctionnalit\u00e9 de contr\u00f4le \u00e0 distance, ce qui permet une utilisation pratique \u00e0 distance. L'appareil est \u00e9quip\u00e9 de plusieurs interfaces de communication standard, notamment RS232, USB, analogique et RS485, ce qui facilite les options de connectivit\u00e9 polyvalentes pour diverses applications. Sa conception met l'accent sur la compatibilit\u00e9 et la facilit\u00e9 d'utilisation dans les environnements contr\u00f4l\u00e9s o\u00f9 une alimentation en courant continu pr\u00e9cise est n\u00e9cessaire. L'IT6922B est fabriqu\u00e9 par ITECH, une marque connue pour la production d'\u00e9quipements \u00e9lectroniques de test et de mesure. Cette alimentation est con\u00e7ue pour r\u00e9pondre aux besoins des utilisateurs n\u00e9cessitant des sources d'alimentation DC fiables et ajustables avec des capacit\u00e9s de gestion \u00e0 distance.<\/p>","protected":false},"excerpt":{"rendered":"<p>Alimentation DC 60V\/5A\/100W ; 2U half rack ; (Standard RS232\/USB\/analogique\/RS485)<\/p>","protected":false},"featured_media":11577,"comment_status":"closed","ping_status":"closed","template":"","meta":{"_acf_changed":false,"slim_seo":{"title":"IT6922B - YOTAVIS AG","description":"Alimentation DC 60V\/5A\/100W ; 2U half rack ; (Standard RS232\/USB\/analogique\/RS485)"}},"product_brand":[822],"product_cat":[516,515],"product_tag":[],"class_list":{"0":"post-10813","1":"product","2":"type-product","3":"status-publish","4":"has-post-thumbnail","6":"product_brand-itech","7":"product_cat-dc-source-en","8":"product_cat-power-en","9":"pa_current-a-392","10":"pa_output-number-146","11":"pa_power-w-481","12":"pa_remote-control-yes","13":"pa_voltage-v-314","15":"first","16":"instock","17":"taxable","18":"shipping-taxable","19":"product-type-simple"},"acf":[],"_links":{"self":[{"href":"https:\/\/yotavis.ch\/fr\/wp-json\/wp\/v2\/product\/10813","targetHints":{"allow":["GET"]}}],"collection":[{"href":"https:\/\/yotavis.ch\/fr\/wp-json\/wp\/v2\/product"}],"about":[{"href":"https:\/\/yotavis.ch\/fr\/wp-json\/wp\/v2\/types\/product"}],"replies":[{"embeddable":true,"href":"https:\/\/yotavis.ch\/fr\/wp-json\/wp\/v2\/comments?post=10813"}],"wp:featuredmedia":[{"embeddable":true,"href":"https:\/\/yotavis.ch\/fr\/wp-json\/wp\/v2\/media\/11577"}],"wp:attachment":[{"href":"https:\/\/yotavis.ch\/fr\/wp-json\/wp\/v2\/media?parent=10813"}],"wp:term":[{"taxonomy":"product_brand","embeddable":true,"href":"https:\/\/yotavis.ch\/fr\/wp-json\/wp\/v2\/product_brand?post=10813"},{"taxonomy":"product_cat","embeddable":true,"href":"https:\/\/yotavis.ch\/fr\/wp-json\/wp\/v2\/product_cat?post=10813"},{"taxonomy":"product_tag","embeddable":true,"href":"https:\/\/yotavis.ch\/fr\/wp-json\/wp\/v2\/product_tag?post=10813"}],"curies":[{"name":"wp","href":"https:\/\/api.w.org\/{rel}","templated":true}]}}