{"id":10814,"date":"2025-10-09T00:00:00","date_gmt":"2025-10-08T22:00:00","guid":{"rendered":"https:\/\/yotavis.ch\/product\/it6932b\/"},"modified":"2026-04-24T13:45:19","modified_gmt":"2026-04-24T11:45:19","slug":"it6932b","status":"publish","type":"product","link":"https:\/\/yotavis.ch\/fr\/produit\/it6932b\/","title":{"rendered":"IT6932B"},"content":{"rendered":"<p>L'IT6932B est un bloc d'alimentation DC avec une tension de sortie maximale de 60 volts et une capacit\u00e9 de courant de 10 amp\u00e8res, d\u00e9livrant une puissance totale de 200 watts. Il se caract\u00e9rise par une conception en demi-rack 2U, ce qui permet de l'int\u00e9grer dans des racks d'\u00e9quipement standard. Ce mod\u00e8le comprend un canal de sortie et prend en charge la fonctionnalit\u00e9 de contr\u00f4le \u00e0 distance, ce qui permet de l'utiliser et de le surveiller \u00e0 distance. L'appareil est \u00e9quip\u00e9 de plusieurs interfaces de communication, y compris les ports standard RS232, USB, analogique et RS485, ce qui facilite les options de connectivit\u00e9 polyvalentes. Fabriqu\u00e9 par ITECH, l'IT6932B est con\u00e7u pour fournir une alimentation fiable dans diverses applications n\u00e9cessitant un contr\u00f4le pr\u00e9cis de la tension et du courant. Son format compact et ses options d'interface compl\u00e8tes lui permettent de s'adapter \u00e0 diff\u00e9rents environnements de test et d'exploitation.<\/p>","protected":false},"excerpt":{"rendered":"<p>Alimentation DC 60V\/10A\/200W ; 2U half rack ; (Standard RS232\/USB\/analogique\/RS485)<\/p>","protected":false},"featured_media":11577,"comment_status":"closed","ping_status":"closed","template":"","meta":{"_acf_changed":false,"slim_seo":{"title":"IT6932B - YOTAVIS AG","description":"Alimentation DC 60V\/10A\/200W ; 2U half rack ; (Standard RS232\/USB\/analogique\/RS485)"}},"product_brand":[822],"product_cat":[516,515],"product_tag":[],"class_list":{"0":"post-10814","1":"product","2":"type-product","3":"status-publish","4":"has-post-thumbnail","6":"product_brand-itech","7":"product_cat-dc-source-en","8":"product_cat-power-en","9":"pa_current-a-397","10":"pa_output-number-146","11":"pa_power-w-414","12":"pa_remote-control-yes","13":"pa_voltage-v-314","15":"first","16":"instock","17":"taxable","18":"shipping-taxable","19":"product-type-simple"},"acf":[],"_links":{"self":[{"href":"https:\/\/yotavis.ch\/fr\/wp-json\/wp\/v2\/product\/10814","targetHints":{"allow":["GET"]}}],"collection":[{"href":"https:\/\/yotavis.ch\/fr\/wp-json\/wp\/v2\/product"}],"about":[{"href":"https:\/\/yotavis.ch\/fr\/wp-json\/wp\/v2\/types\/product"}],"replies":[{"embeddable":true,"href":"https:\/\/yotavis.ch\/fr\/wp-json\/wp\/v2\/comments?post=10814"}],"wp:featuredmedia":[{"embeddable":true,"href":"https:\/\/yotavis.ch\/fr\/wp-json\/wp\/v2\/media\/11577"}],"wp:attachment":[{"href":"https:\/\/yotavis.ch\/fr\/wp-json\/wp\/v2\/media?parent=10814"}],"wp:term":[{"taxonomy":"product_brand","embeddable":true,"href":"https:\/\/yotavis.ch\/fr\/wp-json\/wp\/v2\/product_brand?post=10814"},{"taxonomy":"product_cat","embeddable":true,"href":"https:\/\/yotavis.ch\/fr\/wp-json\/wp\/v2\/product_cat?post=10814"},{"taxonomy":"product_tag","embeddable":true,"href":"https:\/\/yotavis.ch\/fr\/wp-json\/wp\/v2\/product_tag?post=10814"}],"curies":[{"name":"wp","href":"https:\/\/api.w.org\/{rel}","templated":true}]}}