{"id":10863,"date":"2025-10-09T00:00:00","date_gmt":"2025-10-08T22:00:00","guid":{"rendered":"https:\/\/yotavis.ch\/product\/it8813\/"},"modified":"2026-04-24T13:45:41","modified_gmt":"2026-04-24T11:45:41","slug":"it8813","status":"publish","type":"product","link":"https:\/\/yotavis.ch\/fr\/produit\/it8813\/","title":{"rendered":"IT8813"},"content":{"rendered":"<p>L'IT8813 est une charge \u00e9lectronique \u00e0 courant continu con\u00e7ue pour fonctionner \u00e0 120 volts et 60 amp\u00e8res, d\u00e9livrant une puissance maximale de 750 watts. Il pr\u00e9sente un facteur de forme 3U et prend en charge les interfaces standard RS232 et USB pour la connectivit\u00e9. Ce mod\u00e8le comprend un canal de sortie et offre des capacit\u00e9s de contr\u00f4le \u00e0 distance, ce qui permet un fonctionnement flexible dans divers environnements de test. L'appareil est fabriqu\u00e9 par ITECH, une marque connue pour ses \u00e9quipements de test \u00e9lectroniques. L'IT8813 convient aux applications n\u00e9cessitant des tests de charge pr\u00e9cis avec une puissance nominale fiable. Sa conception permet un montage en rack standard, ce qui le rend compatible avec les installations de test existantes. La combinaison des sp\u00e9cifications de tension, de courant et de puissance garantit qu'il peut g\u00e9rer efficacement une gamme de sc\u00e9narios de test de charge DC.<\/p>","protected":false},"excerpt":{"rendered":"<p>DC E-load 120V\/60A\/750W ; 3U (Standard RS232\/USB)<\/p>","protected":false},"featured_media":11919,"comment_status":"closed","ping_status":"closed","template":"","meta":{"_acf_changed":false,"slim_seo":{"title":"IT8813 - YOTAVIS AG","description":"DC E-load 120V\/60A\/750W ; 3U (Standard RS232\/USB)"}},"product_brand":[822],"product_cat":[517,515],"product_tag":[],"class_list":{"0":"post-10863","1":"product","2":"type-product","3":"status-publish","4":"has-post-thumbnail","6":"product_brand-itech","7":"product_cat-dc-load-en","8":"product_cat-power-en","9":"pa_current-a-406","10":"pa_output-number-146","11":"pa_power-w-564","12":"pa_remote-control-yes","13":"pa_voltage-v-979","15":"first","16":"instock","17":"taxable","18":"shipping-taxable","19":"product-type-simple"},"acf":[],"_links":{"self":[{"href":"https:\/\/yotavis.ch\/fr\/wp-json\/wp\/v2\/product\/10863","targetHints":{"allow":["GET"]}}],"collection":[{"href":"https:\/\/yotavis.ch\/fr\/wp-json\/wp\/v2\/product"}],"about":[{"href":"https:\/\/yotavis.ch\/fr\/wp-json\/wp\/v2\/types\/product"}],"replies":[{"embeddable":true,"href":"https:\/\/yotavis.ch\/fr\/wp-json\/wp\/v2\/comments?post=10863"}],"wp:featuredmedia":[{"embeddable":true,"href":"https:\/\/yotavis.ch\/fr\/wp-json\/wp\/v2\/media\/11919"}],"wp:attachment":[{"href":"https:\/\/yotavis.ch\/fr\/wp-json\/wp\/v2\/media?parent=10863"}],"wp:term":[{"taxonomy":"product_brand","embeddable":true,"href":"https:\/\/yotavis.ch\/fr\/wp-json\/wp\/v2\/product_brand?post=10863"},{"taxonomy":"product_cat","embeddable":true,"href":"https:\/\/yotavis.ch\/fr\/wp-json\/wp\/v2\/product_cat?post=10863"},{"taxonomy":"product_tag","embeddable":true,"href":"https:\/\/yotavis.ch\/fr\/wp-json\/wp\/v2\/product_tag?post=10863"}],"curies":[{"name":"wp","href":"https:\/\/api.w.org\/{rel}","templated":true}]}}