{"id":10865,"date":"2025-10-09T00:00:00","date_gmt":"2025-10-08T22:00:00","guid":{"rendered":"https:\/\/yotavis.ch\/product\/it8813b\/"},"modified":"2026-04-24T13:45:42","modified_gmt":"2026-04-24T11:45:42","slug":"it8813b","status":"publish","type":"product","link":"https:\/\/yotavis.ch\/fr\/produit\/it8813b\/","title":{"rendered":"IT8813B"},"content":{"rendered":"<p>L'ITECH IT8813B est une charge \u00e9lectronique \u00e0 courant continu con\u00e7ue pour g\u00e9rer une tension maximale de 500 volts et un courant allant jusqu'\u00e0 30 amp\u00e8res, d\u00e9livrant une capacit\u00e9 de puissance de 750 watts. Il est dot\u00e9 d'un seul canal de sortie et prend en charge la fonctionnalit\u00e9 de commande \u00e0 distance, ce qui permet un fonctionnement pratique \u00e0 distance. L'appareil est log\u00e9 dans un facteur de forme standard de 3U, ce qui permet de l'int\u00e9grer dans des installations mont\u00e9es en rack. Les options de connectivit\u00e9 comprennent les interfaces standard RS232 et USB, facilitant la communication et le contr\u00f4le avec d'autres \u00e9quipements ou syst\u00e8mes informatiques. Cette charge \u00e9lectronique est con\u00e7ue pour offrir des performances fiables dans les applications de test et de mesure qui n\u00e9cessitent un contr\u00f4le pr\u00e9cis des charges en courant continu. Gr\u00e2ce \u00e0 ses sp\u00e9cifications, elle convient \u00e0 une s\u00e9rie d'utilisations n\u00e9cessitant des capacit\u00e9s de traitement de tension et de courant \u00e9lev\u00e9es. La combinaison de sa puissance nominale et de sa capacit\u00e9 de commande \u00e0 distance permet des sc\u00e9narios de test polyvalents sans compromettre la flexibilit\u00e9 op\u00e9rationnelle.<\/p>","protected":false},"excerpt":{"rendered":"<p>DC E-load 500V\/30A\/750W ; 3U (Standard RS232\/USB)<\/p>","protected":false},"featured_media":11919,"comment_status":"closed","ping_status":"closed","template":"","meta":{"_acf_changed":false,"slim_seo":{"title":"IT8813B - YOTAVIS AG","description":"DC E-load 500V\/30A\/750W ; 3U (Standard RS232\/USB)"}},"product_brand":[822],"product_cat":[517,515],"product_tag":[],"class_list":{"0":"post-10865","1":"product","2":"type-product","3":"status-publish","4":"has-post-thumbnail","6":"product_brand-itech","7":"product_cat-dc-load-en","8":"product_cat-power-en","9":"pa_current-a-404","10":"pa_output-number-146","11":"pa_power-w-564","12":"pa_remote-control-yes","13":"pa_voltage-v-604","15":"first","16":"instock","17":"taxable","18":"shipping-taxable","19":"product-type-simple"},"acf":[],"_links":{"self":[{"href":"https:\/\/yotavis.ch\/fr\/wp-json\/wp\/v2\/product\/10865","targetHints":{"allow":["GET"]}}],"collection":[{"href":"https:\/\/yotavis.ch\/fr\/wp-json\/wp\/v2\/product"}],"about":[{"href":"https:\/\/yotavis.ch\/fr\/wp-json\/wp\/v2\/types\/product"}],"replies":[{"embeddable":true,"href":"https:\/\/yotavis.ch\/fr\/wp-json\/wp\/v2\/comments?post=10865"}],"wp:featuredmedia":[{"embeddable":true,"href":"https:\/\/yotavis.ch\/fr\/wp-json\/wp\/v2\/media\/11919"}],"wp:attachment":[{"href":"https:\/\/yotavis.ch\/fr\/wp-json\/wp\/v2\/media?parent=10865"}],"wp:term":[{"taxonomy":"product_brand","embeddable":true,"href":"https:\/\/yotavis.ch\/fr\/wp-json\/wp\/v2\/product_brand?post=10865"},{"taxonomy":"product_cat","embeddable":true,"href":"https:\/\/yotavis.ch\/fr\/wp-json\/wp\/v2\/product_cat?post=10865"},{"taxonomy":"product_tag","embeddable":true,"href":"https:\/\/yotavis.ch\/fr\/wp-json\/wp\/v2\/product_tag?post=10865"}],"curies":[{"name":"wp","href":"https:\/\/api.w.org\/{rel}","templated":true}]}}