{"id":10868,"date":"2025-10-09T00:00:00","date_gmt":"2025-10-08T22:00:00","guid":{"rendered":"https:\/\/yotavis.ch\/product\/it8814b\/"},"modified":"2026-04-24T13:45:45","modified_gmt":"2026-04-24T11:45:45","slug":"it8814b","status":"publish","type":"product","link":"https:\/\/yotavis.ch\/fr\/produit\/it8814b\/","title":{"rendered":"IT8814B"},"content":{"rendered":"<p>L'IT8814B est une charge \u00e9lectronique CC capable de g\u00e9rer jusqu'\u00e0 500 volts et 60 amp\u00e8res, avec une puissance maximale de 1200 watts. Il pr\u00e9sente un facteur de forme 3U et prend en charge les interfaces standard RS232 et USB pour la connectivit\u00e9. Ce mod\u00e8le comprend un canal de sortie et offre une fonctionnalit\u00e9 de contr\u00f4le \u00e0 distance, ce qui permet un fonctionnement flexible dans divers environnements de test. L'appareil est con\u00e7u pour g\u00e9rer efficacement les charges de haute puissance, ce qui le rend adapt\u00e9 aux applications n\u00e9cessitant un contr\u00f4le pr\u00e9cis du courant et de la tension. Ses sp\u00e9cifications robustes garantissent des performances fiables dans des conditions exigeantes. L'inclusion d'interfaces RS232 et USB facilite l'int\u00e9gration avec d'autres \u00e9quipements et syst\u00e8mes informatiques pour des tests automatis\u00e9s et l'acquisition de donn\u00e9es. L'IT8814B combine des capacit\u00e9s de tension et de courant \u00e9lev\u00e9es avec des options de contr\u00f4le pratiques dans un ch\u00e2ssis compact de 3U.<\/p>","protected":false},"excerpt":{"rendered":"<p>DC E-load 500V\/60A\/1200W ; 3U (Standard RS232\/USB)<\/p>","protected":false},"featured_media":11919,"comment_status":"closed","ping_status":"closed","template":"","meta":{"_acf_changed":false,"slim_seo":{"title":"IT8814B - YOTAVIS AG","description":"DC E-load 500V\/60A\/1200W ; 3U (Standard RS232\/USB)"}},"product_brand":[822],"product_cat":[517,515],"product_tag":[],"class_list":{"0":"post-10868","1":"product","2":"type-product","3":"status-publish","4":"has-post-thumbnail","6":"product_brand-itech","7":"product_cat-dc-load-en","8":"product_cat-power-en","9":"pa_current-a-406","10":"pa_output-number-146","11":"pa_power-w-479","12":"pa_remote-control-yes","13":"pa_voltage-v-604","15":"first","16":"instock","17":"taxable","18":"shipping-taxable","19":"product-type-simple"},"acf":[],"_links":{"self":[{"href":"https:\/\/yotavis.ch\/fr\/wp-json\/wp\/v2\/product\/10868","targetHints":{"allow":["GET"]}}],"collection":[{"href":"https:\/\/yotavis.ch\/fr\/wp-json\/wp\/v2\/product"}],"about":[{"href":"https:\/\/yotavis.ch\/fr\/wp-json\/wp\/v2\/types\/product"}],"replies":[{"embeddable":true,"href":"https:\/\/yotavis.ch\/fr\/wp-json\/wp\/v2\/comments?post=10868"}],"wp:featuredmedia":[{"embeddable":true,"href":"https:\/\/yotavis.ch\/fr\/wp-json\/wp\/v2\/media\/11919"}],"wp:attachment":[{"href":"https:\/\/yotavis.ch\/fr\/wp-json\/wp\/v2\/media?parent=10868"}],"wp:term":[{"taxonomy":"product_brand","embeddable":true,"href":"https:\/\/yotavis.ch\/fr\/wp-json\/wp\/v2\/product_brand?post=10868"},{"taxonomy":"product_cat","embeddable":true,"href":"https:\/\/yotavis.ch\/fr\/wp-json\/wp\/v2\/product_cat?post=10868"},{"taxonomy":"product_tag","embeddable":true,"href":"https:\/\/yotavis.ch\/fr\/wp-json\/wp\/v2\/product_tag?post=10868"}],"curies":[{"name":"wp","href":"https:\/\/api.w.org\/{rel}","templated":true}]}}