{"id":10873,"date":"2025-10-09T00:00:00","date_gmt":"2025-10-08T22:00:00","guid":{"rendered":"https:\/\/yotavis.ch\/product\/it8406-1200-75\/"},"modified":"2026-04-24T13:45:47","modified_gmt":"2026-04-24T11:45:47","slug":"it8406-1200-75","status":"publish","type":"product","link":"https:\/\/yotavis.ch\/fr\/produit\/it8406-1200-75\/","title":{"rendered":"IT8406-1200-75"},"content":{"rendered":"<p>L'IT8406-1200-75 est une charge \u00e9lectronique \u00e0 courant continu d'une puissance maximale de 6000 watts, capable de g\u00e9rer des tensions jusqu'\u00e0 1200 volts et des courants jusqu'\u00e0 75 amp\u00e8res. Elle comporte un seul canal de sortie et est con\u00e7ue dans un ch\u00e2ssis de taille 4U. L'appareil est dot\u00e9 d'une fonction de commande \u00e0 distance, ce qui permet de l'utiliser dans divers environnements de test. Les options de connectivit\u00e9 comprennent les interfaces standard LAN, USB, RS232, GPIB, CAN et analogique, offrant des capacit\u00e9s de communication polyvalentes pour l'int\u00e9gration avec d'autres \u00e9quipements. Cette charge \u00e9lectronique est fabriqu\u00e9e par ITECH, une marque connue pour ses instruments de pr\u00e9cision. La combinaison d'une tension et d'un courant nominaux \u00e9lev\u00e9s la rend adapt\u00e9e aux applications exigeantes n\u00e9cessitant des tests de charge CC fiables. Ses multiples options d'interface assurent la compatibilit\u00e9 avec une large gamme de syst\u00e8mes de contr\u00f4le et de configurations d'automatisation.<\/p>","protected":false},"excerpt":{"rendered":"<p>DC E-load 1200V\/75A\/6kW, taille 4U, LAN standard, USB, RS232, GPIB, CAN et interface analogique<\/p>","protected":false},"featured_media":11924,"comment_status":"closed","ping_status":"closed","template":"","meta":{"_acf_changed":false,"slim_seo":{"title":"IT8406-1200-75 - YOTAVIS AG","description":"DC E-load 1200V\/75A\/6kW, taille 4U, LAN standard, USB, RS232, GPIB, CAN et interface analogique"}},"product_brand":[822],"product_cat":[517,515],"product_tag":[],"class_list":{"0":"post-10873","1":"product","2":"type-product","3":"status-publish","4":"has-post-thumbnail","6":"product_brand-itech","7":"product_cat-dc-load-en","8":"product_cat-power-en","9":"pa_current-a-566","10":"pa_output-number-146","11":"pa_power-w-626","12":"pa_remote-control-yes","13":"pa_voltage-v-922","15":"first","16":"instock","17":"taxable","18":"shipping-taxable","19":"product-type-simple"},"acf":[],"_links":{"self":[{"href":"https:\/\/yotavis.ch\/fr\/wp-json\/wp\/v2\/product\/10873","targetHints":{"allow":["GET"]}}],"collection":[{"href":"https:\/\/yotavis.ch\/fr\/wp-json\/wp\/v2\/product"}],"about":[{"href":"https:\/\/yotavis.ch\/fr\/wp-json\/wp\/v2\/types\/product"}],"replies":[{"embeddable":true,"href":"https:\/\/yotavis.ch\/fr\/wp-json\/wp\/v2\/comments?post=10873"}],"wp:featuredmedia":[{"embeddable":true,"href":"https:\/\/yotavis.ch\/fr\/wp-json\/wp\/v2\/media\/11924"}],"wp:attachment":[{"href":"https:\/\/yotavis.ch\/fr\/wp-json\/wp\/v2\/media?parent=10873"}],"wp:term":[{"taxonomy":"product_brand","embeddable":true,"href":"https:\/\/yotavis.ch\/fr\/wp-json\/wp\/v2\/product_brand?post=10873"},{"taxonomy":"product_cat","embeddable":true,"href":"https:\/\/yotavis.ch\/fr\/wp-json\/wp\/v2\/product_cat?post=10873"},{"taxonomy":"product_tag","embeddable":true,"href":"https:\/\/yotavis.ch\/fr\/wp-json\/wp\/v2\/product_tag?post=10873"}],"curies":[{"name":"wp","href":"https:\/\/api.w.org\/{rel}","templated":true}]}}