{"id":10874,"date":"2025-10-09T00:00:00","date_gmt":"2025-10-08T22:00:00","guid":{"rendered":"https:\/\/yotavis.ch\/product\/it8412-600-300\/"},"modified":"2026-04-24T13:45:47","modified_gmt":"2026-04-24T11:45:47","slug":"it8412-600-300","status":"publish","type":"product","link":"https:\/\/yotavis.ch\/fr\/produit\/it8412-600-300\/","title":{"rendered":"IT8412-600-300"},"content":{"rendered":"<p>L'ITECH IT8412-600-300 est une charge \u00e9lectronique DC con\u00e7ue pour g\u00e9rer jusqu'\u00e0 600 volts et 300 amp\u00e8res, d\u00e9livrant une puissance maximale de 12 000 watts. Il est dot\u00e9 d'un seul canal de sortie et se pr\u00e9sente sous la forme d'un ch\u00e2ssis 8U. L'appareil prend en charge la fonctionnalit\u00e9 de contr\u00f4le \u00e0 distance, ce qui permet un fonctionnement flexible dans divers environnements de test. Les options de connectivit\u00e9 comprennent les interfaces standard LAN, USB, RS232, GPIB, CAN et analogique, offrant de multiples possibilit\u00e9s d'int\u00e9gration avec d'autres \u00e9quipements ou syst\u00e8mes de contr\u00f4le. Cette charge \u00e9lectronique convient aux applications n\u00e9cessitant des tests de charge CC pr\u00e9cis et fiables avec une capacit\u00e9 de puissance \u00e9lev\u00e9e. Ses options d'interface compl\u00e8tes garantissent la compatibilit\u00e9 avec une large gamme de configurations de contr\u00f4le et de surveillance, ce qui lui permet de s'adapter \u00e0 diff\u00e9rents sc\u00e9narios d'essai. Sa conception robuste et sa connectivit\u00e9 \u00e9tendue en font un outil polyvalent pour les essais et les \u00e9valuations \u00e9lectriques.<\/p>","protected":false},"excerpt":{"rendered":"<p>DC E-load 600V\/300A\/12kW, taille 8U, LAN standard, USB, RS232, GPIB, CAN et interface analogique<\/p>","protected":false},"featured_media":12373,"comment_status":"closed","ping_status":"closed","template":"","meta":{"_acf_changed":false,"slim_seo":{"title":"IT8412-600-300 - YOTAVIS AG","description":"DC E-load 600V\/300A\/12kW, taille 8U, LAN standard, USB, RS232, GPIB, CAN et interface analogique"}},"product_brand":[822],"product_cat":[517,515],"product_tag":[],"class_list":{"0":"post-10874","1":"product","2":"type-product","3":"status-publish","4":"has-post-thumbnail","6":"product_brand-itech","7":"product_cat-dc-load-en","8":"product_cat-power-en","9":"pa_current-a-636","10":"pa_output-number-146","11":"pa_power-w-628","12":"pa_remote-control-yes","13":"pa_voltage-v-920","15":"first","16":"instock","17":"taxable","18":"shipping-taxable","19":"product-type-simple"},"acf":[],"_links":{"self":[{"href":"https:\/\/yotavis.ch\/fr\/wp-json\/wp\/v2\/product\/10874","targetHints":{"allow":["GET"]}}],"collection":[{"href":"https:\/\/yotavis.ch\/fr\/wp-json\/wp\/v2\/product"}],"about":[{"href":"https:\/\/yotavis.ch\/fr\/wp-json\/wp\/v2\/types\/product"}],"replies":[{"embeddable":true,"href":"https:\/\/yotavis.ch\/fr\/wp-json\/wp\/v2\/comments?post=10874"}],"wp:featuredmedia":[{"embeddable":true,"href":"https:\/\/yotavis.ch\/fr\/wp-json\/wp\/v2\/media\/12373"}],"wp:attachment":[{"href":"https:\/\/yotavis.ch\/fr\/wp-json\/wp\/v2\/media?parent=10874"}],"wp:term":[{"taxonomy":"product_brand","embeddable":true,"href":"https:\/\/yotavis.ch\/fr\/wp-json\/wp\/v2\/product_brand?post=10874"},{"taxonomy":"product_cat","embeddable":true,"href":"https:\/\/yotavis.ch\/fr\/wp-json\/wp\/v2\/product_cat?post=10874"},{"taxonomy":"product_tag","embeddable":true,"href":"https:\/\/yotavis.ch\/fr\/wp-json\/wp\/v2\/product_tag?post=10874"}],"curies":[{"name":"wp","href":"https:\/\/api.w.org\/{rel}","templated":true}]}}