{"id":10875,"date":"2025-10-09T00:00:00","date_gmt":"2025-10-08T22:00:00","guid":{"rendered":"https:\/\/yotavis.ch\/product\/it8412-1200-150\/"},"modified":"2026-04-24T13:45:47","modified_gmt":"2026-04-24T11:45:47","slug":"it8412-1200-150","status":"publish","type":"product","link":"https:\/\/yotavis.ch\/fr\/produit\/it8412-1200-150\/","title":{"rendered":"IT8412-1200-150"},"content":{"rendered":"<p>L'ITECH IT8412-1200-150 est une charge \u00e9lectronique DC con\u00e7ue pour g\u00e9rer jusqu'\u00e0 1200 volts et 150 amp\u00e8res, d\u00e9livrant une puissance maximale de 12 000 watts. Il est dot\u00e9 d'un seul canal de sortie et se pr\u00e9sente sous la forme d'un ch\u00e2ssis 8U. L'appareil est dot\u00e9 d'une fonction de commande \u00e0 distance, ce qui permet de l'utiliser facilement \u00e0 distance. Les options de connectivit\u00e9 comprennent les interfaces standard LAN, USB, RS232, GPIB, CAN et analogique, offrant des capacit\u00e9s de communication polyvalentes pour l'int\u00e9gration dans diverses configurations de test. Cette charge \u00e9lectronique convient aux applications n\u00e9cessitant des tests de charge CC pr\u00e9cis et fiables avec des tensions et des courants nominaux \u00e9lev\u00e9s. Ses options d'interface compl\u00e8tes garantissent la compatibilit\u00e9 avec une large gamme de syst\u00e8mes de contr\u00f4le et d'environnements d'automatisation.<\/p>","protected":false},"excerpt":{"rendered":"<p>DC E-load 1200V\/150A\/12kW, taille 8U, LAN standard, USB, RS232, GPIB, CAN et interface analogique<\/p>","protected":false},"featured_media":12373,"comment_status":"closed","ping_status":"closed","template":"","meta":{"_acf_changed":false,"slim_seo":{"title":"IT8412-1200-150 - YOTAVIS AG","description":"DC E-load 1200V\/150A\/12kW, taille 8U, LAN standard, USB, RS232, GPIB, CAN et interface analogique"}},"product_brand":[822],"product_cat":[517,515],"product_tag":[],"class_list":{"0":"post-10875","1":"product","2":"type-product","3":"status-publish","4":"has-post-thumbnail","6":"product_brand-itech","7":"product_cat-dc-load-en","8":"product_cat-power-en","9":"pa_current-a-569","10":"pa_output-number-146","11":"pa_power-w-628","12":"pa_remote-control-yes","13":"pa_voltage-v-922","15":"first","16":"instock","17":"taxable","18":"shipping-taxable","19":"product-type-simple"},"acf":[],"_links":{"self":[{"href":"https:\/\/yotavis.ch\/fr\/wp-json\/wp\/v2\/product\/10875","targetHints":{"allow":["GET"]}}],"collection":[{"href":"https:\/\/yotavis.ch\/fr\/wp-json\/wp\/v2\/product"}],"about":[{"href":"https:\/\/yotavis.ch\/fr\/wp-json\/wp\/v2\/types\/product"}],"replies":[{"embeddable":true,"href":"https:\/\/yotavis.ch\/fr\/wp-json\/wp\/v2\/comments?post=10875"}],"wp:featuredmedia":[{"embeddable":true,"href":"https:\/\/yotavis.ch\/fr\/wp-json\/wp\/v2\/media\/12373"}],"wp:attachment":[{"href":"https:\/\/yotavis.ch\/fr\/wp-json\/wp\/v2\/media?parent=10875"}],"wp:term":[{"taxonomy":"product_brand","embeddable":true,"href":"https:\/\/yotavis.ch\/fr\/wp-json\/wp\/v2\/product_brand?post=10875"},{"taxonomy":"product_cat","embeddable":true,"href":"https:\/\/yotavis.ch\/fr\/wp-json\/wp\/v2\/product_cat?post=10875"},{"taxonomy":"product_tag","embeddable":true,"href":"https:\/\/yotavis.ch\/fr\/wp-json\/wp\/v2\/product_tag?post=10875"}],"curies":[{"name":"wp","href":"https:\/\/api.w.org\/{rel}","templated":true}]}}